{"id":4392,"date":"2023-08-29T14:35:30","date_gmt":"2023-08-29T13:35:30","guid":{"rendered":"https:\/\/skipasses.wpengine.com\/service\/"},"modified":"2025-10-17T13:50:26","modified_gmt":"2025-10-17T12:50:26","slug":"service","status":"publish","type":"page","link":"https:\/\/old.chamonixskipasses.com\/de\/service\/","title":{"rendered":"Mission"},"content":{"rendered":"<div class=\"fusion-fullwidth fullwidth-box fusion-builder-row-1 fusion-flex-container has-pattern-background has-mask-background nonhundred-percent-fullwidth non-hundred-percent-height-scrolling\" style=\"--awb-border-radius-top-left:0px;--awb-border-radius-top-right:0px;--awb-border-radius-bottom-right:0px;--awb-border-radius-bottom-left:0px;--awb-flex-wrap:wrap;\" ><div class=\"fusion-builder-row fusion-row fusion-flex-align-items-flex-start fusion-flex-content-wrap\" style=\"max-width:1414.4px;margin-left: calc(-4% \/ 2 );margin-right: calc(-4% \/ 2 );\"><div class=\"fusion-layout-column fusion_builder_column fusion-builder-column-0 fusion_builder_column_1_1 1_1 fusion-flex-column\" style=\"--awb-bg-size:cover;--awb-width-large:100%;--awb-margin-top-large:0px;--awb-spacing-right-large:1.92%;--awb-margin-bottom-large:20px;--awb-spacing-left-large:1.92%;--awb-width-medium:100%;--awb-order-medium:0;--awb-spacing-right-medium:1.92%;--awb-spacing-left-medium:1.92%;--awb-width-small:100%;--awb-order-small:0;--awb-spacing-right-small:1.92%;--awb-spacing-left-small:1.92%;\"><div class=\"fusion-column-wrapper fusion-column-has-shadow fusion-flex-justify-content-flex-start fusion-content-layout-column\"><div class=\"fusion-image-element \" style=\"text-align:center;--awb-caption-title-font-family:var(--h2_typography-font-family);--awb-caption-title-font-weight:var(--h2_typography-font-weight);--awb-caption-title-font-style:var(--h2_typography-font-style);--awb-caption-title-size:var(--h2_typography-font-size);--awb-caption-title-transform:var(--h2_typography-text-transform);--awb-caption-title-line-height:var(--h2_typography-line-height);--awb-caption-title-letter-spacing:var(--h2_typography-letter-spacing);\"><span class=\" fusion-imageframe imageframe-none imageframe-1 hover-type-none\"><img decoding=\"async\" width=\"1024\" height=\"375\" title=\"Chamonix Ski passes\" src=\"https:\/\/old.chamonixskipasses.com\/wp-content\/uploads\/2023\/09\/Ski_lift_-_Mont_Blanc_France_-_panoramio.jpeg\" alt class=\"img-responsive wp-image-4228\" srcset=\"https:\/\/old.chamonixskipasses.com\/wp-content\/uploads\/2023\/09\/Ski_lift_-_Mont_Blanc_France_-_panoramio-200x73.jpeg 200w, https:\/\/old.chamonixskipasses.com\/wp-content\/uploads\/2023\/09\/Ski_lift_-_Mont_Blanc_France_-_panoramio-400x146.jpeg 400w, https:\/\/old.chamonixskipasses.com\/wp-content\/uploads\/2023\/09\/Ski_lift_-_Mont_Blanc_France_-_panoramio-600x220.jpeg 600w, https:\/\/old.chamonixskipasses.com\/wp-content\/uploads\/2023\/09\/Ski_lift_-_Mont_Blanc_France_-_panoramio-800x293.jpeg 800w, https:\/\/old.chamonixskipasses.com\/wp-content\/uploads\/2023\/09\/Ski_lift_-_Mont_Blanc_France_-_panoramio.jpeg 1024w\" sizes=\"(max-width: 800px) 100vw, 1024px\" \/><\/span><\/div><div class=\"fusion-text fusion-text-1 changedh3\"><h1>Chamonix Skip\u00e4sse. Unsere Mission<\/h1>\n<\/div><div class=\"fusion-separator\" style=\"align-self: flex-start;margin-right:auto;margin-top:-30px;margin-bottom:20px;width:100%;max-width:100px;\"><div class=\"fusion-separator-border sep-single sep-solid\" style=\"--awb-height:20px;--awb-amount:20px;--awb-sep-color:#fd9d2a;border-color:#fd9d2a;border-top-width:3px;\"><\/div><\/div><div class=\"fusion-text fusion-text-2\"><p class=\"p1\"><span class=\"s1\">Wir versuchen, die beste Quelle f\u00fcr Chamonix-Skip\u00e4sse und Informationen im Chamonix-Tal zu sein. Wir haben in unsere Technologieplattform und unser Team investiert, damit Sie einen nahtlosen, sicheren und kosteng\u00fcnstigen Zugang zu den besten Chamonix-Skip\u00e4ssen haben. Wo immer m\u00f6glich, bieten wir R\u00fcckerstattungen an, und obwohl wir dies nach Covid-19 nicht garantieren k\u00f6nnen, haben wir einen erheblichen Einfluss im Tal und bei den verschiedenen Institutionen hier in Chamonix.<span class=\"Apple-converted-space\">\u00a0<\/span><\/span><\/p>\n<\/div><\/div><\/div><div class=\"fusion-layout-column fusion_builder_column fusion-builder-column-1 fusion_builder_column_1_1 1_1 fusion-flex-column\" style=\"--awb-bg-size:cover;--awb-width-large:100%;--awb-margin-top-large:0px;--awb-spacing-right-large:1.92%;--awb-margin-bottom-large:20px;--awb-spacing-left-large:1.92%;--awb-width-medium:100%;--awb-order-medium:0;--awb-spacing-right-medium:1.92%;--awb-spacing-left-medium:1.92%;--awb-width-small:100%;--awb-order-small:0;--awb-spacing-right-small:1.92%;--awb-spacing-left-small:1.92%;\"><div class=\"fusion-column-wrapper fusion-column-has-shadow fusion-flex-justify-content-flex-start fusion-content-layout-column\"><div class=\"fusion-text fusion-text-3\"><h3>Unser Service<\/h3>\n<\/div><div class=\"fusion-separator\" style=\"align-self: flex-start;margin-right:auto;margin-top:-30px;margin-bottom:20px;width:100%;max-width:160px;\"><div class=\"fusion-separator-border sep-single sep-solid\" style=\"--awb-height:20px;--awb-amount:20px;--awb-sep-color:#fd9d2a;border-color:#fd9d2a;border-top-width:3px;\"><\/div><\/div><div class=\"fusion-text fusion-text-4\"><p>Wir bieten Ihnen eine E-Commerce-Umgebung, damit Sie Ihren Chamonix-Skipass im Voraus vor Ihrem Urlaub kaufen k\u00f6nnen. Um es Ihnen einfach zu machen, sobald Sie Ihren Skipass kaufen und die ID-\u00dcberpr\u00fcfung der Kartenzahlung abschlie\u00dfen, erstellen wir Ihren Skipass und senden Ihnen detaillierte Informationen zur Verwendung Ihres Passes und zur Abholung.<\/p>\n<p>Mit der E-Mail erhalten Sie einen QR-Code, den Sie an der Basisstation jedes Liftgebiets und an einigen Orten in Chamonix und den anderen Hauptd\u00f6rfern verwenden k\u00f6nnen. Ein schneller Scan, und der Automat gibt Ihnen alle bestellten P\u00e4sse. Daf\u00fcr m\u00fcssen Sie nicht anstehen, und es dauert nur wenige Sekunden, um alle P\u00e4sse abzuholen. Es gibt auch einige Automaten im Tal und in der Umgebung, damit Sie Ihre P\u00e4sse bei Ihrer Ankunft oder davor abholen k\u00f6nnen. Sie k\u00f6nnen sie jederzeit abholen.<\/p>\n<\/div><\/div><\/div><div class=\"fusion-layout-column fusion_builder_column fusion-builder-column-2 fusion_builder_column_1_1 1_1 fusion-flex-column\" style=\"--awb-bg-size:cover;--awb-width-large:100%;--awb-margin-top-large:0px;--awb-spacing-right-large:1.92%;--awb-margin-bottom-large:20px;--awb-spacing-left-large:1.92%;--awb-width-medium:100%;--awb-order-medium:0;--awb-spacing-right-medium:1.92%;--awb-spacing-left-medium:1.92%;--awb-width-small:100%;--awb-order-small:0;--awb-spacing-right-small:1.92%;--awb-spacing-left-small:1.92%;\"><div class=\"fusion-column-wrapper fusion-column-has-shadow fusion-flex-justify-content-flex-start fusion-content-layout-column\"><div class=\"fusion-text fusion-text-5\"><h3>Unsere Garantien<\/h3>\n<\/div><div class=\"fusion-separator\" style=\"align-self: flex-start;margin-right:auto;margin-top:-30px;margin-bottom:20px;width:100%;max-width:220px;\"><div class=\"fusion-separator-border sep-single sep-solid\" style=\"--awb-height:20px;--awb-amount:20px;--awb-sep-color:#fd9d2a;border-color:#fd9d2a;border-top-width:3px;\"><\/div><\/div><div class=\"fusion-text fusion-text-6\"><ul>\n<li style=\"font-weight: 400;\" aria-level=\"1\"><span style=\"font-weight: 400;\">Eine sichere private Plattform zum Vorbestellen und Bezahlen Ihrer Skip\u00e4sse, betrieben von Stripe, Woo Commerce und vollst\u00e4ndig verschl\u00fcsselter Kartenzahlung. Wir wurden noch nie erfolgreich gehackt oder haben Kundeninformationen, Daten oder Geld verloren.<\/span><\/li>\n<li style=\"font-weight: 400;\" aria-level=\"1\"><span style=\"font-weight: 400;\">Sobald Sie Ihre Bestellung aufgegeben und bezahlt haben, garantieren wir Ihnen, Ihren Chamonix-Skipass rechtzeitig zu liefern, damit Sie gut vorbereitet und bereit f\u00fcr einen stressfreien Skiurlaub sind.<\/span><\/li>\n<li style=\"font-weight: 400;\" aria-level=\"1\"><span style=\"font-weight: 400;\">Wenn etwas schief geht, k\u00f6nnen Sie uns tags\u00fcber an jedem Tag der Woche oder des Jahres erreichen.<\/span><\/li>\n<li style=\"font-weight: 400;\" aria-level=\"1\"><span style=\"font-weight: 400;\">Unsere Investition in Technologie bedeutet, dass wir Ihnen die beste L\u00f6sung zum Kauf Ihrer Chamonix-Skip\u00e4sse in leicht verst\u00e4ndlicher Weise bieten.<\/span><\/li>\n<li style=\"font-weight: 400;\" aria-level=\"1\"><span style=\"font-weight: 400;\">Wir verkaufen Ihre Informationen oder pers\u00f6nlichen identifizierbaren Daten nicht.<\/span><\/li>\n<li style=\"font-weight: 400;\" aria-level=\"1\"><span style=\"font-weight: 400;\">Wir k\u00f6nnen Ihnen eine oder zwei E-Mail-Best\u00e4tigungen zu Ihrer Bestellung und neuen Preisen senden, missbrauchen jedoch nicht Ihren Posteingang mit Angeboten von Dritten.<\/span><\/li>\n<li style=\"font-weight: 400;\" aria-level=\"1\"><span style=\"font-weight: 400;\">Wir versprechen, jede Anfrage oder jedes Problem, das Sie haben, mit absoluter H\u00f6flichkeit und Respekt sowie konzentrierter Aufmerksamkeit und Geschwindigkeit zu behandeln. Bei seltener Gelegenheit, wenn wir einen Fehler machen (das passiert nur einmal im Jahr oder zwei), werden wir Sie ohne Z\u00f6gern oder Abzug wiederherstellen.<\/span><\/li>\n<li style=\"font-weight: 400;\" aria-level=\"1\"><span style=\"font-weight: 400;\">Manchmal muss das Liftunternehmen den Berg schlie\u00dfen oder die Anzahl der ge\u00f6ffneten Lifte einschr\u00e4nken, oder es gibt einen anderen Grund, warum das Resort oder die Skigebiete nicht normal betrieben werden k\u00f6nnen. In solchen F\u00e4llen werden wir unser Bestes tun, um Ihnen bei der R\u00fcckerstattung des Liftbetreibers zu helfen.<\/span><\/li>\n<\/ul>\n<\/div><\/div><\/div><div class=\"fusion-layout-column fusion_builder_column fusion-builder-column-3 fusion_builder_column_1_1 1_1 fusion-flex-column\" style=\"--awb-bg-size:cover;--awb-width-large:100%;--awb-margin-top-large:0px;--awb-spacing-right-large:1.92%;--awb-margin-bottom-large:20px;--awb-spacing-left-large:1.92%;--awb-width-medium:100%;--awb-order-medium:0;--awb-spacing-right-medium:1.92%;--awb-spacing-left-medium:1.92%;--awb-width-small:100%;--awb-order-small:0;--awb-spacing-right-small:1.92%;--awb-spacing-left-small:1.92%;\"><div class=\"fusion-column-wrapper fusion-column-has-shadow fusion-flex-justify-content-flex-start fusion-content-layout-column\"><div class=\"fusion-text fusion-text-7\"><h3>Was wir nicht tun k\u00f6nnen<\/h3>\n<\/div><div class=\"fusion-separator\" style=\"align-self: flex-start;margin-right:auto;margin-top:-30px;margin-bottom:20px;width:100%;max-width:280px;\"><div class=\"fusion-separator-border sep-single sep-solid\" style=\"--awb-height:20px;--awb-amount:20px;--awb-sep-color:#fd9d2a;border-color:#fd9d2a;border-top-width:3px;\"><\/div><\/div><div class=\"fusion-text fusion-text-8\"><ul>\n<li style=\"font-weight: 400;\" aria-level=\"1\"><span style=\"font-weight: 400;\">Wir k\u00f6nnen keinen gro\u00dfartigen Schnee oder gutes Wetter garantieren oder dass Sie eine gro\u00dfartige Zeit haben. Wir hoffen, dass Sie das Beste aus allen Situationen machen werden, die die Berge und Bergg\u00f6tter Ihnen und Ihren Freunden oder Ihrer Familie zu jedem Zeitpunkt vor, w\u00e4hrend oder nach Ihrer Reise nach Chamonix pr\u00e4sentieren.\u00a0<\/span><\/li>\n<li style=\"font-weight: 400;\" aria-level=\"1\"><span style=\"font-weight: 400;\">Sie w\u00fcrden staunen, wie viele Leute uns fragen, wie der Schnee, die Bedingungen oder das Wetter an einem zuk\u00fcnftigen Datum sein werden. Wir k\u00f6nnen versprechen, dass es Wetter geben wird, es kann Schnee oder Regen geben, der Himmel \u00fcber Ihnen ist und die Erde unten (es sei denn, Sie sind in der Luft, dann sind alle Wetten aus), und dass Sie, wenn Sie die Wahl zwischen Ihrem Arbeitsschreibtisch und Chamonix haben, die richtige Wahl getroffen haben, hier zu sein.<\/span><\/li>\n<li style=\"font-weight: 400;\" aria-level=\"1\"><span style=\"font-weight: 400;\">Wir k\u00f6nnen Ihnen keine Liebe, Romantik, Intimit\u00e4t oder die Wiederherstellung einer verlorenen Liebe anbieten. Wir k\u00f6nnen versuchen, Ihnen bei den Tr\u00e4nen zu helfen. Unsere eigenen Tr\u00e4nen haben zuweilen den Schnee schmelzen lassen, aber im Allgemeinen wird Ihnen die Zeit am Berg viel besser tun.<\/span><\/li>\n<li style=\"font-weight: 400;\" aria-level=\"1\"><span style=\"font-weight: 400;\">Chamonix Skip\u00e4sse sind gleichberechtigt, nicht wertend und unterst\u00fctzen ein positives K\u00f6rperbild. Wir k\u00f6nnen Ihnen nicht helfen, wenn Sie im Bett bleiben, anstatt auf den Berg zu gehen oder noch schlimmer, \u00fcberhaupt nicht nach Chamonix zu kommen. Das w\u00e4re sch\u00e4dlich f\u00fcr Ihr Selbstbild, Ihr Selbstwertgef\u00fchl und eine Beleidigung f\u00fcr das Abenteuer eines menschlichen Wesens. Tun Sie es nicht.<\/span><\/li>\n<li style=\"font-weight: 400;\" aria-level=\"1\"><span style=\"font-weight: 400;\">Warren Miller sagt: &#8222;Wenn Sie es dieses Jahr nicht tun, sind Sie nur ein Jahr \u00e4lter, wenn Sie es tun&#8220;. Tun Sie es dieses Jahr, da wir nicht garantieren k\u00f6nnen, dass Ihre Finanzen, Gesundheit und Fitness besser werden, wenn Sie warten.<\/span><\/li>\n<\/ul>\n<p><b>Wir lieben die Berge und haben gelernt, zu teilen&#8230;<\/b><\/p>\n<p><b>&#8222;Chamonix Skip\u00e4sse&#8220; ist ein Handelsname eines in Gro\u00dfbritannien registrierten Unternehmens, AD &amp; Co. Holdings Limited.<\/b><\/p>\n<\/div><\/div><\/div><\/div><\/div>\n","protected":false},"excerpt":{"rendered":"","protected":false},"author":2,"featured_media":0,"parent":0,"menu_order":0,"comment_status":"closed","ping_status":"closed","template":"100-width.php","meta":{"_acf_changed":false,"footnotes":""},"class_list":["post-4392","page","type-page","status-publish","hentry"],"acf":[],"yoast_head":"<!-- This site is optimized with the Yoast SEO plugin v25.9 - https:\/\/yoast.com\/wordpress\/plugins\/seo\/ -->\n<title>Chamonix Lift Passes Mission<\/title>\n<meta name=\"description\" content=\"Wir versuchen, die beste Quelle f\u00fcr Chamonix-Skip\u00e4sse und Informationen zum Skifahren im Chamonix-Tal zu sein.\" \/>\n<meta name=\"robots\" content=\"index, follow, max-snippet:-1, max-image-preview:large, max-video-preview:-1\" \/>\n<link rel=\"canonical\" href=\"https:\/\/old.chamonixskipasses.com\/de\/service\/\" \/>\n<meta property=\"og:locale\" content=\"de_DE\" \/>\n<meta property=\"og:type\" content=\"article\" \/>\n<meta property=\"og:title\" content=\"Chamonix Lift Passes Mission\" \/>\n<meta property=\"og:description\" content=\"Wir versuchen, die beste Quelle f\u00fcr Chamonix-Skip\u00e4sse und Informationen zum Skifahren im Chamonix-Tal zu sein.\" \/>\n<meta property=\"og:url\" content=\"https:\/\/old.chamonixskipasses.com\/de\/service\/\" \/>\n<meta property=\"og:site_name\" content=\"Chamonix Ski Passes and Early Bird passes\" \/>\n<meta property=\"article:publisher\" content=\"https:\/\/www.facebook.com\/chamonixskipasses\" \/>\n<meta property=\"article:modified_time\" content=\"2025-10-17T12:50:26+00:00\" \/>\n<meta property=\"og:image\" content=\"https:\/\/old.chamonixskipasses.com\/wp-content\/uploads\/2024\/12\/color-fav.png\" \/>\n\t<meta property=\"og:image:width\" content=\"304\" \/>\n\t<meta property=\"og:image:height\" content=\"305\" \/>\n\t<meta property=\"og:image:type\" content=\"image\/png\" \/>\n<meta name=\"twitter:card\" content=\"summary_large_image\" \/>\n<meta name=\"twitter:site\" content=\"@chamonixpasses\" \/>\n<meta name=\"twitter:label1\" content=\"Gesch\u00e4tzte Lesezeit\" \/>\n\t<meta name=\"twitter:data1\" content=\"12 Minuten\" \/>\n<script type=\"application\/ld+json\" class=\"yoast-schema-graph\">{\"@context\":\"https:\/\/schema.org\",\"@graph\":[{\"@type\":\"WebPage\",\"@id\":\"https:\/\/old.chamonixskipasses.com\/de\/service\/\",\"url\":\"https:\/\/old.chamonixskipasses.com\/de\/service\/\",\"name\":\"Chamonix Lift Passes Mission\",\"isPartOf\":{\"@id\":\"https:\/\/old.chamonixskipasses.com\/#website\"},\"datePublished\":\"2023-08-29T13:35:30+00:00\",\"dateModified\":\"2025-10-17T12:50:26+00:00\",\"description\":\"Wir versuchen, die beste Quelle f\u00fcr Chamonix-Skip\u00e4sse und Informationen zum Skifahren im Chamonix-Tal zu sein.\",\"breadcrumb\":{\"@id\":\"https:\/\/old.chamonixskipasses.com\/de\/service\/#breadcrumb\"},\"inLanguage\":\"de-DE\",\"potentialAction\":[{\"@type\":\"ReadAction\",\"target\":[\"https:\/\/old.chamonixskipasses.com\/de\/service\/\"]}]},{\"@type\":\"BreadcrumbList\",\"@id\":\"https:\/\/old.chamonixskipasses.com\/de\/service\/#breadcrumb\",\"itemListElement\":[{\"@type\":\"ListItem\",\"position\":1,\"name\":\"Home\",\"item\":\"https:\/\/old.chamonixskipasses.com\/de\/neues-zuhause\/\"},{\"@type\":\"ListItem\",\"position\":2,\"name\":\"Mission\"}]},{\"@type\":\"WebSite\",\"@id\":\"https:\/\/old.chamonixskipasses.com\/#website\",\"url\":\"https:\/\/old.chamonixskipasses.com\/\",\"name\":\"Chamonix Ski Passes and Early Bird passes\",\"description\":\"Official Chamonix lift passes\",\"publisher\":{\"@id\":\"https:\/\/old.chamonixskipasses.com\/#organization\"},\"potentialAction\":[{\"@type\":\"SearchAction\",\"target\":{\"@type\":\"EntryPoint\",\"urlTemplate\":\"https:\/\/old.chamonixskipasses.com\/?s={search_term_string}\"},\"query-input\":{\"@type\":\"PropertyValueSpecification\",\"valueRequired\":true,\"valueName\":\"search_term_string\"}}],\"inLanguage\":\"de-DE\"},{\"@type\":\"Organization\",\"@id\":\"https:\/\/old.chamonixskipasses.com\/#organization\",\"name\":\"Chamonix Ski Passes and Early Bird passes\",\"url\":\"https:\/\/old.chamonixskipasses.com\/\",\"logo\":{\"@type\":\"ImageObject\",\"inLanguage\":\"de-DE\",\"@id\":\"https:\/\/old.chamonixskipasses.com\/#\/schema\/logo\/image\/\",\"url\":\"https:\/\/old.chamonixskipasses.com\/wp-content\/uploads\/2024\/12\/color-fav.png\",\"contentUrl\":\"https:\/\/old.chamonixskipasses.com\/wp-content\/uploads\/2024\/12\/color-fav.png\",\"width\":304,\"height\":305,\"caption\":\"Chamonix Ski Passes and Early Bird passes\"},\"image\":{\"@id\":\"https:\/\/old.chamonixskipasses.com\/#\/schema\/logo\/image\/\"},\"sameAs\":[\"https:\/\/www.facebook.com\/chamonixskipasses\",\"https:\/\/x.com\/chamonixpasses\",\"https:\/\/www.instagram.com\/chamonixskipasses\/\",\"https:\/\/www.linkedin.com\/company\/chamonix-ski-passes\/about\/\"]}]}<\/script>\n<!-- \/ Yoast SEO plugin. -->","yoast_head_json":{"title":"Chamonix Lift Passes Mission","description":"Wir versuchen, die beste Quelle f\u00fcr Chamonix-Skip\u00e4sse und Informationen zum Skifahren im Chamonix-Tal zu sein.","robots":{"index":"index","follow":"follow","max-snippet":"max-snippet:-1","max-image-preview":"max-image-preview:large","max-video-preview":"max-video-preview:-1"},"canonical":"https:\/\/old.chamonixskipasses.com\/de\/service\/","og_locale":"de_DE","og_type":"article","og_title":"Chamonix Lift Passes Mission","og_description":"Wir versuchen, die beste Quelle f\u00fcr Chamonix-Skip\u00e4sse und Informationen zum Skifahren im Chamonix-Tal zu sein.","og_url":"https:\/\/old.chamonixskipasses.com\/de\/service\/","og_site_name":"Chamonix Ski Passes and Early Bird passes","article_publisher":"https:\/\/www.facebook.com\/chamonixskipasses","article_modified_time":"2025-10-17T12:50:26+00:00","og_image":[{"width":304,"height":305,"url":"https:\/\/old.chamonixskipasses.com\/wp-content\/uploads\/2024\/12\/color-fav.png","type":"image\/png"}],"twitter_card":"summary_large_image","twitter_site":"@chamonixpasses","twitter_misc":{"Gesch\u00e4tzte Lesezeit":"12 Minuten"},"schema":{"@context":"https:\/\/schema.org","@graph":[{"@type":"WebPage","@id":"https:\/\/old.chamonixskipasses.com\/de\/service\/","url":"https:\/\/old.chamonixskipasses.com\/de\/service\/","name":"Chamonix Lift Passes Mission","isPartOf":{"@id":"https:\/\/old.chamonixskipasses.com\/#website"},"datePublished":"2023-08-29T13:35:30+00:00","dateModified":"2025-10-17T12:50:26+00:00","description":"Wir versuchen, die beste Quelle f\u00fcr Chamonix-Skip\u00e4sse und Informationen zum Skifahren im Chamonix-Tal zu sein.","breadcrumb":{"@id":"https:\/\/old.chamonixskipasses.com\/de\/service\/#breadcrumb"},"inLanguage":"de-DE","potentialAction":[{"@type":"ReadAction","target":["https:\/\/old.chamonixskipasses.com\/de\/service\/"]}]},{"@type":"BreadcrumbList","@id":"https:\/\/old.chamonixskipasses.com\/de\/service\/#breadcrumb","itemListElement":[{"@type":"ListItem","position":1,"name":"Home","item":"https:\/\/old.chamonixskipasses.com\/de\/neues-zuhause\/"},{"@type":"ListItem","position":2,"name":"Mission"}]},{"@type":"WebSite","@id":"https:\/\/old.chamonixskipasses.com\/#website","url":"https:\/\/old.chamonixskipasses.com\/","name":"Chamonix Ski Passes and Early Bird passes","description":"Official Chamonix lift passes","publisher":{"@id":"https:\/\/old.chamonixskipasses.com\/#organization"},"potentialAction":[{"@type":"SearchAction","target":{"@type":"EntryPoint","urlTemplate":"https:\/\/old.chamonixskipasses.com\/?s={search_term_string}"},"query-input":{"@type":"PropertyValueSpecification","valueRequired":true,"valueName":"search_term_string"}}],"inLanguage":"de-DE"},{"@type":"Organization","@id":"https:\/\/old.chamonixskipasses.com\/#organization","name":"Chamonix Ski Passes and Early Bird passes","url":"https:\/\/old.chamonixskipasses.com\/","logo":{"@type":"ImageObject","inLanguage":"de-DE","@id":"https:\/\/old.chamonixskipasses.com\/#\/schema\/logo\/image\/","url":"https:\/\/old.chamonixskipasses.com\/wp-content\/uploads\/2024\/12\/color-fav.png","contentUrl":"https:\/\/old.chamonixskipasses.com\/wp-content\/uploads\/2024\/12\/color-fav.png","width":304,"height":305,"caption":"Chamonix Ski Passes and Early Bird passes"},"image":{"@id":"https:\/\/old.chamonixskipasses.com\/#\/schema\/logo\/image\/"},"sameAs":["https:\/\/www.facebook.com\/chamonixskipasses","https:\/\/x.com\/chamonixpasses","https:\/\/www.instagram.com\/chamonixskipasses\/","https:\/\/www.linkedin.com\/company\/chamonix-ski-passes\/about\/"]}]}},"_links":{"self":[{"href":"https:\/\/old.chamonixskipasses.com\/de\/wp-json\/wp\/v2\/pages\/4392","targetHints":{"allow":["GET"]}}],"collection":[{"href":"https:\/\/old.chamonixskipasses.com\/de\/wp-json\/wp\/v2\/pages"}],"about":[{"href":"https:\/\/old.chamonixskipasses.com\/de\/wp-json\/wp\/v2\/types\/page"}],"author":[{"embeddable":true,"href":"https:\/\/old.chamonixskipasses.com\/de\/wp-json\/wp\/v2\/users\/2"}],"replies":[{"embeddable":true,"href":"https:\/\/old.chamonixskipasses.com\/de\/wp-json\/wp\/v2\/comments?post=4392"}],"version-history":[{"count":0,"href":"https:\/\/old.chamonixskipasses.com\/de\/wp-json\/wp\/v2\/pages\/4392\/revisions"}],"wp:attachment":[{"href":"https:\/\/old.chamonixskipasses.com\/de\/wp-json\/wp\/v2\/media?parent=4392"}],"curies":[{"name":"wp","href":"https:\/\/api.w.org\/{rel}","templated":true}]}}