{"id":4526,"date":"2023-08-11T18:23:36","date_gmt":"2023-08-11T18:23:36","guid":{"rendered":"https:\/\/skipasses.wpengine.com\/product\/mont-blanc-unlimited-first-snow\/"},"modified":"2025-09-10T12:23:23","modified_gmt":"2025-09-10T11:23:23","slug":"mont-blanc-unlimited-erster-schnee","status":"publish","type":"product","link":"https:\/\/old.chamonixskipasses.com\/de\/produkt\/mont-blanc-unlimited-erster-schnee\/","title":{"rendered":"Mont Blanc Unlimited First Snow <a class=\"info-btn\" href=\"https:\/\/old.chamonixskipasses.com\/mont-blanc-unlimited-first-snow\/\">Mehr Info<\/a>"},"content":{"rendered":"<h2><span style=\"color: #ff0000;\"><strong>Willkommen im Winter 2025<\/strong><\/span><\/h2>\n<p>&nbsp;<\/p>\n<h3>MONT BLANC UNLIMITED FIRST SNOW ERM\u00c4SSIGTER SKIPASS<\/h3>\n<p>&nbsp;<\/p>\n<p>Die Mont Blanc Unlimited First Snow P\u00e4sse k\u00f6nnen bis zum 19. Dezember gekauft und genutzt werden und sind f\u00fcr alle Lifte in Chamonix und Les Houches sowie f\u00fcr die unten aufgef\u00fchrten Lifte g\u00fcltig. Sie k\u00f6nnen diesen Pass nur kaufen, wenn Sie innerhalb der Region Ski fahren: <\/p>\n<p>&nbsp;<\/p>\n<p><strong>Samstag 15. November 2025 &#8211; Freitag 19. Dezember 2025<\/strong><\/p>\n<div class=\"pd-cnt-sec\">\n<p><!--more--><\/p>\n<p>&nbsp;<\/p>\n<p><strong>Wenn Sie zu einer anderen Zeit Skifahren, schauen Sie sich bitte die Optionen Mont Blanc Unlimited oder Chamonix Le Pass an. Wenn Ihre Daten in einige der oben genannten Zeitr\u00e4ume fallen, k\u00f6nnen Sie f\u00fcr jeden Zeitraum einen separaten Pass kaufen, zum Beispiel ein paar Tage Early Bird und ein paar Tage eines anderen Pass-Typs.<\/strong><\/p>\n<p>&nbsp;<\/p>\n<p>Bitte schauen Sie sich die Optionen Mont Blanc Unlimited und Chamonix Le Pass f\u00fcr P\u00e4sse au\u00dferhalb dieser Daten an.<\/p>\n<p>&nbsp;<\/p>\n<p>Die Preise gelten f\u00fcr die Abzeichen, die Anzahl der Tage und die Versicherung. Sie erhalten eine E-Mail mit einem QR-Code f\u00fcr Ihre Bestellung, den Sie an einer der Liftstationen sowie an einigen Stellen im Tal an &#8222;Pick up boxes&#8220; verwenden. Sie scannen den Code einfach mit Ihrem Smartphone und die P\u00e4sse werden f\u00fcr Sie ausgedruckt. Kein Anstehen oder Stress. Bei P\u00e4ssen f\u00fcr 10 Tage oder l\u00e4nger (mit Fotos) und Familienp\u00e4ssen liefern wir Ihnen die P\u00e4sse vor dem Skifahren im Skigebiet pers\u00f6nlich aus oder bringen sie in Ihr Hotel, Chalet oder Apartment.    <\/p>\n<p data-placeholder=\"Translation\"><strong>Die Liftgesellschaft wird diese P\u00e4sse nicht zur\u00fcckerstatten, und wir k\u00f6nnen dies leider auch nicht, es sei denn, es besteht eine Versicherung.<\/strong><\/p>\n<ul>\n<li>Wenn sich Ihr Zeitraum mit der Hochsaison \u00fcberschneidet, ben\u00f6tigen Sie f\u00fcr jeden Zeitraum einen Pass<\/li>\n<li>Jeder Pass muss mit einer &#8222;Smart Card&#8220; oder einem so genannten Badge gekauft werden, der 3,00 \u20ac pro Pass und Zeitraum kostet.<\/li>\n<li>Preise, Bedingungen und Konditionen sind abh\u00e4ngig von der Liftgesellschaft und k\u00f6nnen sich \u00e4ndern. Wir k\u00f6nnen Ihre einmal best\u00e4tigte Bestellung nicht mehr \u00e4ndern. <\/li>\n<\/ul>\n<p>FAMILIENP\u00c4SSE beinhalten 2 Erwachsene und 2 Kinder (zwischen 6 und 14 Jahren) sowie bis zu 3 weitere Kinder kostenlos, mit Ausnahme der Kosten f\u00fcr den Badge (3,00 \u20ac pro Kind) und der E-Gloo-Versicherung (3,60 \u20ac pro Pass und Tag), falls erforderlich.<\/p>\n<p>&nbsp;<\/p>\n<p>LIFT PASSES SIND KOSTENLOS f\u00fcr Kinder unter 5 Jahren, die Sie an jeder Liftstation abholen k\u00f6nnen.<\/p>\n<p>&nbsp;<\/p>\n<p>Wir empfehlen Ihnen, eine Reiseversicherung f\u00fcr Ihre Reise, Ihre Unterkunft und Ihre Aktivit\u00e4ten abzuschlie\u00dfen und empfehlen Ihnen dringend, die mit den Skip\u00e4ssen angebotene Versicherung abzuschlie\u00dfen.<\/p>\n<h3><\/h3>\n<h3>SEHEN SIE DIE <a href=\"https:\/\/old.chamonixskipasses.com\/de\/optional-insurance\/\">VERSICHERUNGSDETAILS HIER<\/a><\/h3>\n<p><strong>Was der Mont Blanc Unlimited Pass beinhaltet<\/strong><\/p>\n<h3>COVERAGE<\/h3>\n<p>Diese P\u00e4sse sind bis zum Ende der Saison erh\u00e4ltlich und k\u00f6nnen online f\u00fcr eine Dauer von 2 Tagen oder l\u00e4nger gekauft werden.<\/p>\n<ul>\n<li>Jeder Pass muss mit einer &#8222;Smart Card&#8220; oder einem so genannten Badge erworben werden, der 3,00 \u20ac pro Pass kostet.<\/li>\n<li>Preise, Bedingungen und Konditionen sind abh\u00e4ngig von der Liftgesellschaft<\/li>\n<li>Bitte teilen Sie uns Ihren vollst\u00e4ndigen Namen und Ihr Geburtsdatum mit, wenn Sie eine Versicherung abgeschlossen haben und\/oder eine nicht erwachsene Person in der Gruppe ist und\/oder Ihr Pass l\u00e4nger als 9 Tage ist.<\/li>\n<\/ul>\n<p>FAMILIENP\u00c4SSE beinhalten 2 Erwachsene und 2 Kinder (5 bis 14 Jahre) sowie bis zu 3 weitere Kinder kostenlos, mit Ausnahme der Kosten f\u00fcr den Badge (3,00 \u20ac pro Kind) und die E-Gloo-Versicherung (3,60 \u20ac pro Pass und Tag). Kinder unter 5 Jahren haben Anspruch auf eine Freikarte, die Sie an einer der Liftstationen abholen k\u00f6nnen. <\/p>\n<p>F\u00fcr weitere Informationen \u00fcber die E-gloo Versicherung <a href=\"https:\/\/www.e-gloo.eu\/english\/assurance-ski.php\" target=\"_blank\" rel=\"noopener\">klicken Sie hier.<\/a><\/p>\n<p>Wir empfehlen Ihnen, eine Reiseversicherung abzuschlie\u00dfen, die Ihre Reise, Ihre Unterkunft und die Aktivit\u00e4ten in Ihrem Urlaub abdeckt.<\/p>\n<p>&nbsp;<\/p>\n<h3><strong>WAS DER PASS ABDECKT<\/strong><\/h3>\n<p><strong>SKIGEBIETE, GEBIETE UND LIFTE<\/strong><\/p>\n<p>&nbsp;<\/p>\n<p>Unbegrenzter Zugang zu den Gebieten von Chamonix:<\/p>\n<p>&nbsp;<\/p>\n<p><strong>Chamonix <\/strong>&#8211; Les Br\u00e9vent &amp; La Fl\u00e9g\u00e8re, Le Balme Gebiet (Le Tour &#8211; Vallorcine), Grands Montets (Argenti\u00e8re), Les Planards, Le Savoy, Les Chosalets, La Vormaine (Familienskigebiete in geringer H\u00f6he), Aiguille du Midi Seilbahn, Montenvers Zug, Gondel &amp; Eish\u00f6hle<\/p>\n<p>&nbsp;<\/p>\n<p><strong>Les Houches &amp;<\/strong> <strong>Meg\u00e8ve<\/strong> Evasion Mont-Blanc &#8211; Meg\u00e8ve &#8211; Evasion Mont Blanc g\u00fcltig mit 2 Tagesp\u00e4ssen oder l\u00e4nger einschlie\u00dflich Rochebrune &#8211; C\u00f4te 2000, St. Gervais Mont-Blanc, St. Nicolas de V\u00e9roce, Les Contamines &#8211; Hauteluce, Jaillet &#8211; Combloux, La Giettaz<\/p>\n<p>&nbsp;<\/p>\n<p><strong>Courmayeur &amp; Skyway<\/strong>, Italien (mit 2 bis 21 Tagesp\u00e4ssen) &#8211; T\u00e4glich (erkundigen Sie sich nach den Fahrpl\u00e4nen) Sonderpreis (f\u00fcr Hin- und R\u00fcckfahrt). <a href=\"http:\/\/www.estore.arriva.it\" target=\"_blank\" rel=\"noopener\">Klicken Sie hier<\/a> f\u00fcr Buchungsinformationen. <strong>Achtung: Sie m\u00fcssen 1 Stunde nach dem Kauf warten, bevor Ihr Chamonix-Pass in Courmayeur g\u00fcltig ist<\/strong>.<\/p>\n<p>&nbsp;<\/p>\n<p><strong>Crans Montana <\/strong>Schweiz*<strong>( <\/strong>mit 1 Tag pro 2-4 Tageskarten und bis zu 2 Tagen pro 5 bis 21 Tageskarte).<\/p>\n<p>&nbsp;<\/p>\n<p><strong>ANDERE VORTEILE<\/strong><\/p>\n<\/div>\n<p>&nbsp;<\/p>\n<p>&nbsp;<\/p>\n<div class=\"pd-cnt-sec\">\n<p>Evasion Mont-Blanc Busse: <a href=\"http:\/\/www.montblancnaturalresort.com\">Meg\u00e8ve von &amp; nach Chamonix<\/a> \/ kostenlos auf Reservierung (2 bis 21 Tageskarten)<\/p>\n<p>&nbsp;<\/p>\n<p>Zugang zum Expresszug TER Mont-Blanc (von und nach St-Gervais les Bains \/ Le Fayet (1 bis 21 Tageskarten)<\/p>\n<p>&nbsp;<\/p>\n<p>Mont Blanc Tunnel Erm\u00e4\u00dfigung f\u00fcr 2 bis 21 Tage, wenn Sie sich am Vortag anmelden und buchen<\/p>\n<p>&nbsp;<\/p>\n<p>Cham Val&#8216; Vorteile (3 bis 21 Tage Pass). Die &#8220; CHAM&#8217;VAL &#8220; unbegrenzte (sofern nicht anders angegeben oder vorbehaltlich der \u00d6ffnung und \u00c4nderung ohne Vorank\u00fcndigung) Nutzung von: <\/p>\n<p>&nbsp;<\/p>\n<p>&#8211; Sportzentrum Richard Bozon (Schwimmbad + Sauna + Hammam)<br \/>\n&#8211; Les Planards &#8222;Schlitten auf Schienen&#8220; &#8211; 1 Abfahrt mit einem 3 bis 21-Tage-Pass<br \/>\n&#8211; Eisbahn Chamonix (Standort patins inbegriffen)<br \/>\n&#8211; Montagnard-Museum in les Houches<br \/>\n&#8211; Alpin-Museum<br \/>\n&#8211; Espace Tairraz<br \/>\n&#8211; Maison de l&#8217;Alpage<br \/>\n&#8211; Maison de la M\u00e9moire et du Patrimoine<br \/>\n&#8211; Fitnessbereich<br \/>\n&#8211; Langlaufski: T\u00e4glicher Zugang zu den Langlaufloipen im gesamten Tal von Vallorcine bis Argenti\u00e8re, Chamonix, Les Houches &amp; Servoz (kostenloser bedingter Zugang). Legen Sie einfach einen g\u00fcltigen &#8222;MONT BLANC Unlimited&#8220;-Pass f\u00fcr 3 bis 21 Tage im Langlaufb\u00fcro von Chamonix oder Vallorcine (in der N\u00e4he des Bahnhofs) vor, um ein t\u00e4gliches Zugangsarmband zu erhalten. Die Langlaufausr\u00fcstung ist NICHT inbegriffen, kann aber in Sportgesch\u00e4ften oder im Langlaufb\u00fcro von Vallorcine ausgeliehen werden. Sie k\u00f6nnen die Leistung einmal pro Tag und Aktivit\u00e4t in Anspruch nehmen.<br \/>\n&#8211; Kostenlose Busverbindung von Chamonix nach Vallorcine.<br \/>\n&#8211; Cinema Vox Der Platz kostet \u20ac9,00\u20ac (2025\/6 Preis\u00e4nderungen vorbehalten, Stand zum Zeitpunkt der Ver\u00f6ffentlichung). Keine Beschr\u00e4nkung auf die Anzahl der Sitzungen &#8211; Preis pro Sitzung <\/p>\n<\/div>\n<p>&nbsp;<\/p>\n<p>&nbsp;<\/p>\n<div class=\"pd-cnt-sec\">\n<p><strong><em>Wir lieben die Berge und haben gelernt, zu teilen&#8230;<\/em><\/strong><\/p>\n<\/div>\n","protected":false},"excerpt":{"rendered":"<p><strong>WINTER 2025 &#8220; ERSTER SCHNEE &#8222;<\/strong><\/p>\n<p>Skifahren vor der Saison (wenn die Lifte ge\u00f6ffnet sind) von Freitag, 15. November bis 19. Dezember 2025<\/p>\n<h2><span style=\"color: #ff0000;\"><strong>JETZT ZU KAUFEN<\/strong><\/span><\/h2>\n<p><strong>SCHRITT 1 &#8211; W\u00e4hlen und bezahlen Sie Ihren Pass oder Ihre P\u00e4sse<\/strong><\/p>\n<p><strong>SCHRITT 2 &#8211; Pr\u00fcfen Sie Ihre E-Mail auf die Bestellbest\u00e4tigung<\/strong><\/p>\n<p><strong>SCHRITT 3 &#8211; Warten Sie bitte auf unsere E-Mail mit Ihrem(n) QR-Code(s)<\/strong><\/p>\n<p><strong>SCHRITT 4 &#8211; Holen Sie sich Ihre P\u00e4sse mit dem QR-Code an unseren &#8222;Abholboxen&#8220; ohne Anstehen<\/strong><strong> (wir schicken Ihnen eine Karte)<\/strong><\/p>\n<p><strong>SCHRITT 5 &#8211; Haben Sie viel Spa\u00df!<\/strong><\/p>\n<p data-placeholder=\"Translation\"><strong>Bitte pr\u00fcfen Sie die <a href=\"https:\/\/old.chamonixskipasses.com\/terms-conditions\/\">Bedingungen und Konditionen<\/a><\/strong><\/p>\n<h4 data-placeholder=\"Translation\">Wenn Sie einen Familienpass kaufen, sind zwei Erwachsene und zwei Kinder inbegriffen. F\u00fcr die zus\u00e4tzlichen Kinder w\u00e4hlen Sie bitte die ben\u00f6tigten Ausweise in den Kontrollk\u00e4stchen aus, um die Kinder hinzuzuf\u00fcgen und \u00fcberpr\u00fcfen Sie bei Bedarf die Versicherung f\u00fcr jedes Kind. <\/h4>\n<h4 data-placeholder=\"Translation\"><strong>KUNDENHOTLINE +33 (0) 7 72 69 19 38<\/strong><\/h4>\n","protected":false},"featured_media":4147,"comment_status":"closed","ping_status":"closed","template":"","meta":{"_acf_changed":false},"product_brand":[],"product_cat":[149],"product_tag":[211],"class_list":{"0":"post-4526","1":"product","2":"type-product","3":"status-publish","4":"has-post-thumbnail","6":"product_cat-mbu-fs-de","7":"product_tag-sku-mbu-fs-de","8":"tm-has-options","10":"first","11":"outofstock","12":"shipping-taxable","13":"purchasable","14":"product-type-simple"},"acf":[],"yoast_head":"<!-- This site is optimized with the Yoast SEO plugin v25.9 - https:\/\/yoast.com\/wordpress\/plugins\/seo\/ -->\n<title>Mont Blanc Unlimited First Snow Mehr Info Skip\u00e4sse<\/title>\n<meta name=\"description\" content=\"Der Mont Blanc Unlimited First Snow Liftpass ist f\u00fcr das Skifahren in Chamonix erm\u00e4\u00dfigt, vorbehaltlich fr\u00fchzeitiger Schneef\u00e4lle und Lift\u00f6ffnung.\" \/>\n<meta name=\"robots\" content=\"index, follow, max-snippet:-1, max-image-preview:large, max-video-preview:-1\" \/>\n<link rel=\"canonical\" href=\"https:\/\/old.chamonixskipasses.com\/de\/produkt\/mont-blanc-unlimited-erster-schnee\/\" \/>\n<meta property=\"og:locale\" content=\"de_DE\" \/>\n<meta property=\"og:type\" content=\"article\" \/>\n<meta property=\"og:title\" content=\"Mont Blanc Unlimited First Snow Mehr Info Skip\u00e4sse\" \/>\n<meta property=\"og:description\" content=\"Der Mont Blanc Unlimited First Snow Liftpass ist f\u00fcr das Skifahren in Chamonix erm\u00e4\u00dfigt, vorbehaltlich fr\u00fchzeitiger Schneef\u00e4lle und Lift\u00f6ffnung.\" \/>\n<meta property=\"og:url\" content=\"https:\/\/old.chamonixskipasses.com\/de\/produkt\/mont-blanc-unlimited-erster-schnee\/\" \/>\n<meta property=\"og:site_name\" content=\"Chamonix Ski Passes and Early Bird passes\" \/>\n<meta property=\"article:publisher\" content=\"https:\/\/www.facebook.com\/chamonixskipasses\" \/>\n<meta property=\"article:modified_time\" content=\"2025-09-10T11:23:23+00:00\" \/>\n<meta property=\"og:image\" content=\"https:\/\/old.chamonixskipasses.com\/wp-content\/uploads\/2023\/09\/cham-fs-1.jpg\" \/>\n\t<meta property=\"og:image:width\" content=\"358\" \/>\n\t<meta property=\"og:image:height\" content=\"494\" \/>\n\t<meta property=\"og:image:type\" content=\"image\/jpeg\" \/>\n<meta name=\"twitter:card\" content=\"summary_large_image\" \/>\n<meta name=\"twitter:site\" content=\"@chamonixpasses\" \/>\n<meta name=\"twitter:label1\" content=\"Gesch\u00e4tzte Lesezeit\" \/>\n\t<meta name=\"twitter:data1\" content=\"5 Minuten\" \/>\n<script type=\"application\/ld+json\" class=\"yoast-schema-graph\">{\"@context\":\"https:\/\/schema.org\",\"@graph\":[{\"@type\":\"WebPage\",\"@id\":\"https:\/\/old.chamonixskipasses.com\/de\/produkt\/mont-blanc-unlimited-erster-schnee\/\",\"url\":\"https:\/\/old.chamonixskipasses.com\/de\/produkt\/mont-blanc-unlimited-erster-schnee\/\",\"name\":\"Mont Blanc Unlimited First Snow Mehr Info Skip\u00e4sse\",\"isPartOf\":{\"@id\":\"https:\/\/old.chamonixskipasses.com\/#website\"},\"primaryImageOfPage\":{\"@id\":\"https:\/\/old.chamonixskipasses.com\/de\/produkt\/mont-blanc-unlimited-erster-schnee\/#primaryimage\"},\"image\":{\"@id\":\"https:\/\/old.chamonixskipasses.com\/de\/produkt\/mont-blanc-unlimited-erster-schnee\/#primaryimage\"},\"thumbnailUrl\":\"https:\/\/old.chamonixskipasses.com\/wp-content\/uploads\/2023\/09\/cham-fs-1.jpg\",\"datePublished\":\"2023-08-11T18:23:36+00:00\",\"dateModified\":\"2025-09-10T11:23:23+00:00\",\"description\":\"Der Mont Blanc Unlimited First Snow Liftpass ist f\u00fcr das Skifahren in Chamonix erm\u00e4\u00dfigt, vorbehaltlich fr\u00fchzeitiger Schneef\u00e4lle und Lift\u00f6ffnung.\",\"breadcrumb\":{\"@id\":\"https:\/\/old.chamonixskipasses.com\/de\/produkt\/mont-blanc-unlimited-erster-schnee\/#breadcrumb\"},\"inLanguage\":\"de-DE\",\"potentialAction\":[{\"@type\":\"ReadAction\",\"target\":[\"https:\/\/old.chamonixskipasses.com\/de\/produkt\/mont-blanc-unlimited-erster-schnee\/\"]}]},{\"@type\":\"ImageObject\",\"inLanguage\":\"de-DE\",\"@id\":\"https:\/\/old.chamonixskipasses.com\/de\/produkt\/mont-blanc-unlimited-erster-schnee\/#primaryimage\",\"url\":\"https:\/\/old.chamonixskipasses.com\/wp-content\/uploads\/2023\/09\/cham-fs-1.jpg\",\"contentUrl\":\"https:\/\/old.chamonixskipasses.com\/wp-content\/uploads\/2023\/09\/cham-fs-1.jpg\",\"width\":358,\"height\":494,\"caption\":\"Mont Blanc Unlimited First Snow\"},{\"@type\":\"BreadcrumbList\",\"@id\":\"https:\/\/old.chamonixskipasses.com\/de\/produkt\/mont-blanc-unlimited-erster-schnee\/#breadcrumb\",\"itemListElement\":[{\"@type\":\"ListItem\",\"position\":1,\"name\":\"Home\",\"item\":\"https:\/\/old.chamonixskipasses.com\/de\/neues-zuhause\/\"},{\"@type\":\"ListItem\",\"position\":2,\"name\":\"Shop\",\"item\":\"https:\/\/old.chamonixskipasses.com\/de\/shop-2\/\"},{\"@type\":\"ListItem\",\"position\":3,\"name\":\"Mont Blanc Unlimited First Snow Mehr Info\"}]},{\"@type\":\"WebSite\",\"@id\":\"https:\/\/old.chamonixskipasses.com\/#website\",\"url\":\"https:\/\/old.chamonixskipasses.com\/\",\"name\":\"Chamonix Ski Passes and Early Bird passes\",\"description\":\"Official Chamonix lift passes\",\"publisher\":{\"@id\":\"https:\/\/old.chamonixskipasses.com\/#organization\"},\"potentialAction\":[{\"@type\":\"SearchAction\",\"target\":{\"@type\":\"EntryPoint\",\"urlTemplate\":\"https:\/\/old.chamonixskipasses.com\/?s={search_term_string}\"},\"query-input\":{\"@type\":\"PropertyValueSpecification\",\"valueRequired\":true,\"valueName\":\"search_term_string\"}}],\"inLanguage\":\"de-DE\"},{\"@type\":\"Organization\",\"@id\":\"https:\/\/old.chamonixskipasses.com\/#organization\",\"name\":\"Chamonix Ski Passes and Early Bird passes\",\"url\":\"https:\/\/old.chamonixskipasses.com\/\",\"logo\":{\"@type\":\"ImageObject\",\"inLanguage\":\"de-DE\",\"@id\":\"https:\/\/old.chamonixskipasses.com\/#\/schema\/logo\/image\/\",\"url\":\"https:\/\/old.chamonixskipasses.com\/wp-content\/uploads\/2024\/12\/color-fav.png\",\"contentUrl\":\"https:\/\/old.chamonixskipasses.com\/wp-content\/uploads\/2024\/12\/color-fav.png\",\"width\":304,\"height\":305,\"caption\":\"Chamonix Ski Passes and Early Bird passes\"},\"image\":{\"@id\":\"https:\/\/old.chamonixskipasses.com\/#\/schema\/logo\/image\/\"},\"sameAs\":[\"https:\/\/www.facebook.com\/chamonixskipasses\",\"https:\/\/x.com\/chamonixpasses\",\"https:\/\/www.instagram.com\/chamonixskipasses\/\",\"https:\/\/www.linkedin.com\/company\/chamonix-ski-passes\/about\/\"]}]}<\/script>\n<!-- \/ Yoast SEO plugin. -->","yoast_head_json":{"title":"Mont Blanc Unlimited First Snow Mehr Info Skip\u00e4sse","description":"Der Mont Blanc Unlimited First Snow Liftpass ist f\u00fcr das Skifahren in Chamonix erm\u00e4\u00dfigt, vorbehaltlich fr\u00fchzeitiger Schneef\u00e4lle und Lift\u00f6ffnung.","robots":{"index":"index","follow":"follow","max-snippet":"max-snippet:-1","max-image-preview":"max-image-preview:large","max-video-preview":"max-video-preview:-1"},"canonical":"https:\/\/old.chamonixskipasses.com\/de\/produkt\/mont-blanc-unlimited-erster-schnee\/","og_locale":"de_DE","og_type":"article","og_title":"Mont Blanc Unlimited First Snow Mehr Info Skip\u00e4sse","og_description":"Der Mont Blanc Unlimited First Snow Liftpass ist f\u00fcr das Skifahren in Chamonix erm\u00e4\u00dfigt, vorbehaltlich fr\u00fchzeitiger Schneef\u00e4lle und Lift\u00f6ffnung.","og_url":"https:\/\/old.chamonixskipasses.com\/de\/produkt\/mont-blanc-unlimited-erster-schnee\/","og_site_name":"Chamonix Ski Passes and Early Bird passes","article_publisher":"https:\/\/www.facebook.com\/chamonixskipasses","article_modified_time":"2025-09-10T11:23:23+00:00","og_image":[{"width":358,"height":494,"url":"https:\/\/old.chamonixskipasses.com\/wp-content\/uploads\/2023\/09\/cham-fs-1.jpg","type":"image\/jpeg"}],"twitter_card":"summary_large_image","twitter_site":"@chamonixpasses","twitter_misc":{"Gesch\u00e4tzte Lesezeit":"5 Minuten"},"schema":{"@context":"https:\/\/schema.org","@graph":[{"@type":"WebPage","@id":"https:\/\/old.chamonixskipasses.com\/de\/produkt\/mont-blanc-unlimited-erster-schnee\/","url":"https:\/\/old.chamonixskipasses.com\/de\/produkt\/mont-blanc-unlimited-erster-schnee\/","name":"Mont Blanc Unlimited First Snow Mehr Info Skip\u00e4sse","isPartOf":{"@id":"https:\/\/old.chamonixskipasses.com\/#website"},"primaryImageOfPage":{"@id":"https:\/\/old.chamonixskipasses.com\/de\/produkt\/mont-blanc-unlimited-erster-schnee\/#primaryimage"},"image":{"@id":"https:\/\/old.chamonixskipasses.com\/de\/produkt\/mont-blanc-unlimited-erster-schnee\/#primaryimage"},"thumbnailUrl":"https:\/\/old.chamonixskipasses.com\/wp-content\/uploads\/2023\/09\/cham-fs-1.jpg","datePublished":"2023-08-11T18:23:36+00:00","dateModified":"2025-09-10T11:23:23+00:00","description":"Der Mont Blanc Unlimited First Snow Liftpass ist f\u00fcr das Skifahren in Chamonix erm\u00e4\u00dfigt, vorbehaltlich fr\u00fchzeitiger Schneef\u00e4lle und Lift\u00f6ffnung.","breadcrumb":{"@id":"https:\/\/old.chamonixskipasses.com\/de\/produkt\/mont-blanc-unlimited-erster-schnee\/#breadcrumb"},"inLanguage":"de-DE","potentialAction":[{"@type":"ReadAction","target":["https:\/\/old.chamonixskipasses.com\/de\/produkt\/mont-blanc-unlimited-erster-schnee\/"]}]},{"@type":"ImageObject","inLanguage":"de-DE","@id":"https:\/\/old.chamonixskipasses.com\/de\/produkt\/mont-blanc-unlimited-erster-schnee\/#primaryimage","url":"https:\/\/old.chamonixskipasses.com\/wp-content\/uploads\/2023\/09\/cham-fs-1.jpg","contentUrl":"https:\/\/old.chamonixskipasses.com\/wp-content\/uploads\/2023\/09\/cham-fs-1.jpg","width":358,"height":494,"caption":"Mont Blanc Unlimited First Snow"},{"@type":"BreadcrumbList","@id":"https:\/\/old.chamonixskipasses.com\/de\/produkt\/mont-blanc-unlimited-erster-schnee\/#breadcrumb","itemListElement":[{"@type":"ListItem","position":1,"name":"Home","item":"https:\/\/old.chamonixskipasses.com\/de\/neues-zuhause\/"},{"@type":"ListItem","position":2,"name":"Shop","item":"https:\/\/old.chamonixskipasses.com\/de\/shop-2\/"},{"@type":"ListItem","position":3,"name":"Mont Blanc Unlimited First Snow Mehr Info"}]},{"@type":"WebSite","@id":"https:\/\/old.chamonixskipasses.com\/#website","url":"https:\/\/old.chamonixskipasses.com\/","name":"Chamonix Ski Passes and Early Bird passes","description":"Official Chamonix lift passes","publisher":{"@id":"https:\/\/old.chamonixskipasses.com\/#organization"},"potentialAction":[{"@type":"SearchAction","target":{"@type":"EntryPoint","urlTemplate":"https:\/\/old.chamonixskipasses.com\/?s={search_term_string}"},"query-input":{"@type":"PropertyValueSpecification","valueRequired":true,"valueName":"search_term_string"}}],"inLanguage":"de-DE"},{"@type":"Organization","@id":"https:\/\/old.chamonixskipasses.com\/#organization","name":"Chamonix Ski Passes and Early Bird passes","url":"https:\/\/old.chamonixskipasses.com\/","logo":{"@type":"ImageObject","inLanguage":"de-DE","@id":"https:\/\/old.chamonixskipasses.com\/#\/schema\/logo\/image\/","url":"https:\/\/old.chamonixskipasses.com\/wp-content\/uploads\/2024\/12\/color-fav.png","contentUrl":"https:\/\/old.chamonixskipasses.com\/wp-content\/uploads\/2024\/12\/color-fav.png","width":304,"height":305,"caption":"Chamonix Ski Passes and Early Bird passes"},"image":{"@id":"https:\/\/old.chamonixskipasses.com\/#\/schema\/logo\/image\/"},"sameAs":["https:\/\/www.facebook.com\/chamonixskipasses","https:\/\/x.com\/chamonixpasses","https:\/\/www.instagram.com\/chamonixskipasses\/","https:\/\/www.linkedin.com\/company\/chamonix-ski-passes\/about\/"]}]}},"_links":{"self":[{"href":"https:\/\/old.chamonixskipasses.com\/de\/wp-json\/wp\/v2\/product\/4526","targetHints":{"allow":["GET"]}}],"collection":[{"href":"https:\/\/old.chamonixskipasses.com\/de\/wp-json\/wp\/v2\/product"}],"about":[{"href":"https:\/\/old.chamonixskipasses.com\/de\/wp-json\/wp\/v2\/types\/product"}],"replies":[{"embeddable":true,"href":"https:\/\/old.chamonixskipasses.com\/de\/wp-json\/wp\/v2\/comments?post=4526"}],"wp:featuredmedia":[{"embeddable":true,"href":"https:\/\/old.chamonixskipasses.com\/de\/wp-json\/wp\/v2\/media\/4147"}],"wp:attachment":[{"href":"https:\/\/old.chamonixskipasses.com\/de\/wp-json\/wp\/v2\/media?parent=4526"}],"wp:term":[{"taxonomy":"product_brand","embeddable":true,"href":"https:\/\/old.chamonixskipasses.com\/de\/wp-json\/wp\/v2\/product_brand?post=4526"},{"taxonomy":"product_cat","embeddable":true,"href":"https:\/\/old.chamonixskipasses.com\/de\/wp-json\/wp\/v2\/product_cat?post=4526"},{"taxonomy":"product_tag","embeddable":true,"href":"https:\/\/old.chamonixskipasses.com\/de\/wp-json\/wp\/v2\/product_tag?post=4526"}],"curies":[{"name":"wp","href":"https:\/\/api.w.org\/{rel}","templated":true}]}}