{"id":5850,"date":"2024-03-15T07:49:38","date_gmt":"2024-03-15T07:49:38","guid":{"rendered":"https:\/\/chamonixskipasses.com\/?post_type=product&#038;p=5850"},"modified":"2024-08-05T14:33:49","modified_gmt":"2024-08-05T14:33:49","slug":"mont-blanc-unlimited-first-snow-copy-copy","status":"publish","type":"product","link":"https:\/\/old.chamonixskipasses.com\/de\/produkt\/mont-blanc-unlimited-first-snow-copy-copy\/","title":{"rendered":"Mont Blanc Unlimited First Snow (Copy) (Copy)"},"content":{"rendered":"<p><strong>WINTER 2023 \u00ab ERSTER SCHNEE \u00bb<\/strong><\/p>\n<p>Vom 19. November bis 16. Dezember 2023<\/p>\n<p>Unbegrenzter Zugang zu den Chamonix-Gebieten: Bereich Le Br\u00e9vent-La Fl\u00e9g\u00e8re (Chamonix), Bereich Balme (Tour \u2013 Vallorcine), Bereich Grand Montets (Argenti\u00e8re), Les Planards, Le Savoy, Les Chosalets, La Vormaine (Familienskigebiete in niedriger H\u00f6he)<\/p>\n<p>MONT-BLANC Unlimited \u2013 doppelt so viel H\u00f6hendifferenz mit allen Bereichen des Chamonix Le Pass plus<\/p>\n<p>Die Skigebiete, die mit CHAMONIX Le Pass verf\u00fcgbar sind, sowie unbegrenzter Zugang zur Aiguille du Midi-Seilbahn, dem Montenvers-Zug &amp; der Gondel (mit dem Eintritt in die Eish\u00f6hle), dem Les Houches-Gebiet, Meg\u00e8ve Evasion Mont-Blanc, CransMontana, Funivie Monte Bianco &amp; Sky Way (Italien).<\/p>\n<p><strong>Die Preise gelten f\u00fcr die Badges, die Anzahl der Tage und die Versicherung. Sie erhalten eine E-Mail mit einem QR-Code, und an den &#8222;Pick-up-Boxen&#8220;, die sich im gesamten Tal befinden, scannen Sie den Code von Ihrem Smartphone, und die P\u00e4sse werden f\u00fcr Sie gedruckt, ohne dass Sie sich anstellen oder Stress haben.<\/strong><\/p>\n<p><strong>P\u00e4sse f\u00fcr 10 Tage oder l\u00e4nger werden im Resort vor Ihrem Skiausflug oder in Ihrem Hotel, Chalet oder Apartment pers\u00f6nlich \u00fcberreicht.<\/strong><\/p>\n<p>FAMILIENP\u00c4SSE beinhalten 2 Erwachsene und 2 Kinder (5 bis 14 Jahre) plus bis zu 4 zus\u00e4tzliche Kinder kostenlos, au\u00dfer f\u00fcr die Kosten des Badges @ \u20ac3,00 pro Kind plus E-gloo-Versicherung, falls erforderlich, @ \u20ac3,50 pro Pass und Tag. Kinder unter 5 Jahren erhalten kostenlose P\u00e4sse, die an jeder Liftstation abgeholt werden k\u00f6nnen.<\/p>\n<p>Details zur E-Gloo-Versicherung zu Deckung und Anspr\u00fcchen finden Sie, wenn Sie <a href=\"https:\/\/www.e-gloo.eu\/english\/assurance-ski.php\">hier klicken<\/a>.<\/p>\n<p>Wir empfehlen, eine Reiseversicherung f\u00fcr Ihre Reise, Unterkunft und Aktivit\u00e4ten f\u00fcr Ihren Urlaub abzuschlie\u00dfen.<\/p>\n<p>Kinder unter 5 Jahren erhalten kostenlose P\u00e4sse, die an jeder Liftstation abgeholt werden k\u00f6nnen.<\/p>\n<p><strong>ZUGANGSVORTEILE &amp; TRANSPORT:<\/strong><\/p>\n<p>\u2013 Zugang zum Cin\u00e9ma Vox<br \/>\n\u2013 4D-Kinoerlebnis<br \/>\n\u2013 Zugang zu Crans Montana (Schweiz)<br \/>\n\u2013 Zugang Cham Val&#8216;<br \/>\n\u2013 Zugang zu Courmayeur (Italien)<br \/>\n\u2013 Navettes Meg\u00e8ve Chamonix<br \/>\n\u2013 Kostenloser Zugang zu den Shuttlebussen Chamonix\/Les Houches<br \/>\n\u2013 Einfacher Zugang zum TER Mont-Blanc Expresszug von und nach Saint-Gervais-les-Bains \/ Le Fayet<br \/>\n\u2013 Rabattticket f\u00fcr den Mont-Blanc-Tunnel<\/p>\n<p>Hinweis: Die Seilbahnen Grands Montets sind im Bau \u2013 F\u00fcr teilweisen Zugang nehmen Sie die 10er-Gondel Plan Joran.<\/p>\n<p>Unterliegt den Gesch\u00e4ftsbedingungen.<\/p>\n<p>&nbsp;<\/p>\n","protected":false},"excerpt":{"rendered":"<p>Vorsaison-Skifahren (sofern die Lifte ge\u00f6ffnet sind) von Samstag, 19. November bis 16. Dezember 2023<\/p>\n","protected":false},"featured_media":0,"comment_status":"closed","ping_status":"closed","template":"","meta":{"_acf_changed":false},"product_brand":[],"product_cat":[149],"product_tag":[],"class_list":{"0":"post-5850","1":"product","2":"type-product","3":"status-publish","5":"product_cat-mbu-fs-de","6":"tm-has-options","8":"first","9":"instock","10":"shipping-taxable","11":"purchasable","12":"product-type-simple"},"acf":[],"yoast_head":"<!-- This site is optimized with the Yoast SEO plugin v25.9 - https:\/\/yoast.com\/wordpress\/plugins\/seo\/ -->\n<title>Mont Blanc Unlimited First Snow (Copy) (Copy) Ski Passes<\/title>\n<meta name=\"description\" content=\"The Mont Blanc Unlimited First Snow lift pass is discounted for skiing in Chamonix subject to early snowfall and lift opening\" \/>\n<meta name=\"robots\" content=\"index, follow, max-snippet:-1, max-image-preview:large, max-video-preview:-1\" \/>\n<link rel=\"canonical\" href=\"https:\/\/old.chamonixskipasses.com\/de\/produkt\/mont-blanc-unlimited-first-snow-copy-copy\/\" \/>\n<meta property=\"og:locale\" content=\"de_DE\" \/>\n<meta property=\"og:type\" content=\"article\" \/>\n<meta property=\"og:title\" content=\"Mont Blanc Unlimited First Snow (Copy) (Copy) Ski Passes\" \/>\n<meta property=\"og:description\" content=\"The Mont Blanc Unlimited First Snow lift pass is discounted for skiing in Chamonix subject to early snowfall and lift opening\" \/>\n<meta property=\"og:url\" content=\"https:\/\/old.chamonixskipasses.com\/de\/produkt\/mont-blanc-unlimited-first-snow-copy-copy\/\" \/>\n<meta property=\"og:site_name\" content=\"Chamonix Ski Passes and Early Bird passes\" \/>\n<meta property=\"article:publisher\" content=\"https:\/\/www.facebook.com\/chamonixskipasses\" \/>\n<meta property=\"article:modified_time\" content=\"2024-08-05T14:33:49+00:00\" \/>\n<meta property=\"og:image\" content=\"https:\/\/old.chamonixskipasses.com\/wp-content\/uploads\/2024\/12\/color-fav.png\" \/>\n\t<meta property=\"og:image:width\" content=\"304\" \/>\n\t<meta property=\"og:image:height\" content=\"305\" \/>\n\t<meta property=\"og:image:type\" content=\"image\/png\" \/>\n<meta name=\"twitter:card\" content=\"summary_large_image\" \/>\n<meta name=\"twitter:site\" content=\"@chamonixpasses\" \/>\n<meta name=\"twitter:label1\" content=\"Gesch\u00e4tzte Lesezeit\" \/>\n\t<meta name=\"twitter:data1\" content=\"2 Minuten\" \/>\n<script type=\"application\/ld+json\" class=\"yoast-schema-graph\">{\"@context\":\"https:\/\/schema.org\",\"@graph\":[{\"@type\":\"WebPage\",\"@id\":\"https:\/\/old.chamonixskipasses.com\/de\/produkt\/mont-blanc-unlimited-first-snow-copy-copy\/\",\"url\":\"https:\/\/old.chamonixskipasses.com\/de\/produkt\/mont-blanc-unlimited-first-snow-copy-copy\/\",\"name\":\"Mont Blanc Unlimited First Snow (Copy) (Copy) Ski Passes\",\"isPartOf\":{\"@id\":\"https:\/\/old.chamonixskipasses.com\/#website\"},\"datePublished\":\"2024-03-15T07:49:38+00:00\",\"dateModified\":\"2024-08-05T14:33:49+00:00\",\"description\":\"The Mont Blanc Unlimited First Snow lift pass is discounted for skiing in Chamonix subject to early snowfall and lift opening\",\"breadcrumb\":{\"@id\":\"https:\/\/old.chamonixskipasses.com\/de\/produkt\/mont-blanc-unlimited-first-snow-copy-copy\/#breadcrumb\"},\"inLanguage\":\"de-DE\",\"potentialAction\":[{\"@type\":\"ReadAction\",\"target\":[\"https:\/\/old.chamonixskipasses.com\/de\/produkt\/mont-blanc-unlimited-first-snow-copy-copy\/\"]}]},{\"@type\":\"BreadcrumbList\",\"@id\":\"https:\/\/old.chamonixskipasses.com\/de\/produkt\/mont-blanc-unlimited-first-snow-copy-copy\/#breadcrumb\",\"itemListElement\":[{\"@type\":\"ListItem\",\"position\":1,\"name\":\"Home\",\"item\":\"https:\/\/old.chamonixskipasses.com\/de\/neues-zuhause\/\"},{\"@type\":\"ListItem\",\"position\":2,\"name\":\"Shop\",\"item\":\"https:\/\/old.chamonixskipasses.com\/de\/shop-2\/\"},{\"@type\":\"ListItem\",\"position\":3,\"name\":\"Mont Blanc Unlimited First Snow (Copy) (Copy)\"}]},{\"@type\":\"WebSite\",\"@id\":\"https:\/\/old.chamonixskipasses.com\/#website\",\"url\":\"https:\/\/old.chamonixskipasses.com\/\",\"name\":\"Chamonix Ski Passes and Early Bird passes\",\"description\":\"Official Chamonix lift passes\",\"publisher\":{\"@id\":\"https:\/\/old.chamonixskipasses.com\/#organization\"},\"potentialAction\":[{\"@type\":\"SearchAction\",\"target\":{\"@type\":\"EntryPoint\",\"urlTemplate\":\"https:\/\/old.chamonixskipasses.com\/?s={search_term_string}\"},\"query-input\":{\"@type\":\"PropertyValueSpecification\",\"valueRequired\":true,\"valueName\":\"search_term_string\"}}],\"inLanguage\":\"de-DE\"},{\"@type\":\"Organization\",\"@id\":\"https:\/\/old.chamonixskipasses.com\/#organization\",\"name\":\"Chamonix Ski Passes and Early Bird passes\",\"url\":\"https:\/\/old.chamonixskipasses.com\/\",\"logo\":{\"@type\":\"ImageObject\",\"inLanguage\":\"de-DE\",\"@id\":\"https:\/\/old.chamonixskipasses.com\/#\/schema\/logo\/image\/\",\"url\":\"https:\/\/old.chamonixskipasses.com\/wp-content\/uploads\/2024\/12\/color-fav.png\",\"contentUrl\":\"https:\/\/old.chamonixskipasses.com\/wp-content\/uploads\/2024\/12\/color-fav.png\",\"width\":304,\"height\":305,\"caption\":\"Chamonix Ski Passes and Early Bird passes\"},\"image\":{\"@id\":\"https:\/\/old.chamonixskipasses.com\/#\/schema\/logo\/image\/\"},\"sameAs\":[\"https:\/\/www.facebook.com\/chamonixskipasses\",\"https:\/\/x.com\/chamonixpasses\",\"https:\/\/www.instagram.com\/chamonixskipasses\/\",\"https:\/\/www.linkedin.com\/company\/chamonix-ski-passes\/about\/\"]}]}<\/script>\n<!-- \/ Yoast SEO plugin. -->","yoast_head_json":{"title":"Mont Blanc Unlimited First Snow (Copy) (Copy) Ski Passes","description":"The Mont Blanc Unlimited First Snow lift pass is discounted for skiing in Chamonix subject to early snowfall and lift opening","robots":{"index":"index","follow":"follow","max-snippet":"max-snippet:-1","max-image-preview":"max-image-preview:large","max-video-preview":"max-video-preview:-1"},"canonical":"https:\/\/old.chamonixskipasses.com\/de\/produkt\/mont-blanc-unlimited-first-snow-copy-copy\/","og_locale":"de_DE","og_type":"article","og_title":"Mont Blanc Unlimited First Snow (Copy) (Copy) Ski Passes","og_description":"The Mont Blanc Unlimited First Snow lift pass is discounted for skiing in Chamonix subject to early snowfall and lift opening","og_url":"https:\/\/old.chamonixskipasses.com\/de\/produkt\/mont-blanc-unlimited-first-snow-copy-copy\/","og_site_name":"Chamonix Ski Passes and Early Bird passes","article_publisher":"https:\/\/www.facebook.com\/chamonixskipasses","article_modified_time":"2024-08-05T14:33:49+00:00","og_image":[{"width":304,"height":305,"url":"https:\/\/old.chamonixskipasses.com\/wp-content\/uploads\/2024\/12\/color-fav.png","type":"image\/png"}],"twitter_card":"summary_large_image","twitter_site":"@chamonixpasses","twitter_misc":{"Gesch\u00e4tzte Lesezeit":"2 Minuten"},"schema":{"@context":"https:\/\/schema.org","@graph":[{"@type":"WebPage","@id":"https:\/\/old.chamonixskipasses.com\/de\/produkt\/mont-blanc-unlimited-first-snow-copy-copy\/","url":"https:\/\/old.chamonixskipasses.com\/de\/produkt\/mont-blanc-unlimited-first-snow-copy-copy\/","name":"Mont Blanc Unlimited First Snow (Copy) (Copy) Ski Passes","isPartOf":{"@id":"https:\/\/old.chamonixskipasses.com\/#website"},"datePublished":"2024-03-15T07:49:38+00:00","dateModified":"2024-08-05T14:33:49+00:00","description":"The Mont Blanc Unlimited First Snow lift pass is discounted for skiing in Chamonix subject to early snowfall and lift opening","breadcrumb":{"@id":"https:\/\/old.chamonixskipasses.com\/de\/produkt\/mont-blanc-unlimited-first-snow-copy-copy\/#breadcrumb"},"inLanguage":"de-DE","potentialAction":[{"@type":"ReadAction","target":["https:\/\/old.chamonixskipasses.com\/de\/produkt\/mont-blanc-unlimited-first-snow-copy-copy\/"]}]},{"@type":"BreadcrumbList","@id":"https:\/\/old.chamonixskipasses.com\/de\/produkt\/mont-blanc-unlimited-first-snow-copy-copy\/#breadcrumb","itemListElement":[{"@type":"ListItem","position":1,"name":"Home","item":"https:\/\/old.chamonixskipasses.com\/de\/neues-zuhause\/"},{"@type":"ListItem","position":2,"name":"Shop","item":"https:\/\/old.chamonixskipasses.com\/de\/shop-2\/"},{"@type":"ListItem","position":3,"name":"Mont Blanc Unlimited First Snow (Copy) (Copy)"}]},{"@type":"WebSite","@id":"https:\/\/old.chamonixskipasses.com\/#website","url":"https:\/\/old.chamonixskipasses.com\/","name":"Chamonix Ski Passes and Early Bird passes","description":"Official Chamonix lift passes","publisher":{"@id":"https:\/\/old.chamonixskipasses.com\/#organization"},"potentialAction":[{"@type":"SearchAction","target":{"@type":"EntryPoint","urlTemplate":"https:\/\/old.chamonixskipasses.com\/?s={search_term_string}"},"query-input":{"@type":"PropertyValueSpecification","valueRequired":true,"valueName":"search_term_string"}}],"inLanguage":"de-DE"},{"@type":"Organization","@id":"https:\/\/old.chamonixskipasses.com\/#organization","name":"Chamonix Ski Passes and Early Bird passes","url":"https:\/\/old.chamonixskipasses.com\/","logo":{"@type":"ImageObject","inLanguage":"de-DE","@id":"https:\/\/old.chamonixskipasses.com\/#\/schema\/logo\/image\/","url":"https:\/\/old.chamonixskipasses.com\/wp-content\/uploads\/2024\/12\/color-fav.png","contentUrl":"https:\/\/old.chamonixskipasses.com\/wp-content\/uploads\/2024\/12\/color-fav.png","width":304,"height":305,"caption":"Chamonix Ski Passes and Early Bird passes"},"image":{"@id":"https:\/\/old.chamonixskipasses.com\/#\/schema\/logo\/image\/"},"sameAs":["https:\/\/www.facebook.com\/chamonixskipasses","https:\/\/x.com\/chamonixpasses","https:\/\/www.instagram.com\/chamonixskipasses\/","https:\/\/www.linkedin.com\/company\/chamonix-ski-passes\/about\/"]}]}},"_links":{"self":[{"href":"https:\/\/old.chamonixskipasses.com\/de\/wp-json\/wp\/v2\/product\/5850","targetHints":{"allow":["GET"]}}],"collection":[{"href":"https:\/\/old.chamonixskipasses.com\/de\/wp-json\/wp\/v2\/product"}],"about":[{"href":"https:\/\/old.chamonixskipasses.com\/de\/wp-json\/wp\/v2\/types\/product"}],"replies":[{"embeddable":true,"href":"https:\/\/old.chamonixskipasses.com\/de\/wp-json\/wp\/v2\/comments?post=5850"}],"wp:attachment":[{"href":"https:\/\/old.chamonixskipasses.com\/de\/wp-json\/wp\/v2\/media?parent=5850"}],"wp:term":[{"taxonomy":"product_brand","embeddable":true,"href":"https:\/\/old.chamonixskipasses.com\/de\/wp-json\/wp\/v2\/product_brand?post=5850"},{"taxonomy":"product_cat","embeddable":true,"href":"https:\/\/old.chamonixskipasses.com\/de\/wp-json\/wp\/v2\/product_cat?post=5850"},{"taxonomy":"product_tag","embeddable":true,"href":"https:\/\/old.chamonixskipasses.com\/de\/wp-json\/wp\/v2\/product_tag?post=5850"}],"curies":[{"name":"wp","href":"https:\/\/api.w.org\/{rel}","templated":true}]}}