{"id":4453,"date":"2023-11-03T15:50:02","date_gmt":"2023-11-03T15:50:02","guid":{"rendered":"https:\/\/skipasses.wpengine.com\/optional-insurance\/"},"modified":"2025-11-06T13:55:21","modified_gmt":"2025-11-06T13:55:21","slug":"optional-insurance","status":"publish","type":"page","link":"https:\/\/old.chamonixskipasses.com\/es\/optional-insurance\/","title":{"rendered":"Optional Insurance"},"content":{"rendered":"<div class=\"fusion-fullwidth fullwidth-box fusion-builder-row-1 fusion-flex-container has-pattern-background has-mask-background nonhundred-percent-fullwidth non-hundred-percent-height-scrolling\" style=\"--awb-border-radius-top-left:0px;--awb-border-radius-top-right:0px;--awb-border-radius-bottom-right:0px;--awb-border-radius-bottom-left:0px;--awb-flex-wrap:wrap;\" ><div class=\"fusion-builder-row fusion-row fusion-flex-align-items-flex-start fusion-flex-content-wrap\" style=\"max-width:1414.4px;margin-left: calc(-4% \/ 2 );margin-right: calc(-4% \/ 2 );\"><div class=\"fusion-layout-column fusion_builder_column fusion-builder-column-0 fusion_builder_column_1_1 1_1 fusion-flex-column\" style=\"--awb-bg-size:cover;--awb-width-large:100%;--awb-margin-top-large:0px;--awb-spacing-right-large:1.92%;--awb-margin-bottom-large:20px;--awb-spacing-left-large:1.92%;--awb-width-medium:100%;--awb-order-medium:0;--awb-spacing-right-medium:1.92%;--awb-spacing-left-medium:1.92%;--awb-width-small:100%;--awb-order-small:0;--awb-spacing-right-small:1.92%;--awb-spacing-left-small:1.92%;\"><div class=\"fusion-column-wrapper fusion-column-has-shadow fusion-flex-justify-content-flex-start fusion-content-layout-column\"><div class=\"fusion-text fusion-text-1 changedh3\"><h1>Optional Insurance<\/h1>\n<\/div><div class=\"fusion-separator\" style=\"align-self: flex-start;margin-right:auto;margin-top:-30px;margin-bottom:20px;width:100%;max-width:100px;\"><div class=\"fusion-separator-border sep-single sep-solid\" style=\"--awb-height:20px;--awb-amount:20px;--awb-sep-color:#fd9d2a;border-color:#fd9d2a;border-top-width:3px;\"><\/div><\/div><div class=\"fusion-text fusion-text-2\"><div class=\"fusion-separator fusion-full-width-sep\" style=\"align-self: center;margin-left: auto;margin-right: auto;width:100%;\"><div class=\"fusion-separator-border sep-double\" style=\"--awb-height:20px;--awb-amount:20px;border-color:var(--awb-color3);border-top-width:1px;border-bottom-width:1px;\"><\/div><\/div>\n<p><strong>An accident can incur substantial expenses:<\/strong><\/p>\n<p>As mountain rescue services come at a cost, which is typically borne by the injured individual. To provide a solution, Egloo Protect is readily available at partner ski lift sales counters within select resorts in France and certain affiliated ski schools. This insurance offers comprehensive coverage and assistance, ensuring that you can enjoy your sports activities with confidence and peace of mind.<\/p>\n<p>Please note that this insurance directly covers expenses related to search and rescue, as well as the costs associated with repatriation for medical treatment. Depending on the insurance options you&#8217;ve chosen, it also encompasses trip cancellation (for subscriptions made in advance of the trip), providing reimbursement for your ski lift pass, Nordic access pass, and any pre-booked French ski school (ESF) lessons. In the event of a trip interruption due to an accident, illness (requiring hospitalization), or early return, the insurance will reimburse you for your ski lift pass, Nordic access pass, and ski lessons on a pro-rata basis, taking into account the missed days.<\/p>\n<p><strong>Your Contract<\/strong><\/p>\n<p>This Contract is a group insurance contract with optional individual subscriptions executed by :<\/p>\n<p><strong>Comit\u00e9 de Ski du Mont-Blanc<\/strong> &#8211; 113 Rue honor\u00e9 martin, &#8211; 74130 BONNEVILLE<\/p>\n<p>par l\u2019interm\u00e9diaire de Gritchen Affinity courtier gestionnaire 27 rue Charles Durand CS70139 18021 BOURGES cedex aupr\u00e8s de MUTUAIDE ASSISTANCE \u2013 126, rue de la Piazza &#8211; CS 20010 \u2013 93196 Noisy le Grand CEDEX. SA au capital de 12 558 240\u20ac \u2013 Entreprise r\u00e9gie par le Code des Assurances &#8211; Soumise au contr\u00f4le de l\u2019Autorit\u00e9 de Contr\u00f4le Prudentiel de R\u00e9solution \u2013 4 Place de Budapest, CS 92459, 75436 Paris Cedex 09 \u2013 383 974 086 RCS Bobigny \u2013 TVA FR 31 383 974 086.<\/p>\n<p><strong>You will find all the general terms and conditions of insurance below:<\/strong><\/p>\n<ul>\n<li><a href=\"https:\/\/old.chamonixskipasses.com\/wp-content\/uploads\/2023\/11\/IPID-Egloo-sejour-avec-extension-annulation-Francais.pdf\">IPID &#8211; Egloo s\u00e9jour &#8211; avec extension annulation &#8211; Fran\u00e7ais<\/a><\/li>\n<li><a href=\"https:\/\/old.chamonixskipasses.com\/wp-content\/uploads\/2023\/11\/IPID-Egloo-sejour-Francais.pdf\">IPID &#8211; Egloo s\u00e9jour &#8211; Fran\u00e7ais<\/a><\/li>\n<li><a href=\"https:\/\/old.chamonixskipasses.com\/wp-content\/uploads\/2023\/11\/IPID-Egloo-sejour-avec-extension-annulation-English.pdf\">IPID &#8211; Egloo s\u00e9jour &#8211; avec extension annulation &#8211; English<\/a><\/li>\n<li><a href=\"https:\/\/old.chamonixskipasses.com\/wp-content\/uploads\/2023\/11\/IPID-Egloo-sejour-English.pdf\">IPID &#8211; Egloo s\u00e9jour &#8211; English<\/a><\/li>\n<li><a href=\"https:\/\/old.chamonixskipasses.com\/wp-content\/uploads\/2023\/11\/Egloo-sejour-avec-extension-annulation-Francais.pdf\">Egloo s\u00e9jour &#8211; avec extension annulation &#8211; Fran\u00e7ais<\/a><\/li>\n<li><a href=\"https:\/\/old.chamonixskipasses.com\/wp-content\/uploads\/2023\/11\/Egloo-sejour-Francais.pdf\">Egloo s\u00e9jour &#8211; Fran\u00e7ais<\/a><\/li>\n<li><a href=\"https:\/\/old.chamonixskipasses.com\/wp-content\/uploads\/2023\/11\/Egloo-sejour-avec-extension-annulation-English.pdf\">Egloo s\u00e9jour &#8211; avec extension annulation &#8211; English<\/a><\/li>\n<li><a href=\"https:\/\/old.chamonixskipasses.com\/wp-content\/uploads\/2023\/11\/Egloo-sejour-English.pdf\">Egloo s\u00e9jour &#8211; English<\/a><\/li>\n<li><a href=\"https:\/\/old.chamonixskipasses.com\/wp-content\/uploads\/2023\/11\/IPID-Egloo-saison-Francais.pdf\">IPID &#8211; Egloo saison &#8211; Fran\u00e7ais<\/a><\/li>\n<li><a href=\"https:\/\/old.chamonixskipasses.com\/wp-content\/uploads\/2023\/11\/IPID-Egloo-season-English.pdf\">IPID &#8211; Egloo season &#8211; English<\/a><\/li>\n<li><a href=\"https:\/\/old.chamonixskipasses.com\/wp-content\/uploads\/2023\/11\/Egloo-saison-Francais.pdf\">Egloo saison &#8211; Fran\u00e7ais<\/a><\/li>\n<li><a href=\"https:\/\/old.chamonixskipasses.com\/wp-content\/uploads\/2023\/11\/Egloo-season-English.pdf\">Egloo season &#8211; English<\/a><\/li>\n<li><a href=\"https:\/\/old.chamonixskipasses.com\/wp-content\/uploads\/2023\/11\/Annexe.pdf\">Annexe<\/a><\/li>\n<\/ul>\n<\/div><\/div><\/div><\/div><\/div>\n","protected":false},"excerpt":{"rendered":"","protected":false},"author":2,"featured_media":0,"parent":0,"menu_order":0,"comment_status":"closed","ping_status":"closed","template":"100-width.php","meta":{"_acf_changed":false,"footnotes":""},"class_list":["post-4453","page","type-page","status-publish","hentry"],"acf":[],"yoast_head":"<!-- This site is optimized with the Yoast SEO plugin v25.9 - https:\/\/yoast.com\/wordpress\/plugins\/seo\/ -->\n<title>Optional Insurance - Chamonix Ski Passes and Early Bird passes<\/title>\n<meta name=\"robots\" content=\"index, follow, max-snippet:-1, max-image-preview:large, max-video-preview:-1\" \/>\n<link rel=\"canonical\" href=\"https:\/\/old.chamonixskipasses.com\/es\/optional-insurance\/\" \/>\n<meta property=\"og:locale\" content=\"es_ES\" \/>\n<meta property=\"og:type\" content=\"article\" \/>\n<meta property=\"og:title\" content=\"Optional Insurance - Chamonix Ski Passes and Early Bird passes\" \/>\n<meta property=\"og:url\" content=\"https:\/\/old.chamonixskipasses.com\/es\/optional-insurance\/\" \/>\n<meta property=\"og:site_name\" content=\"Chamonix Ski Passes and Early Bird passes\" \/>\n<meta property=\"article:publisher\" content=\"https:\/\/www.facebook.com\/chamonixskipasses\" \/>\n<meta property=\"article:modified_time\" content=\"2025-11-06T13:55:21+00:00\" \/>\n<meta property=\"og:image\" content=\"https:\/\/old.chamonixskipasses.com\/wp-content\/uploads\/2024\/12\/color-fav.png\" \/>\n\t<meta property=\"og:image:width\" content=\"304\" \/>\n\t<meta property=\"og:image:height\" content=\"305\" \/>\n\t<meta property=\"og:image:type\" content=\"image\/png\" \/>\n<meta name=\"twitter:card\" content=\"summary_large_image\" \/>\n<meta name=\"twitter:site\" content=\"@chamonixpasses\" \/>\n<meta name=\"twitter:label1\" content=\"Tiempo de lectura\" \/>\n\t<meta name=\"twitter:data1\" content=\"4 minutos\" \/>\n<script type=\"application\/ld+json\" class=\"yoast-schema-graph\">{\"@context\":\"https:\/\/schema.org\",\"@graph\":[{\"@type\":\"WebPage\",\"@id\":\"https:\/\/old.chamonixskipasses.com\/es\/optional-insurance\/\",\"url\":\"https:\/\/old.chamonixskipasses.com\/es\/optional-insurance\/\",\"name\":\"Optional Insurance - Chamonix Ski Passes and Early Bird passes\",\"isPartOf\":{\"@id\":\"https:\/\/old.chamonixskipasses.com\/#website\"},\"datePublished\":\"2023-11-03T15:50:02+00:00\",\"dateModified\":\"2025-11-06T13:55:21+00:00\",\"breadcrumb\":{\"@id\":\"https:\/\/old.chamonixskipasses.com\/es\/optional-insurance\/#breadcrumb\"},\"inLanguage\":\"es\",\"potentialAction\":[{\"@type\":\"ReadAction\",\"target\":[\"https:\/\/old.chamonixskipasses.com\/es\/optional-insurance\/\"]}]},{\"@type\":\"BreadcrumbList\",\"@id\":\"https:\/\/old.chamonixskipasses.com\/es\/optional-insurance\/#breadcrumb\",\"itemListElement\":[{\"@type\":\"ListItem\",\"position\":1,\"name\":\"Home\",\"item\":\"https:\/\/old.chamonixskipasses.com\/es\/nuevo-hogar\/\"},{\"@type\":\"ListItem\",\"position\":2,\"name\":\"Optional Insurance\"}]},{\"@type\":\"WebSite\",\"@id\":\"https:\/\/old.chamonixskipasses.com\/#website\",\"url\":\"https:\/\/old.chamonixskipasses.com\/\",\"name\":\"Chamonix Ski Passes and Early Bird passes\",\"description\":\"Official Chamonix lift passes\",\"publisher\":{\"@id\":\"https:\/\/old.chamonixskipasses.com\/#organization\"},\"potentialAction\":[{\"@type\":\"SearchAction\",\"target\":{\"@type\":\"EntryPoint\",\"urlTemplate\":\"https:\/\/old.chamonixskipasses.com\/?s={search_term_string}\"},\"query-input\":{\"@type\":\"PropertyValueSpecification\",\"valueRequired\":true,\"valueName\":\"search_term_string\"}}],\"inLanguage\":\"es\"},{\"@type\":\"Organization\",\"@id\":\"https:\/\/old.chamonixskipasses.com\/#organization\",\"name\":\"Chamonix Ski Passes and Early Bird passes\",\"url\":\"https:\/\/old.chamonixskipasses.com\/\",\"logo\":{\"@type\":\"ImageObject\",\"inLanguage\":\"es\",\"@id\":\"https:\/\/old.chamonixskipasses.com\/#\/schema\/logo\/image\/\",\"url\":\"https:\/\/old.chamonixskipasses.com\/wp-content\/uploads\/2024\/12\/color-fav.png\",\"contentUrl\":\"https:\/\/old.chamonixskipasses.com\/wp-content\/uploads\/2024\/12\/color-fav.png\",\"width\":304,\"height\":305,\"caption\":\"Chamonix Ski Passes and Early Bird passes\"},\"image\":{\"@id\":\"https:\/\/old.chamonixskipasses.com\/#\/schema\/logo\/image\/\"},\"sameAs\":[\"https:\/\/www.facebook.com\/chamonixskipasses\",\"https:\/\/x.com\/chamonixpasses\",\"https:\/\/www.instagram.com\/chamonixskipasses\/\",\"https:\/\/www.linkedin.com\/company\/chamonix-ski-passes\/about\/\"]}]}<\/script>\n<!-- \/ Yoast SEO plugin. -->","yoast_head_json":{"title":"Optional Insurance - Chamonix Ski Passes and Early Bird passes","robots":{"index":"index","follow":"follow","max-snippet":"max-snippet:-1","max-image-preview":"max-image-preview:large","max-video-preview":"max-video-preview:-1"},"canonical":"https:\/\/old.chamonixskipasses.com\/es\/optional-insurance\/","og_locale":"es_ES","og_type":"article","og_title":"Optional Insurance - Chamonix Ski Passes and Early Bird passes","og_url":"https:\/\/old.chamonixskipasses.com\/es\/optional-insurance\/","og_site_name":"Chamonix Ski Passes and Early Bird passes","article_publisher":"https:\/\/www.facebook.com\/chamonixskipasses","article_modified_time":"2025-11-06T13:55:21+00:00","og_image":[{"width":304,"height":305,"url":"https:\/\/old.chamonixskipasses.com\/wp-content\/uploads\/2024\/12\/color-fav.png","type":"image\/png"}],"twitter_card":"summary_large_image","twitter_site":"@chamonixpasses","twitter_misc":{"Tiempo de lectura":"4 minutos"},"schema":{"@context":"https:\/\/schema.org","@graph":[{"@type":"WebPage","@id":"https:\/\/old.chamonixskipasses.com\/es\/optional-insurance\/","url":"https:\/\/old.chamonixskipasses.com\/es\/optional-insurance\/","name":"Optional Insurance - Chamonix Ski Passes and Early Bird passes","isPartOf":{"@id":"https:\/\/old.chamonixskipasses.com\/#website"},"datePublished":"2023-11-03T15:50:02+00:00","dateModified":"2025-11-06T13:55:21+00:00","breadcrumb":{"@id":"https:\/\/old.chamonixskipasses.com\/es\/optional-insurance\/#breadcrumb"},"inLanguage":"es","potentialAction":[{"@type":"ReadAction","target":["https:\/\/old.chamonixskipasses.com\/es\/optional-insurance\/"]}]},{"@type":"BreadcrumbList","@id":"https:\/\/old.chamonixskipasses.com\/es\/optional-insurance\/#breadcrumb","itemListElement":[{"@type":"ListItem","position":1,"name":"Home","item":"https:\/\/old.chamonixskipasses.com\/es\/nuevo-hogar\/"},{"@type":"ListItem","position":2,"name":"Optional Insurance"}]},{"@type":"WebSite","@id":"https:\/\/old.chamonixskipasses.com\/#website","url":"https:\/\/old.chamonixskipasses.com\/","name":"Chamonix Ski Passes and Early Bird passes","description":"Official Chamonix lift passes","publisher":{"@id":"https:\/\/old.chamonixskipasses.com\/#organization"},"potentialAction":[{"@type":"SearchAction","target":{"@type":"EntryPoint","urlTemplate":"https:\/\/old.chamonixskipasses.com\/?s={search_term_string}"},"query-input":{"@type":"PropertyValueSpecification","valueRequired":true,"valueName":"search_term_string"}}],"inLanguage":"es"},{"@type":"Organization","@id":"https:\/\/old.chamonixskipasses.com\/#organization","name":"Chamonix Ski Passes and Early Bird passes","url":"https:\/\/old.chamonixskipasses.com\/","logo":{"@type":"ImageObject","inLanguage":"es","@id":"https:\/\/old.chamonixskipasses.com\/#\/schema\/logo\/image\/","url":"https:\/\/old.chamonixskipasses.com\/wp-content\/uploads\/2024\/12\/color-fav.png","contentUrl":"https:\/\/old.chamonixskipasses.com\/wp-content\/uploads\/2024\/12\/color-fav.png","width":304,"height":305,"caption":"Chamonix Ski Passes and Early Bird passes"},"image":{"@id":"https:\/\/old.chamonixskipasses.com\/#\/schema\/logo\/image\/"},"sameAs":["https:\/\/www.facebook.com\/chamonixskipasses","https:\/\/x.com\/chamonixpasses","https:\/\/www.instagram.com\/chamonixskipasses\/","https:\/\/www.linkedin.com\/company\/chamonix-ski-passes\/about\/"]}]}},"_links":{"self":[{"href":"https:\/\/old.chamonixskipasses.com\/es\/wp-json\/wp\/v2\/pages\/4453","targetHints":{"allow":["GET"]}}],"collection":[{"href":"https:\/\/old.chamonixskipasses.com\/es\/wp-json\/wp\/v2\/pages"}],"about":[{"href":"https:\/\/old.chamonixskipasses.com\/es\/wp-json\/wp\/v2\/types\/page"}],"author":[{"embeddable":true,"href":"https:\/\/old.chamonixskipasses.com\/es\/wp-json\/wp\/v2\/users\/2"}],"replies":[{"embeddable":true,"href":"https:\/\/old.chamonixskipasses.com\/es\/wp-json\/wp\/v2\/comments?post=4453"}],"version-history":[{"count":0,"href":"https:\/\/old.chamonixskipasses.com\/es\/wp-json\/wp\/v2\/pages\/4453\/revisions"}],"wp:attachment":[{"href":"https:\/\/old.chamonixskipasses.com\/es\/wp-json\/wp\/v2\/media?parent=4453"}],"curies":[{"name":"wp","href":"https:\/\/api.w.org\/{rel}","templated":true}]}}