{"id":14915,"date":"2025-09-04T09:37:22","date_gmt":"2025-09-04T09:37:22","guid":{"rendered":"https:\/\/chamonixskistg.wpenginepowered.com\/?post_type=product&#038;p=14915"},"modified":"2025-09-24T12:29:41","modified_gmt":"2025-09-24T11:29:41","slug":"mont-blanc-unlimited-early-bird-2024-25","status":"publish","type":"product","link":"https:\/\/old.chamonixskipasses.com\/es\/producto\/mont-blanc-unlimited-early-bird-2024-25\/","title":{"rendered":"Mont Blanc Unlimited Early Bird"},"content":{"rendered":"<h2><span style=\"color: #ff0000;\"><strong>Welcome to Winter 2025-26<\/strong><\/span><\/h2>\n<p>The Mont Blanc Unlimited Early Bird passes are available until the end of the month and are valid for all the lifts in Chamonix and Les Houches as well as others listed below.<\/p>\n<p>You can buy your pass for 2-21 days if the your first day skiing is within the following periods<\/p>\n<h3><strong>Monday 5<\/strong><strong><sup>th<\/sup><\/strong>\u00a0<strong>January &#8211; Friday 6<\/strong><strong><sup>th <\/sup><\/strong><strong>F<\/strong><strong>ebruary 2026<\/strong><\/h3>\n<h3><strong>or<\/strong><\/h3>\n<h3><strong>Monday 9<\/strong><strong><sup>th<\/sup><\/strong> <strong>March &#8211; Sunday 5th April 2026<\/strong><\/h3>\n<p>&nbsp;<\/p>\n<p><strong>If you are skiing at any other time, please look at the High Season Mont Blanc Unlimited or Chamonix Le Passes. You can buy the Early Bird pass even if some of your days are after the end of each period! For example if you need a 6 day pass from the 6th January or even the 5th April, you will benefit from the Early Bird prices while the offer lasts<\/strong><\/p>\n<p><strong>If your dates fall over some of the periods above you could purchase a separate pass for each period, for example a few days of Early Bird and a few days of another pass type, you will then recieve two QR codes, one for each pass.<\/strong><\/p>\n<p>&nbsp;<\/p>\n<h2><strong>SKI EXPERIENCE PACKAGE &#8211; ONLY\u00a0 WITH CHAMONIX SKI PASSES EARLY BIRDS!<\/strong><\/h2>\n<p>&nbsp;<\/p>\n<p>Under French travel regulations, Early Bird lift passes to be sold as part of a travel package, so we have put together a range of extras that you can benefit from! We\u2019re excited to welcome you to the Chamonix valley \u2014 and to help you make the most of your stay, we\u2019ve bundled your ski pass with our <strong>Chamonix Experience Pack<\/strong>, a curated set of tools and perks designed to enhance your trip.<\/p>\n<p>&nbsp;<\/p>\n<p>To support you and our local community \u2014 we\u2019ve partnered with some of our favorite Chamonix businesses to offer you exclusive perks and services during your stay.<\/p>\n<p>&nbsp;<\/p>\n<p><strong>Pre-Trip Consultation Call<\/strong> \u2014 a free 30-minute support session included with the pass. We offer this service free to you (normally \u20ac25.00) to assist with your holiday and ski planning with our dedicated team. To book a call <strong>click here.<\/strong><\/p>\n<p>&nbsp;<\/p>\n<p>Simply show\u00a0 your purchase confirmation pass purchase confirmation email to redeem the offers!<\/p>\n<p>&nbsp;<\/p>\n<ul>\n<li><strong><a href=\"https:\/\/www.roninskis.com\/\" target=\"_blank\" rel=\"noopener\">Ronin Skis<\/a><\/strong> \u2013 <strong>10% off <\/strong>pre-made skis or a Build-Your-Own Skis workshop<\/li>\n<li><a href=\"https:\/\/www.bighornbistro.com\/\" target=\"_blank\" rel=\"noopener\"><strong>Big Horn Bistro<\/strong><\/a> &#8211; Enjoy <strong>one free drink<\/strong> during happy hour<\/li>\n<li><a href=\"https:\/\/www.hautetransfer.com\/en\/home\" target=\"_blank\" rel=\"noopener\"><strong>Haute Transfer<\/strong> <\/a>&#8211; Special <strong>discount on transfers<\/strong> to and from the ski lifts and Courmayeur<\/li>\n<li><strong><a href=\"https:\/\/alpine-massage.com\/en\/contact\/\" target=\"_blank\" rel=\"noopener\">Alpine Massage with Julie<\/a><\/strong> &#8211; Buy 2 hours and get <strong>30 minutes free<\/strong><\/li>\n<li><a href=\"https:\/\/www.flyingchamonix.com\/\" target=\"_blank\" rel=\"noopener\"><strong>Flying Chamonix<\/strong><\/a> &#8211; Get <strong>\u20ac10 off<\/strong> your tandem paragliding flight<\/li>\n<li><strong><a href=\"https:\/\/www.studioandra.net\/\" target=\"_blank\" rel=\"noopener\">Studio Andra<\/a><\/strong> \u2013 Receive <strong>\u20ac5 off<\/strong> any one beauty service of your choice<\/li>\n<li><a href=\"https:\/\/www.skiset.co.uk\/partner\/chamonixskichalets\" target=\"_blank\" rel=\"noopener\"><strong>Ski Set<\/strong><\/a> &#8211; Take advantage of up to 40% discount when hiring your equipment<\/li>\n<\/ul>\n<p>&nbsp;<\/p>\n<p>Stay safe, ski hard, and enjoy everything Chamonix has to offer!<\/p>\n<p>&nbsp;<\/p>\n<p>&nbsp;<\/p>\n<p>Prices are quoted for the badges, number of days and insurance. You will receive an email with a QR code for your order which you use at any of the lift stations plus a few locations in the valley at \u201cPick up boxes\u201d. You simply scan the code from your smart phone and the passes will be printed for you. No queuing or stress.\u00a0For passes of 10 days or longer (with photos) and family passes, we will hand deliver them to you in resort before you ski or drop them at your hotel, chalet or apartment.<\/p>\n<p>&nbsp;<\/p>\n<p>&#8211; If your period crosses over to high season you will need a pass for each period<\/p>\n<p>&#8211; Each pass must be purchased with a \u00abSmart Card\u00bb or badge as it is called @ \u20ac3.00 per pass per period<\/p>\n<p>&#8211; Prices, terms and conditions are subject to the lift company and subject to change. We cannot change your order once confirmed.<\/p>\n<p>&nbsp;<\/p>\n<p><strong>FAMILY PASSES<\/strong> include 2 adults and 2 children (between 6 and 14 years of age) plus up to 3 additional children free except for the cost of the badge @\u20ac3.00 each plus E-gloo insurance if selected @ \u20ac3.50 per pass per day. Children under the age of 5, are entitlement\u00a0 free passes which can be collected at any of the lift stations.<\/p>\n<p>&nbsp;<\/p>\n<p><strong>LIFT PASSES ARE FREE<\/strong> for children under the age of 5 you can collect at any of the lift stations.<\/p>\n<p>&nbsp;<\/p>\n<p>We recommend you arrange travel insurance cover for your travel, accommodation, and activities for your holiday and strongly recommend you take the insurance offered with the ski passes.<\/p>\n<p>&nbsp;<\/p>\n<p><strong>TERMS<\/strong><\/p>\n<p>&nbsp;<\/p>\n<p>These passes are available until the end the season and available for online purchase for 2 days or longer duration.<\/p>\n<p>&nbsp;<\/p>\n<p>&#8211; Each pass must be purchased with a \u00abSmart Card\u00bb or badge as it is called @ \u20ac3.00 per pass<\/p>\n<p>&#8211; Prices, terms and conditions are subject to the lift company<\/p>\n<p>&#8211; Please let us have your full name and date of birth if you have chosen insurance and\/or you have a non-adult in the group and\/or your pass is longer than\u00a0 9 days<\/p>\n<p>&nbsp;<\/p>\n<p><strong>INSURANCE<\/strong><\/p>\n<p>&nbsp;<\/p>\n<p>The insurance, if selected, is for each day for the duration of the pass and can be ordered for any or all of the passes you want. When you have ordered insurance, please either click the \u00abAdd insurance details\u00bb on the order confirmation email to add the name and date of birth for each holder.<\/p>\n<p>&nbsp;<\/p>\n<p>SEE THE <a href=\"https:\/\/old.chamonixskipasses.com\/es\/optional-insurance\/\" target=\"_blank\" rel=\"noopener\">INSURANCE DETAILS HERE<\/a><\/p>\n<p>&nbsp;<\/p>\n<p>Details of the E-gloo insurance is <a href=\"https:\/\/www.e-gloo.eu\/english\/assurance-ski.php\" target=\"_blank\" rel=\"noopener\">here.<\/a> If you choose insurance, it is added to the pass for every day the pass is valid for.\u00a0We recommend you arrange travel insurance cover for your travel, accommodation, and activities for your holiday.<\/p>\n<p>&nbsp;<\/p>\n<p><strong>SKI RESORTS, AREAS &amp; LIFTS<\/strong><\/p>\n<p>&nbsp;<\/p>\n<p>Unlimited access to the Chamonix areas:<\/p>\n<p>&nbsp;<\/p>\n<p><strong>Chamonix\u00a0<\/strong>&#8211; Les Br\u00e9vent &amp; La Fl\u00e9g\u00e8re, Le Balme area (Le Tour &#8211; Vallorcine), Grands Montets (Argenti\u00e8re), Les Planards, Le Savoy, Les Chosalets, La Vormaine (family ski areas at a low elevation), Aiguille du Midi cable car, Montenvers train, gondola &amp; ice cave<\/p>\n<p><strong>Les Houches &amp;<\/strong>\u00a0<strong>Meg\u00e8ve<\/strong>\u00a0Evasion Mont-Blanc &#8211; Meg\u00e8ve &#8211; Evasion Mont Blanc valid with 2 day or longer passes including the Rochebrune &#8211; C\u00f4te 2000,\u00a0St. Gervais Mont-Blanc, St. Nicolas de V\u00e9roce,\u00a0Les Contamines &#8211; Hauteluce, Jaillet &#8211; Combloux, La Giettaz<\/p>\n<p><strong>Courmayeur &amp; Skyway<\/strong>, Italy (with 2 to 21 day passes) &#8211; Every day (enquire about schedules) Special rate (for return ticket). <a href=\"http:\/\/www.estore.arriva.it\" target=\"_blank\" rel=\"noopener\">Click here<\/a> for booking information. <strong>Beware: You need to wait 1 hour after purchase before your Chamonix pass will operate in Courmayeur<\/strong>.<\/p>\n<p><strong>Crans Montana\u00a0<\/strong>Switzerland<strong>*\u00a0<\/strong>(with 1 day per 2-4 day passes and up to 2 days per 5 to 21 day pass). Please validate your passes in Chamonix &#8211; you need a red QR code for Crans Montana (2 days maximum per season per pass). Please validate your passes in Chamonix &#8211; you need a red QR code for Crans Montana (2 days maximum per season per pass)<\/p>\n<p>&nbsp;<\/p>\n<p><strong>OTHER BENEFITS<\/strong><\/p>\n<p>&nbsp;<\/p>\n<p>Evasion Mont-Blanc Buses: <a href=\"http:\/\/www.montblancnaturalresort.com\" target=\"_blank\" rel=\"noopener\">Meg\u00e8ve from &amp; to Chamonix<\/a> \/ free on reservation\u00a0 (2 to 21 day passes)<\/p>\n<p>Access to the TER Mont-Blanc express train (from and to St-Gervais les Bains \/ Le Fayet (1 to 21 day passes)<\/p>\n<p>Mont Blanc Tunnel discount 2 to 21 day pass as long as your register and book the day before<\/p>\n<p>Cham Val\u2019 benefits (3 to 21 day pass). The \u00ab CHAM\u2019VAL \u00bb unlimited (unless otherwise stated or subject to opening and change without notice) use of:<\/p>\n<p>&nbsp;<\/p>\n<p>&#8211; Sport center Richard Bozon (swimming pool + sauna + hammam)<br \/>\n&#8211; Les Planards \u00abSled on rails\u00bb &#8211; 1 descent with a 3 to 21 day pass<br \/>\n&#8211; Ice rink\u00a0Chamonix (location patins inclus)<br \/>\n&#8211; Montagnard museum\u00a0at les Houches<br \/>\n&#8211; Alpin museum<br \/>\n&#8211; Espace Tairraz<br \/>\n&#8211; Maison\u00a0de l\u2019Alpage<br \/>\n&#8211; Maison de la M\u00e9moire et du Patrimoine<br \/>\n&#8211; Fitness area<br \/>\n&#8211; Cross-country ski: Daily access to the cross-country ski trails throughout the valley from Vallorcine to Argenti\u00e8re, Chamonix, Les Houches &amp; Servoz (free conditional access). Just present a valid 3 to 21 day \u201cMONT BLANC Unlimited\u201d pass at the Chamonix or Vallorcine cross-country office (close to the railway station) to acquire a daily access bracelet. Cross-country skiing equipment is NOT included but may be hired from sport\u2019s shops or from the Vallorcine cross-country office. You can use the benefit once per day per activity.<br \/>\n&#8211; Free bus access from Chamonix to Vallorcine.<br \/>\n&#8211; Cinema Vox The place cost \u20ac9,00\u20ac (2025\/6 prices subject to change, correct at time of publishing). No limitation on the number of session \u2013 price by session<\/p>\n<p>&nbsp;<\/p>\n<p>Refunds &#8211; The MBU Early Bird pass in non-refundable in most instances, however if you purchase the additional insurance you will be covered by the specific policy inclusions.<\/p>\n<p>&nbsp;<\/p>\n<p><strong><em>We love the mountains and were taught to share&#8230;<\/em><\/strong><\/p>\n<h2><\/h2>\n<h2><\/h2>\n","protected":false},"excerpt":{"rendered":"<h2><span style=\"color: #ff0000;\"><strong>UNAVAILABLE<\/strong><\/span><\/h2>\n<p><strong>STEP 1 &#8211; Choose and pay for your pass or passes<\/strong><\/p>\n<p><strong>STEP 2 &#8211; Check your email for the order confirmation<\/strong><\/p>\n<p><strong>STEP 3 &#8211; Please WAIT for our email with your QR code(s)<\/strong><\/p>\n<p><strong>STEP 4 &#8211; Get your passes with the QR code at our \u00abPick up boxes\u00bb without queuing<\/strong><strong> (we send you a map)<\/strong><\/p>\n<p><strong>STEP 5 &#8211; Have a fabulous time!<\/strong><\/p>\n<p data-placeholder=\"Translation\"><strong>Please check the <a href=\"https:\/\/old.chamonixskipasses.com\/terms-conditions\/\" target=\"_blank\" rel=\"noopener\">terms and conditions<\/a><\/strong><\/p>\n<h4 data-placeholder=\"Translation\">If you are buying family passes, two adults and two children are included. For the additional children, please select the badges needed in the checkboxes to add the children and check insurance for each one if needed.<\/h4>\n<h4 data-placeholder=\"Translation\"><strong>CUSTOMER HOT LINE +33 (0) 7 72 69 19 38<\/strong><\/h4>\n<h3 data-placeholder=\"Translation\"><strong>CUSTOMER HOT LINE +33 (0) 7 72 69 19 38<\/strong><\/h3>\n","protected":false},"featured_media":4157,"comment_status":"closed","ping_status":"closed","template":"","meta":{"_acf_changed":false},"product_brand":[],"product_cat":[153],"product_tag":[165],"class_list":{"0":"post-14915","1":"product","2":"type-product","3":"status-publish","4":"has-post-thumbnail","6":"product_cat-mbu-eb-es","7":"product_tag-sku-mbu-eb-es","8":"tm-has-options","10":"first","11":"outofstock","12":"purchasable","13":"product-type-simple"},"acf":[],"yoast_head":"<!-- This site is optimized with the Yoast SEO plugin v25.9 - https:\/\/yoast.com\/wordpress\/plugins\/seo\/ -->\n<title>Mont Blanc Unlimited Early Bird - Chamonix Ski Passes and Early Bird passes<\/title>\n<meta name=\"robots\" content=\"index, follow, max-snippet:-1, max-image-preview:large, max-video-preview:-1\" \/>\n<link rel=\"canonical\" href=\"https:\/\/old.chamonixskipasses.com\/es\/producto\/mont-blanc-unlimited-early-bird-2024-25\/\" \/>\n<meta property=\"og:locale\" content=\"es_ES\" \/>\n<meta property=\"og:type\" content=\"article\" \/>\n<meta property=\"og:title\" content=\"Mont Blanc Unlimited Early Bird - Chamonix Ski Passes and Early Bird passes\" \/>\n<meta property=\"og:description\" content=\"UNAVAILABLE STEP 1 - Choose and pay for your pass or passes  STEP 2 - Check your email for the order confirmation  STEP 3 - Please WAIT for our email with your QR code(s)  STEP 4 - Get your passes with the QR code at our &quot;Pick up boxes&quot; without queuing (we send you a map)  STEP 5 - Have a fabulous time! Please check the terms and conditions  If you are buying family passes, two adults and two children are included. For the additional children, please select the badges needed in the checkboxes to add the children and check insurance for each one if needed. CUSTOMER HOT LINE +33 (0) 7 72 69 19 38 CUSTOMER HOT LINE +33 (0) 7 72 69 19 38\" \/>\n<meta property=\"og:url\" content=\"https:\/\/old.chamonixskipasses.com\/es\/producto\/mont-blanc-unlimited-early-bird-2024-25\/\" \/>\n<meta property=\"og:site_name\" content=\"Chamonix Ski Passes and Early Bird passes\" \/>\n<meta property=\"article:publisher\" content=\"https:\/\/www.facebook.com\/chamonixskipasses\" \/>\n<meta property=\"article:modified_time\" content=\"2025-09-24T11:29:41+00:00\" \/>\n<meta property=\"og:image\" content=\"https:\/\/old.chamonixskipasses.com\/wp-content\/uploads\/2023\/09\/cham-eb-1-1.jpg\" \/>\n\t<meta property=\"og:image:width\" content=\"358\" \/>\n\t<meta property=\"og:image:height\" content=\"494\" \/>\n\t<meta property=\"og:image:type\" content=\"image\/jpeg\" \/>\n<meta name=\"twitter:card\" content=\"summary_large_image\" \/>\n<meta name=\"twitter:site\" content=\"@chamonixpasses\" \/>\n<meta name=\"twitter:label1\" content=\"Tiempo de lectura\" \/>\n\t<meta name=\"twitter:data1\" content=\"5 minutos\" \/>\n<script type=\"application\/ld+json\" class=\"yoast-schema-graph\">{\"@context\":\"https:\/\/schema.org\",\"@graph\":[{\"@type\":\"WebPage\",\"@id\":\"https:\/\/old.chamonixskipasses.com\/es\/producto\/mont-blanc-unlimited-early-bird-2024-25\/\",\"url\":\"https:\/\/old.chamonixskipasses.com\/es\/producto\/mont-blanc-unlimited-early-bird-2024-25\/\",\"name\":\"Mont Blanc Unlimited Early Bird - Chamonix Ski Passes and Early Bird passes\",\"isPartOf\":{\"@id\":\"https:\/\/old.chamonixskipasses.com\/#website\"},\"primaryImageOfPage\":{\"@id\":\"https:\/\/old.chamonixskipasses.com\/es\/producto\/mont-blanc-unlimited-early-bird-2024-25\/#primaryimage\"},\"image\":{\"@id\":\"https:\/\/old.chamonixskipasses.com\/es\/producto\/mont-blanc-unlimited-early-bird-2024-25\/#primaryimage\"},\"thumbnailUrl\":\"https:\/\/old.chamonixskipasses.com\/wp-content\/uploads\/2023\/09\/cham-eb-1-1.jpg\",\"datePublished\":\"2025-09-04T09:37:22+00:00\",\"dateModified\":\"2025-09-24T11:29:41+00:00\",\"breadcrumb\":{\"@id\":\"https:\/\/old.chamonixskipasses.com\/es\/producto\/mont-blanc-unlimited-early-bird-2024-25\/#breadcrumb\"},\"inLanguage\":\"es\",\"potentialAction\":[{\"@type\":\"ReadAction\",\"target\":[\"https:\/\/old.chamonixskipasses.com\/es\/producto\/mont-blanc-unlimited-early-bird-2024-25\/\"]}]},{\"@type\":\"ImageObject\",\"inLanguage\":\"es\",\"@id\":\"https:\/\/old.chamonixskipasses.com\/es\/producto\/mont-blanc-unlimited-early-bird-2024-25\/#primaryimage\",\"url\":\"https:\/\/old.chamonixskipasses.com\/wp-content\/uploads\/2023\/09\/cham-eb-1-1.jpg\",\"contentUrl\":\"https:\/\/old.chamonixskipasses.com\/wp-content\/uploads\/2023\/09\/cham-eb-1-1.jpg\",\"width\":358,\"height\":494,\"caption\":\"Mont Blanc Unlimited Early Bird\"},{\"@type\":\"BreadcrumbList\",\"@id\":\"https:\/\/old.chamonixskipasses.com\/es\/producto\/mont-blanc-unlimited-early-bird-2024-25\/#breadcrumb\",\"itemListElement\":[{\"@type\":\"ListItem\",\"position\":1,\"name\":\"Home\",\"item\":\"https:\/\/old.chamonixskipasses.com\/es\/nuevo-hogar\/\"},{\"@type\":\"ListItem\",\"position\":2,\"name\":\"Tienda\",\"item\":\"https:\/\/old.chamonixskipasses.com\/es\/tienda\/\"},{\"@type\":\"ListItem\",\"position\":3,\"name\":\"Mont Blanc Unlimited Early Bird\"}]},{\"@type\":\"WebSite\",\"@id\":\"https:\/\/old.chamonixskipasses.com\/#website\",\"url\":\"https:\/\/old.chamonixskipasses.com\/\",\"name\":\"Chamonix Ski Passes and Early Bird passes\",\"description\":\"Official Chamonix lift passes\",\"publisher\":{\"@id\":\"https:\/\/old.chamonixskipasses.com\/#organization\"},\"potentialAction\":[{\"@type\":\"SearchAction\",\"target\":{\"@type\":\"EntryPoint\",\"urlTemplate\":\"https:\/\/old.chamonixskipasses.com\/?s={search_term_string}\"},\"query-input\":{\"@type\":\"PropertyValueSpecification\",\"valueRequired\":true,\"valueName\":\"search_term_string\"}}],\"inLanguage\":\"es\"},{\"@type\":\"Organization\",\"@id\":\"https:\/\/old.chamonixskipasses.com\/#organization\",\"name\":\"Chamonix Ski Passes and Early Bird passes\",\"url\":\"https:\/\/old.chamonixskipasses.com\/\",\"logo\":{\"@type\":\"ImageObject\",\"inLanguage\":\"es\",\"@id\":\"https:\/\/old.chamonixskipasses.com\/#\/schema\/logo\/image\/\",\"url\":\"https:\/\/old.chamonixskipasses.com\/wp-content\/uploads\/2024\/12\/color-fav.png\",\"contentUrl\":\"https:\/\/old.chamonixskipasses.com\/wp-content\/uploads\/2024\/12\/color-fav.png\",\"width\":304,\"height\":305,\"caption\":\"Chamonix Ski Passes and Early Bird passes\"},\"image\":{\"@id\":\"https:\/\/old.chamonixskipasses.com\/#\/schema\/logo\/image\/\"},\"sameAs\":[\"https:\/\/www.facebook.com\/chamonixskipasses\",\"https:\/\/x.com\/chamonixpasses\",\"https:\/\/www.instagram.com\/chamonixskipasses\/\",\"https:\/\/www.linkedin.com\/company\/chamonix-ski-passes\/about\/\"]}]}<\/script>\n<!-- \/ Yoast SEO plugin. -->","yoast_head_json":{"title":"Mont Blanc Unlimited Early Bird - Chamonix Ski Passes and Early Bird passes","robots":{"index":"index","follow":"follow","max-snippet":"max-snippet:-1","max-image-preview":"max-image-preview:large","max-video-preview":"max-video-preview:-1"},"canonical":"https:\/\/old.chamonixskipasses.com\/es\/producto\/mont-blanc-unlimited-early-bird-2024-25\/","og_locale":"es_ES","og_type":"article","og_title":"Mont Blanc Unlimited Early Bird - Chamonix Ski Passes and Early Bird passes","og_description":"UNAVAILABLE STEP 1 - Choose and pay for your pass or passes  STEP 2 - Check your email for the order confirmation  STEP 3 - Please WAIT for our email with your QR code(s)  STEP 4 - Get your passes with the QR code at our \"Pick up boxes\" without queuing (we send you a map)  STEP 5 - Have a fabulous time! Please check the terms and conditions  If you are buying family passes, two adults and two children are included. For the additional children, please select the badges needed in the checkboxes to add the children and check insurance for each one if needed. CUSTOMER HOT LINE +33 (0) 7 72 69 19 38 CUSTOMER HOT LINE +33 (0) 7 72 69 19 38","og_url":"https:\/\/old.chamonixskipasses.com\/es\/producto\/mont-blanc-unlimited-early-bird-2024-25\/","og_site_name":"Chamonix Ski Passes and Early Bird passes","article_publisher":"https:\/\/www.facebook.com\/chamonixskipasses","article_modified_time":"2025-09-24T11:29:41+00:00","og_image":[{"width":358,"height":494,"url":"https:\/\/old.chamonixskipasses.com\/wp-content\/uploads\/2023\/09\/cham-eb-1-1.jpg","type":"image\/jpeg"}],"twitter_card":"summary_large_image","twitter_site":"@chamonixpasses","twitter_misc":{"Tiempo de lectura":"5 minutos"},"schema":{"@context":"https:\/\/schema.org","@graph":[{"@type":"WebPage","@id":"https:\/\/old.chamonixskipasses.com\/es\/producto\/mont-blanc-unlimited-early-bird-2024-25\/","url":"https:\/\/old.chamonixskipasses.com\/es\/producto\/mont-blanc-unlimited-early-bird-2024-25\/","name":"Mont Blanc Unlimited Early Bird - Chamonix Ski Passes and Early Bird passes","isPartOf":{"@id":"https:\/\/old.chamonixskipasses.com\/#website"},"primaryImageOfPage":{"@id":"https:\/\/old.chamonixskipasses.com\/es\/producto\/mont-blanc-unlimited-early-bird-2024-25\/#primaryimage"},"image":{"@id":"https:\/\/old.chamonixskipasses.com\/es\/producto\/mont-blanc-unlimited-early-bird-2024-25\/#primaryimage"},"thumbnailUrl":"https:\/\/old.chamonixskipasses.com\/wp-content\/uploads\/2023\/09\/cham-eb-1-1.jpg","datePublished":"2025-09-04T09:37:22+00:00","dateModified":"2025-09-24T11:29:41+00:00","breadcrumb":{"@id":"https:\/\/old.chamonixskipasses.com\/es\/producto\/mont-blanc-unlimited-early-bird-2024-25\/#breadcrumb"},"inLanguage":"es","potentialAction":[{"@type":"ReadAction","target":["https:\/\/old.chamonixskipasses.com\/es\/producto\/mont-blanc-unlimited-early-bird-2024-25\/"]}]},{"@type":"ImageObject","inLanguage":"es","@id":"https:\/\/old.chamonixskipasses.com\/es\/producto\/mont-blanc-unlimited-early-bird-2024-25\/#primaryimage","url":"https:\/\/old.chamonixskipasses.com\/wp-content\/uploads\/2023\/09\/cham-eb-1-1.jpg","contentUrl":"https:\/\/old.chamonixskipasses.com\/wp-content\/uploads\/2023\/09\/cham-eb-1-1.jpg","width":358,"height":494,"caption":"Mont Blanc Unlimited Early Bird"},{"@type":"BreadcrumbList","@id":"https:\/\/old.chamonixskipasses.com\/es\/producto\/mont-blanc-unlimited-early-bird-2024-25\/#breadcrumb","itemListElement":[{"@type":"ListItem","position":1,"name":"Home","item":"https:\/\/old.chamonixskipasses.com\/es\/nuevo-hogar\/"},{"@type":"ListItem","position":2,"name":"Tienda","item":"https:\/\/old.chamonixskipasses.com\/es\/tienda\/"},{"@type":"ListItem","position":3,"name":"Mont Blanc Unlimited Early Bird"}]},{"@type":"WebSite","@id":"https:\/\/old.chamonixskipasses.com\/#website","url":"https:\/\/old.chamonixskipasses.com\/","name":"Chamonix Ski Passes and Early Bird passes","description":"Official Chamonix lift passes","publisher":{"@id":"https:\/\/old.chamonixskipasses.com\/#organization"},"potentialAction":[{"@type":"SearchAction","target":{"@type":"EntryPoint","urlTemplate":"https:\/\/old.chamonixskipasses.com\/?s={search_term_string}"},"query-input":{"@type":"PropertyValueSpecification","valueRequired":true,"valueName":"search_term_string"}}],"inLanguage":"es"},{"@type":"Organization","@id":"https:\/\/old.chamonixskipasses.com\/#organization","name":"Chamonix Ski Passes and Early Bird passes","url":"https:\/\/old.chamonixskipasses.com\/","logo":{"@type":"ImageObject","inLanguage":"es","@id":"https:\/\/old.chamonixskipasses.com\/#\/schema\/logo\/image\/","url":"https:\/\/old.chamonixskipasses.com\/wp-content\/uploads\/2024\/12\/color-fav.png","contentUrl":"https:\/\/old.chamonixskipasses.com\/wp-content\/uploads\/2024\/12\/color-fav.png","width":304,"height":305,"caption":"Chamonix Ski Passes and Early Bird passes"},"image":{"@id":"https:\/\/old.chamonixskipasses.com\/#\/schema\/logo\/image\/"},"sameAs":["https:\/\/www.facebook.com\/chamonixskipasses","https:\/\/x.com\/chamonixpasses","https:\/\/www.instagram.com\/chamonixskipasses\/","https:\/\/www.linkedin.com\/company\/chamonix-ski-passes\/about\/"]}]}},"_links":{"self":[{"href":"https:\/\/old.chamonixskipasses.com\/es\/wp-json\/wp\/v2\/product\/14915","targetHints":{"allow":["GET"]}}],"collection":[{"href":"https:\/\/old.chamonixskipasses.com\/es\/wp-json\/wp\/v2\/product"}],"about":[{"href":"https:\/\/old.chamonixskipasses.com\/es\/wp-json\/wp\/v2\/types\/product"}],"replies":[{"embeddable":true,"href":"https:\/\/old.chamonixskipasses.com\/es\/wp-json\/wp\/v2\/comments?post=14915"}],"wp:featuredmedia":[{"embeddable":true,"href":"https:\/\/old.chamonixskipasses.com\/es\/wp-json\/wp\/v2\/media\/4157"}],"wp:attachment":[{"href":"https:\/\/old.chamonixskipasses.com\/es\/wp-json\/wp\/v2\/media?parent=14915"}],"wp:term":[{"taxonomy":"product_brand","embeddable":true,"href":"https:\/\/old.chamonixskipasses.com\/es\/wp-json\/wp\/v2\/product_brand?post=14915"},{"taxonomy":"product_cat","embeddable":true,"href":"https:\/\/old.chamonixskipasses.com\/es\/wp-json\/wp\/v2\/product_cat?post=14915"},{"taxonomy":"product_tag","embeddable":true,"href":"https:\/\/old.chamonixskipasses.com\/es\/wp-json\/wp\/v2\/product_tag?post=14915"}],"curies":[{"name":"wp","href":"https:\/\/api.w.org\/{rel}","templated":true}]}}