{"id":5838,"date":"2024-03-13T11:18:44","date_gmt":"2024-03-13T11:18:44","guid":{"rendered":"https:\/\/chamonixskipasses.com\/?post_type=product&#038;p=5838"},"modified":"2025-09-10T11:04:25","modified_gmt":"2025-09-10T10:04:25","slug":"mbu-spring-skiing-2025","status":"publish","type":"product","link":"https:\/\/old.chamonixskipasses.com\/es\/producto\/mbu-spring-skiing-2025\/","title":{"rendered":"Esqu\u00ed de primavera ilimitado en el Mont Blanc <a class=\"info-btn inf2\" href=\"https:\/\/old.chamonixskipasses.com\/mont-blanc-unlimited-spring-skiing\/\">M\u00e1s informaci\u00f3n<\/a>"},"content":{"rendered":"<p><strong>Esqu\u00ed de primavera 2026<\/strong><\/p>\n<p>Del s\u00e1bado 28 de marzo de 2026 al domingo 3 de mayo de 2026, ambos inclusive<\/p>\n<p>&nbsp;<\/p>\n<p><strong>Si vas a esquiar en cualquier otro momento, consulta las opciones Mont Blanc Unlimited o Chamonix Le Pass y, si tus fechas coinciden con alguno de los periodos anteriores, puedes comprar un forfait distinto para cada periodo, por ejemplo unos d\u00edas de Early Bird y unos d\u00edas de otro tipo de forfait. Recibir\u00e1s entonces dos c\u00f3digos QR, uno para cada forfait. El forfait de primavera tiene la misma cobertura que el Mont Blanc Unlimited, pero es mucho m\u00e1s barato. <\/strong><\/p>\n<p>Consulta las opciones <a href=\"https:\/\/old.chamonixskipasses.com\/es\/producto\/mont-blanc-unlimited\/\" target=\"_blank\" rel=\"noopener\">Mont Blanc Unlimited<\/a> y <a href=\"https:\/\/old.chamonixskipasses.com\/es\/producto\/chamonix-le-pass\/\" target=\"_blank\" rel=\"noopener\">Chamonix Le Pass<\/a> para pases fuera de estas fechas.<\/p>\n<p>Los precios se cotizan por los distintivos, el n\u00famero de d\u00edas y el seguro. Recibir\u00e1s un correo electr\u00f3nico con un c\u00f3digo QR para tu pedido, que podr\u00e1s utilizar en cualquiera de las estaciones de remonte y en algunos lugares del valle, en las \u00abcajas de recogida\u00bb. S\u00f3lo tienes que escanear el c\u00f3digo desde tu smartphone y los forfaits se imprimir\u00e1n para ti. Sin colas ni estr\u00e9s. Para los forfaits de 10 d\u00edas o m\u00e1s (con fotos) y los forfaits familiares, te los entregaremos en mano en la estaci\u00f3n antes de esquiar o te los dejaremos en tu hotel, chalet o apartamento.    <\/p>\n<p>&nbsp;<\/p>\n<p>&#8211; Si tu periodo se cruza con la temporada alta, necesitar\u00e1s un pase para cada periodo<\/p>\n<p>&#8211; Cada pase debe adquirirse con una \u00abtarjeta inteligente\u00bb o distintivo, como se denomina @ 3,00 euros por pase y periodo<\/p>\n<p>&#8211; Los precios, t\u00e9rminos y condiciones est\u00e1n sujetos a la empresa de ascensores y sujetos a cambios. No podemos modificar tu pedido una vez confirmado. <\/p>\n<p>&nbsp;<\/p>\n<p><strong>Los PASE FAMILIARES<\/strong> incluyen 2 adultos y 2 ni\u00f1os (entre 6 y 14 a\u00f1os) m\u00e1s hasta 3 ni\u00f1os adicionales gratis, excepto el coste de la credencial @3,00 \u20ac cada uno m\u00e1s el seguro E-gloo si se ha seleccionado @3,60 \u20ac por pase y d\u00eda. Los ni\u00f1os menores de 5 a\u00f1os tienen derecho a pases gratuitos que pueden recogerse en cualquiera de las estaciones de los remontes. <\/p>\n<p>&nbsp;<\/p>\n<p><strong>LOS PASES<\/strong> DE ASCENSOR <strong>SON GRATUITOS<\/strong> para los ni\u00f1os menores de 5 a\u00f1os, que puedes recoger en cualquiera de las estaciones de ascensor.<\/p>\n<p>&nbsp;<\/p>\n<p>Te recomendamos que contrates un seguro de viaje que cubra el desplazamiento, el alojamiento y las actividades de tus vacaciones, y te recomendamos encarecidamente que contrates el seguro que se ofrece con los forfaits.<\/p>\n<p>&nbsp;<\/p>\n<p><strong>T\u00c9RMINOS<\/strong><\/p>\n<p>&nbsp;<\/p>\n<p>Estos pases est\u00e1n disponibles hasta el final de la temporada y se pueden comprar en l\u00ednea para una duraci\u00f3n de 2 d\u00edas o m\u00e1s.<\/p>\n<p>&nbsp;<\/p>\n<p>&#8211; Cada pase debe adquirirse con una \u00abtarjeta inteligente\u00bb o distintivo, como se denomina @ 3,00 euros por pase<\/p>\n<p>&#8211; Los precios, t\u00e9rminos y condiciones est\u00e1n sujetos a la compa\u00f1\u00eda de ascensores<\/p>\n<p>&#8211; Por favor, ind\u00edcanos tu nombre completo y fecha de nacimiento si has elegido un seguro y\/o tienes un no adulto en el grupo y\/o tu pase es superior a 9 d\u00edas<\/p>\n<p>&nbsp;<\/p>\n<p><strong>SEGURO<\/strong><\/p>\n<p>&nbsp;<\/p>\n<p>El seguro, si se selecciona, es para cada d\u00eda de duraci\u00f3n del pase y puede solicitarse para cualquiera o todos los pases que desees. Cuando hayas pedido el seguro, haz clic en \u00abA\u00f1adir datos del seguro\u00bb en el correo electr\u00f3nico de confirmaci\u00f3n del pedido para a\u00f1adir el nombre y la fecha de nacimiento de cada titular. <\/p>\n<p>&nbsp;<\/p>\n<p>VER <a href=\"https:\/\/old.chamonixskipasses.com\/es\/optional-insurance\/\">LOS DETALLES DEL SEGURO AQU\u00cd<\/a><\/p>\n<p>Los detalles del seguro E-gloo est\u00e1n <a href=\"https:\/\/www.e-gloo.eu\/english\/assurance-ski.php\" target=\"_blank\" rel=\"noopener\">aqu\u00ed.<\/a> Si eliges el seguro, se a\u00f1ade al pase por cada d\u00eda de validez del mismo. Te recomendamos que contrates un seguro de viaje que cubra el desplazamiento, el alojamiento y las actividades de tus vacaciones. <\/p>\n<p>&nbsp;<\/p>\n<p><strong>ESTACIONES DE ESQU\u00cd, ZONAS Y REMONTES<\/strong><\/p>\n<p>&nbsp;<\/p>\n<p>Acceso ilimitado a las zonas de Chamonix:<\/p>\n<p>&nbsp;<\/p>\n<p><strong>Chamonix <\/strong>&#8211; Les Br\u00e9vent y La Fl\u00e9g\u00e8re, zona de Le Balme (Le Tour &#8211; Vallorcine), Grands Montets (Argenti\u00e8re), Les Planards, Le Savoy, Les Chosalets, La Vormaine (zonas de esqu\u00ed familiar a baja altitud), telef\u00e9rico de Aiguille du Midi, tren de Montenvers, telecabina y cueva de hielo<\/p>\n<p><strong>Les Houches &amp;<\/strong> <strong>Meg\u00e8ve<\/strong> Evasi\u00f3n Mont-Blanc &#8211; Meg\u00e8ve &#8211; Evasi\u00f3n Mont Blanc v\u00e1lida con forfaits de 2 d\u00edas o m\u00e1s que incluyen Rochebrune &#8211; C\u00f4te 2000, St. Gervais Mont-Blanc, St. Nicolas de V\u00e9roce, Les Contamines &#8211; Hauteluce, Jaillet &#8211; Combloux, La Giettaz<\/p>\n<p><strong>Courmayeur &amp; Skyway<\/strong>, Italia (con pases de 2 a 21 d\u00edas) &#8211; Todos los d\u00edas (inf\u00f3rmate de los horarios) Tarifa especial (para billete de ida y vuelta). <a href=\"http:\/\/www.estore.arriva.it\" target=\"_blank\" rel=\"noopener\">Haz clic aqu\u00ed<\/a> para obtener informaci\u00f3n sobre la reserva. <strong>Atenci\u00f3n: tienes que esperar 1 hora despu\u00e9s de la compra para que tu forfait de Chamonix funcione en Courmayeur<\/strong>. Valida tus forfaits en Chamonix: necesitas un c\u00f3digo QR rojo para Crans Montana (2 d\u00edas m\u00e1ximo por temporada y forfait) <\/p>\n<p><strong>Crans Montana <\/strong>Suiza*<strong>( <\/strong>con 1 d\u00eda por pase de 2 a 4 d\u00edas y hasta 2 d\u00edas por pase de 5 a 21 d\u00edas).<\/p>\n<p>&nbsp;<\/p>\n<p><strong>OTRAS PRESTACIONES<\/strong><\/p>\n<p>&nbsp;<\/p>\n<p>Autobuses Evasi\u00f3n Mont-Blanc: <a href=\"http:\/\/www.montblancnaturalresort.com\">Meg\u00e8ve desde y hacia Chamonix<\/a> \/ gratuito previa reserva (abonos de 2 a 21 d\u00edas)<\/p>\n<p>Acceso al tren expr\u00e9s TER Mont-Blanc (desde y hacia St-Gervais les Bains \/ Le Fayet (pases de 1 a 21 d\u00edas)<\/p>\n<p>Descuento T\u00fanel del Mont Blanc forfait de 2 a 21 d\u00edas siempre que te registres y reserves el d\u00eda anterior<\/p>\n<p>Prestaciones \u00abCham Val\u00bb (forfait de 3 a 21 d\u00edas). El \u00bb CHAM&#8217;VAL \u00bb uso ilimitado (a menos que se indique lo contrario o sujeto a apertura y cambio sin previo aviso) de: <\/p>\n<p>&nbsp;<\/p>\n<p>&#8211; Centro deportivo Richard Bozon (piscina + sauna + hammam)<br \/>\n&#8211; Les Planards \u00abTrineo sobre ra\u00edles\u00bb &#8211; 1 descenso con un pase de 3 a 21 d\u00edas<br \/>\n&#8211; Pista de hielo Chamonix (patines de ubicaci\u00f3n incluidos)<br \/>\n&#8211; Museo Montagnard en les Houches<br \/>\n&#8211; Museo Alpin<br \/>\n&#8211; Espace Tairraz<br \/>\n&#8211; Maison de l&#8217;Alpage<br \/>\n&#8211; Maison de la M\u00e9moire et du Patrimoine<br \/>\n&#8211; Zona de fitness<br \/>\n&#8211; Esqu\u00ed de fondo: Acceso diario a las pistas de esqu\u00ed de fondo de todo el valle, desde Vallorcine hasta Argenti\u00e8re, Chamonix, Les Houches y Servoz (acceso condicional gratuito). S\u00f3lo tienes que presentar un forfait v\u00e1lido de 3 a 21 d\u00edas \u00abMONT BLANC Unlimited\u00bb en la oficina de esqu\u00ed de fondo de Chamonix o Vallorcine (cerca de la estaci\u00f3n de ferrocarril) para adquirir una pulsera de acceso diario. El material de esqu\u00ed de fondo NO est\u00e1 incluido, pero se puede alquilar en tiendas de deporte o en la oficina de esqu\u00ed de fondo de Vallorcine. Puedes utilizar la prestaci\u00f3n una vez al d\u00eda por actividad.<br \/>\n&#8211; Acceso gratuito en autob\u00fas de Chamonix a Vallorcine.<br \/>\n&#8211; Cinema Vox La plaza cuesta 7,00\u20ac (precios de 2023\/4 sujetos a cambios, correctos en el momento de la publicaci\u00f3n). Precio por sesi\u00f3n &#8211; TBC <\/p>\n<p>&nbsp;<\/p>\n<p>Reembolsos &#8211; El pase MBU Early Bird no es reembolsable en la mayor\u00eda de los casos, pero si adquieres el seguro adicional estar\u00e1s cubierto por las inclusiones espec\u00edficas de la p\u00f3liza.<\/p>\n<p>&nbsp;<\/p>\n<p><strong><em>Amamos las monta\u00f1as y nos ense\u00f1aron a compartir&#8230;<\/em><\/strong><\/p>\n<h2><\/h2>\n","protected":false},"excerpt":{"rendered":"<h3><strong>\u00a1GRANDES DESCUENTOS Y NIEVE!<\/strong><\/h3>\n<p>Del s\u00e1bado 28 de marzo de 2026 al domingo 3 de mayo de 2026, ambos inclusive<\/p>\n<h2><span style=\"color: #ff0000;\"><strong>DISPONIBLE PARA COMPRAR AHORA<\/strong><\/span><\/h2>\n<p><strong>PASO 1 &#8211; Elige y paga tu pase o pases<\/strong><\/p>\n<p><strong>PASO 2 &#8211; Comprueba tu correo electr\u00f3nico para ver la confirmaci\u00f3n del pedido<\/strong><\/p>\n<p><strong>PASO 3 &#8211; ESPERA nuestro correo electr\u00f3nico con tu(s) c\u00f3digo(s) QR<\/strong><\/p>\n<p><strong>PASO 4 &#8211; Consigue tus pases con el c\u00f3digo QR en nuestras \u00abCajas de recogida\u00bb sin hacer cola<\/strong><strong> (te enviamos un mapa)<\/strong><\/p>\n<p><strong>PASO 5 &#8211; \u00a1Divi\u00e9rtete a lo grande!<\/strong><\/p>\n<p data-placeholder=\"Translation\"><strong>Consulta las <a href=\"https:\/\/old.chamonixskipasses.com\/terms-conditions\/\">condiciones<\/a><\/strong><\/p>\n<h4 data-placeholder=\"Translation\">Si compras pases familiares, se incluyen dos adultos y dos ni\u00f1os. Para los ni\u00f1os adicionales, selecciona las insignias necesarias en las casillas para a\u00f1adir a los ni\u00f1os y marca el seguro para cada uno si es necesario. <\/h4>\n<h4 data-placeholder=\"Translation\"><strong>L\u00cdNEA DIRECTA DE ATENCI\u00d3N AL CLIENTE +33 (0) 7 72 69 19 38<\/strong><\/h4>\n","protected":false},"featured_media":9292,"comment_status":"closed","ping_status":"closed","template":"","meta":{"_acf_changed":false},"product_brand":[],"product_cat":[150],"product_tag":[161],"class_list":{"0":"post-5838","1":"product","2":"type-product","3":"status-publish","4":"has-post-thumbnail","6":"product_cat-mbu-fs-es","7":"product_tag-sku-mbu-ss-es","8":"tm-has-options","10":"first","11":"instock","12":"shipping-taxable","13":"purchasable","14":"product-type-simple"},"acf":[],"yoast_head":"<!-- This site is optimized with the Yoast SEO plugin v25.9 - https:\/\/yoast.com\/wordpress\/plugins\/seo\/ -->\n<title>Esqu\u00ed de primavera ilimitado en el Mont Blanc M\u00e1s informaci\u00f3n Forfaits de esqu\u00ed<\/title>\n<meta name=\"description\" content=\"El forfait Ilimitado Primeras Nieves del Mont Blanc tiene descuento para esquiar en Chamonix, sujeto a nevadas tempranas y apertura de remontes.\" \/>\n<meta name=\"robots\" content=\"index, follow, max-snippet:-1, max-image-preview:large, max-video-preview:-1\" \/>\n<link rel=\"canonical\" href=\"https:\/\/old.chamonixskipasses.com\/es\/producto\/mbu-spring-skiing-2025\/\" \/>\n<meta property=\"og:locale\" content=\"es_ES\" \/>\n<meta property=\"og:type\" content=\"article\" \/>\n<meta property=\"og:title\" content=\"Esqu\u00ed de primavera ilimitado en el Mont Blanc M\u00e1s informaci\u00f3n Forfaits de esqu\u00ed\" \/>\n<meta property=\"og:description\" content=\"El forfait Ilimitado Primeras Nieves del Mont Blanc tiene descuento para esquiar en Chamonix, sujeto a nevadas tempranas y apertura de remontes.\" \/>\n<meta property=\"og:url\" content=\"https:\/\/old.chamonixskipasses.com\/es\/producto\/mbu-spring-skiing-2025\/\" \/>\n<meta property=\"og:site_name\" content=\"Chamonix Ski Passes and Early Bird passes\" \/>\n<meta property=\"article:publisher\" content=\"https:\/\/www.facebook.com\/chamonixskipasses\" \/>\n<meta property=\"article:modified_time\" content=\"2025-09-10T10:04:25+00:00\" \/>\n<meta property=\"og:image\" content=\"https:\/\/old.chamonixskipasses.com\/wp-content\/uploads\/2023\/08\/skiing-image.png\" \/>\n\t<meta property=\"og:image:width\" content=\"352\" \/>\n\t<meta property=\"og:image:height\" content=\"480\" \/>\n\t<meta property=\"og:image:type\" content=\"image\/png\" \/>\n<meta name=\"twitter:card\" content=\"summary_large_image\" \/>\n<meta name=\"twitter:site\" content=\"@chamonixpasses\" \/>\n<meta name=\"twitter:label1\" content=\"Tiempo de lectura\" \/>\n\t<meta name=\"twitter:data1\" content=\"2 minutos\" \/>\n<script type=\"application\/ld+json\" class=\"yoast-schema-graph\">{\"@context\":\"https:\/\/schema.org\",\"@graph\":[{\"@type\":\"WebPage\",\"@id\":\"https:\/\/old.chamonixskipasses.com\/es\/producto\/mbu-spring-skiing-2025\/\",\"url\":\"https:\/\/old.chamonixskipasses.com\/es\/producto\/mbu-spring-skiing-2025\/\",\"name\":\"Esqu\u00ed de primavera ilimitado en el Mont Blanc M\u00e1s informaci\u00f3n Forfaits de esqu\u00ed\",\"isPartOf\":{\"@id\":\"https:\/\/old.chamonixskipasses.com\/#website\"},\"primaryImageOfPage\":{\"@id\":\"https:\/\/old.chamonixskipasses.com\/es\/producto\/mbu-spring-skiing-2025\/#primaryimage\"},\"image\":{\"@id\":\"https:\/\/old.chamonixskipasses.com\/es\/producto\/mbu-spring-skiing-2025\/#primaryimage\"},\"thumbnailUrl\":\"https:\/\/old.chamonixskipasses.com\/wp-content\/uploads\/2023\/08\/skiing-image.png\",\"datePublished\":\"2024-03-13T11:18:44+00:00\",\"dateModified\":\"2025-09-10T10:04:25+00:00\",\"description\":\"El forfait Ilimitado Primeras Nieves del Mont Blanc tiene descuento para esquiar en Chamonix, sujeto a nevadas tempranas y apertura de remontes.\",\"breadcrumb\":{\"@id\":\"https:\/\/old.chamonixskipasses.com\/es\/producto\/mbu-spring-skiing-2025\/#breadcrumb\"},\"inLanguage\":\"es\",\"potentialAction\":[{\"@type\":\"ReadAction\",\"target\":[\"https:\/\/old.chamonixskipasses.com\/es\/producto\/mbu-spring-skiing-2025\/\"]}]},{\"@type\":\"ImageObject\",\"inLanguage\":\"es\",\"@id\":\"https:\/\/old.chamonixskipasses.com\/es\/producto\/mbu-spring-skiing-2025\/#primaryimage\",\"url\":\"https:\/\/old.chamonixskipasses.com\/wp-content\/uploads\/2023\/08\/skiing-image.png\",\"contentUrl\":\"https:\/\/old.chamonixskipasses.com\/wp-content\/uploads\/2023\/08\/skiing-image.png\",\"width\":352,\"height\":480,\"caption\":\"Mont Blanc Unlimited spring skiing\"},{\"@type\":\"BreadcrumbList\",\"@id\":\"https:\/\/old.chamonixskipasses.com\/es\/producto\/mbu-spring-skiing-2025\/#breadcrumb\",\"itemListElement\":[{\"@type\":\"ListItem\",\"position\":1,\"name\":\"Home\",\"item\":\"https:\/\/old.chamonixskipasses.com\/es\/nuevo-hogar\/\"},{\"@type\":\"ListItem\",\"position\":2,\"name\":\"Tienda\",\"item\":\"https:\/\/old.chamonixskipasses.com\/es\/tienda\/\"},{\"@type\":\"ListItem\",\"position\":3,\"name\":\"Esqu\u00ed de primavera ilimitado en el Mont Blanc M\u00e1s informaci\u00f3n\"}]},{\"@type\":\"WebSite\",\"@id\":\"https:\/\/old.chamonixskipasses.com\/#website\",\"url\":\"https:\/\/old.chamonixskipasses.com\/\",\"name\":\"Chamonix Ski Passes and Early Bird passes\",\"description\":\"Official Chamonix lift passes\",\"publisher\":{\"@id\":\"https:\/\/old.chamonixskipasses.com\/#organization\"},\"potentialAction\":[{\"@type\":\"SearchAction\",\"target\":{\"@type\":\"EntryPoint\",\"urlTemplate\":\"https:\/\/old.chamonixskipasses.com\/?s={search_term_string}\"},\"query-input\":{\"@type\":\"PropertyValueSpecification\",\"valueRequired\":true,\"valueName\":\"search_term_string\"}}],\"inLanguage\":\"es\"},{\"@type\":\"Organization\",\"@id\":\"https:\/\/old.chamonixskipasses.com\/#organization\",\"name\":\"Chamonix Ski Passes and Early Bird passes\",\"url\":\"https:\/\/old.chamonixskipasses.com\/\",\"logo\":{\"@type\":\"ImageObject\",\"inLanguage\":\"es\",\"@id\":\"https:\/\/old.chamonixskipasses.com\/#\/schema\/logo\/image\/\",\"url\":\"https:\/\/old.chamonixskipasses.com\/wp-content\/uploads\/2024\/12\/color-fav.png\",\"contentUrl\":\"https:\/\/old.chamonixskipasses.com\/wp-content\/uploads\/2024\/12\/color-fav.png\",\"width\":304,\"height\":305,\"caption\":\"Chamonix Ski Passes and Early Bird passes\"},\"image\":{\"@id\":\"https:\/\/old.chamonixskipasses.com\/#\/schema\/logo\/image\/\"},\"sameAs\":[\"https:\/\/www.facebook.com\/chamonixskipasses\",\"https:\/\/x.com\/chamonixpasses\",\"https:\/\/www.instagram.com\/chamonixskipasses\/\",\"https:\/\/www.linkedin.com\/company\/chamonix-ski-passes\/about\/\"]}]}<\/script>\n<!-- \/ Yoast SEO plugin. -->","yoast_head_json":{"title":"Esqu\u00ed de primavera ilimitado en el Mont Blanc M\u00e1s informaci\u00f3n Forfaits de esqu\u00ed","description":"El forfait Ilimitado Primeras Nieves del Mont Blanc tiene descuento para esquiar en Chamonix, sujeto a nevadas tempranas y apertura de remontes.","robots":{"index":"index","follow":"follow","max-snippet":"max-snippet:-1","max-image-preview":"max-image-preview:large","max-video-preview":"max-video-preview:-1"},"canonical":"https:\/\/old.chamonixskipasses.com\/es\/producto\/mbu-spring-skiing-2025\/","og_locale":"es_ES","og_type":"article","og_title":"Esqu\u00ed de primavera ilimitado en el Mont Blanc M\u00e1s informaci\u00f3n Forfaits de esqu\u00ed","og_description":"El forfait Ilimitado Primeras Nieves del Mont Blanc tiene descuento para esquiar en Chamonix, sujeto a nevadas tempranas y apertura de remontes.","og_url":"https:\/\/old.chamonixskipasses.com\/es\/producto\/mbu-spring-skiing-2025\/","og_site_name":"Chamonix Ski Passes and Early Bird passes","article_publisher":"https:\/\/www.facebook.com\/chamonixskipasses","article_modified_time":"2025-09-10T10:04:25+00:00","og_image":[{"width":352,"height":480,"url":"https:\/\/old.chamonixskipasses.com\/wp-content\/uploads\/2023\/08\/skiing-image.png","type":"image\/png"}],"twitter_card":"summary_large_image","twitter_site":"@chamonixpasses","twitter_misc":{"Tiempo de lectura":"2 minutos"},"schema":{"@context":"https:\/\/schema.org","@graph":[{"@type":"WebPage","@id":"https:\/\/old.chamonixskipasses.com\/es\/producto\/mbu-spring-skiing-2025\/","url":"https:\/\/old.chamonixskipasses.com\/es\/producto\/mbu-spring-skiing-2025\/","name":"Esqu\u00ed de primavera ilimitado en el Mont Blanc M\u00e1s informaci\u00f3n Forfaits de esqu\u00ed","isPartOf":{"@id":"https:\/\/old.chamonixskipasses.com\/#website"},"primaryImageOfPage":{"@id":"https:\/\/old.chamonixskipasses.com\/es\/producto\/mbu-spring-skiing-2025\/#primaryimage"},"image":{"@id":"https:\/\/old.chamonixskipasses.com\/es\/producto\/mbu-spring-skiing-2025\/#primaryimage"},"thumbnailUrl":"https:\/\/old.chamonixskipasses.com\/wp-content\/uploads\/2023\/08\/skiing-image.png","datePublished":"2024-03-13T11:18:44+00:00","dateModified":"2025-09-10T10:04:25+00:00","description":"El forfait Ilimitado Primeras Nieves del Mont Blanc tiene descuento para esquiar en Chamonix, sujeto a nevadas tempranas y apertura de remontes.","breadcrumb":{"@id":"https:\/\/old.chamonixskipasses.com\/es\/producto\/mbu-spring-skiing-2025\/#breadcrumb"},"inLanguage":"es","potentialAction":[{"@type":"ReadAction","target":["https:\/\/old.chamonixskipasses.com\/es\/producto\/mbu-spring-skiing-2025\/"]}]},{"@type":"ImageObject","inLanguage":"es","@id":"https:\/\/old.chamonixskipasses.com\/es\/producto\/mbu-spring-skiing-2025\/#primaryimage","url":"https:\/\/old.chamonixskipasses.com\/wp-content\/uploads\/2023\/08\/skiing-image.png","contentUrl":"https:\/\/old.chamonixskipasses.com\/wp-content\/uploads\/2023\/08\/skiing-image.png","width":352,"height":480,"caption":"Mont Blanc Unlimited spring skiing"},{"@type":"BreadcrumbList","@id":"https:\/\/old.chamonixskipasses.com\/es\/producto\/mbu-spring-skiing-2025\/#breadcrumb","itemListElement":[{"@type":"ListItem","position":1,"name":"Home","item":"https:\/\/old.chamonixskipasses.com\/es\/nuevo-hogar\/"},{"@type":"ListItem","position":2,"name":"Tienda","item":"https:\/\/old.chamonixskipasses.com\/es\/tienda\/"},{"@type":"ListItem","position":3,"name":"Esqu\u00ed de primavera ilimitado en el Mont Blanc M\u00e1s informaci\u00f3n"}]},{"@type":"WebSite","@id":"https:\/\/old.chamonixskipasses.com\/#website","url":"https:\/\/old.chamonixskipasses.com\/","name":"Chamonix Ski Passes and Early Bird passes","description":"Official Chamonix lift passes","publisher":{"@id":"https:\/\/old.chamonixskipasses.com\/#organization"},"potentialAction":[{"@type":"SearchAction","target":{"@type":"EntryPoint","urlTemplate":"https:\/\/old.chamonixskipasses.com\/?s={search_term_string}"},"query-input":{"@type":"PropertyValueSpecification","valueRequired":true,"valueName":"search_term_string"}}],"inLanguage":"es"},{"@type":"Organization","@id":"https:\/\/old.chamonixskipasses.com\/#organization","name":"Chamonix Ski Passes and Early Bird passes","url":"https:\/\/old.chamonixskipasses.com\/","logo":{"@type":"ImageObject","inLanguage":"es","@id":"https:\/\/old.chamonixskipasses.com\/#\/schema\/logo\/image\/","url":"https:\/\/old.chamonixskipasses.com\/wp-content\/uploads\/2024\/12\/color-fav.png","contentUrl":"https:\/\/old.chamonixskipasses.com\/wp-content\/uploads\/2024\/12\/color-fav.png","width":304,"height":305,"caption":"Chamonix Ski Passes and Early Bird passes"},"image":{"@id":"https:\/\/old.chamonixskipasses.com\/#\/schema\/logo\/image\/"},"sameAs":["https:\/\/www.facebook.com\/chamonixskipasses","https:\/\/x.com\/chamonixpasses","https:\/\/www.instagram.com\/chamonixskipasses\/","https:\/\/www.linkedin.com\/company\/chamonix-ski-passes\/about\/"]}]}},"_links":{"self":[{"href":"https:\/\/old.chamonixskipasses.com\/es\/wp-json\/wp\/v2\/product\/5838","targetHints":{"allow":["GET"]}}],"collection":[{"href":"https:\/\/old.chamonixskipasses.com\/es\/wp-json\/wp\/v2\/product"}],"about":[{"href":"https:\/\/old.chamonixskipasses.com\/es\/wp-json\/wp\/v2\/types\/product"}],"replies":[{"embeddable":true,"href":"https:\/\/old.chamonixskipasses.com\/es\/wp-json\/wp\/v2\/comments?post=5838"}],"wp:featuredmedia":[{"embeddable":true,"href":"https:\/\/old.chamonixskipasses.com\/es\/wp-json\/wp\/v2\/media\/9292"}],"wp:attachment":[{"href":"https:\/\/old.chamonixskipasses.com\/es\/wp-json\/wp\/v2\/media?parent=5838"}],"wp:term":[{"taxonomy":"product_brand","embeddable":true,"href":"https:\/\/old.chamonixskipasses.com\/es\/wp-json\/wp\/v2\/product_brand?post=5838"},{"taxonomy":"product_cat","embeddable":true,"href":"https:\/\/old.chamonixskipasses.com\/es\/wp-json\/wp\/v2\/product_cat?post=5838"},{"taxonomy":"product_tag","embeddable":true,"href":"https:\/\/old.chamonixskipasses.com\/es\/wp-json\/wp\/v2\/product_tag?post=5838"}],"curies":[{"name":"wp","href":"https:\/\/api.w.org\/{rel}","templated":true}]}}