{"id":5851,"date":"2024-03-15T07:49:38","date_gmt":"2024-03-15T07:49:38","guid":{"rendered":"https:\/\/chamonixskipasses.com\/?post_type=product&#038;p=5851"},"modified":"2024-08-05T14:33:52","modified_gmt":"2024-08-05T14:33:52","slug":"spring-skiing-copy","status":"publish","type":"product","link":"https:\/\/old.chamonixskipasses.com\/es\/producto\/spring-skiing-copy\/","title":{"rendered":"Spring Skiing (Copy)"},"content":{"rendered":"<p><strong>WINTER 2024 \u00ab FIRST SNOW \u00bb\u00a0<\/strong><\/p>\n<p>From 19th November to 20th December 2024<\/p>\n<h3>MONT BLANC UNLIMITED LIFT PASS<\/h3>\n<p>These passes are available until the end the season and available for online purchase for 2 days or longer duration.<\/p>\n<ul>\n<li>Each pass must be purchased with a \u00abSmart Card\u00bb or badge as it is called @ \u20ac3.00 per pass<\/li>\n<li>Prices, terms and conditions are subject to the lift company<\/li>\n<li>Please let us have your full name and date of birth if you have chosen insurance and\/or you have a non-adult in the group and\/or your pass is longer than\u00a0 9 days<\/li>\n<\/ul>\n<p>FAMILY PASSES include 2 adults and 2 children (5 to\u00a0 14 years of age) plus up to 3 additional children free except for the cost of the badge @\u20ac3.00 each plus E-gloo insurance if needed @ \u20ac3.50 per pass per day. Children under the age of 5, are entitlement\u00a0 free passes which can be collected at any of the lift stations.<\/p>\n<p>For details about the the E-gloo insurance <a href=\"https:\/\/www.e-gloo.eu\/english\/assurance-ski.php\" target=\"_blank\" rel=\"noopener\">click here.<\/a><\/p>\n<p>We recommend you arrange travel insurance cover for your travel, accommodation, and activities for your holiday.<\/p>\n<p>&nbsp;<\/p>\n<h3><strong>WHAT THE PASS COVERS<\/strong><\/h3>\n<p><strong>SKI RESORTS, AREAS &amp; LIFTS<\/strong><\/p>\n<p>Unlimited access to the Chamonix areas:<\/p>\n<p><strong>Chamonix\u00a0<\/strong>&#8211; Les Br\u00e9vent &amp; La Fl\u00e9g\u00e8re, Le Balme area (Le Tour &#8211; Vallorcine), Grands Montets (Argenti\u00e8re), Les Planards, Le Savoy, Les Chosalets, La Vormaine (family ski areas at a low elevation), Aiguille du Midi cable car, Montenvers train, gondola &amp; ice cave<\/p>\n<p><strong>Les Houches &amp;<\/strong>\u00a0<strong>Meg\u00e8ve<\/strong>\u00a0Evasion Mont-Blanc &#8211; Meg\u00e8ve &#8211; Evasion Mont Blanc valid with 2 day or longer passes including the Rochebrune &#8211; C\u00f4te 2000,\u00a0St. Gervais Mont-Blanc, St. Nicolas de V\u00e9roce,\u00a0Les Contamines &#8211; Hauteluce, Jaillet &#8211; Combloux, La Giettaz<\/p>\n<p><strong>Courmayeur<\/strong>, Italy (2 to 21 day pass) &amp; Skyway lift (2-21 day pass) &#8211; Every day (enquire about schedules) Special rate (for return ticket). Information\/booking : SAT Chamonix: +33 450 580 253 and online at\u00a0<a href=\"https:\/\/estore.arriva.it\/\" target=\"_blank\" rel=\"noopener\">www.estore.arriva.it\u00a0<\/a> <strong>Beware :<\/strong>\u00a0after making your purchase, if you wish to go to the Italy the same day, please wait 1 hour.<\/p>\n<p><strong>Crans Montana\u00a0<\/strong>Switzerland<strong>*\u00a0<\/strong>(1 day per 2 to 4 day pass &amp; 2 days per 5 to 21 day pass)<\/p>\n<p>&nbsp;<\/p>\n<p><strong>OTHER BENEFITS<\/strong><\/p>\n<p>Evasion Mont-Blanc Buses: <a href=\"http:\/\/www.montblancnaturalresort.com\">Meg\u00e8ve from &amp; to Chamonix<\/a> \/ free on reservation\u00a0 (2 to 21 day passes)<\/p>\n<p>Access to the TER Mont-Blanc express train (from and to St-Gervais les Bains \/ Le Fayet (1 to 21 day passes)<\/p>\n<p>Mont Blanc Tunnel discount 2 to 21 day pass as long as your register and book the day before<\/p>\n<p>Cham Val\u2019 benefits (3 to 21 day pass). The \u00ab CHAM\u2019VAL \u00bb unlimited (unless otherwise stated or subject to opening and change without notice) use of:<\/p>\n<div class=\"planPage_advantage_question\">\n<div class=\"planPage_advantage_question_containe clearfix\">\n<div class=\"col-sm-6\">\n<ul class=\"planPage_advantage_question_list\">\n<li><strong>Sport center<\/strong> Richard Bozon (swimming pool + sauna + hammam)<\/li>\n<li><strong>Les Planards \u00abSled on rails\u00bb<\/strong> &#8211; 1 descent with a 3 to 21 day pass<\/li>\n<li><strong>Ice rink<\/strong>\u00a0Chamonix (location patins inclus)<\/li>\n<li><strong>Montagnard museum<\/strong>\u00a0at les Houches<\/li>\n<li><strong>Alpin museum<\/strong><\/li>\n<li><strong>Espace Tairraz<\/strong><\/li>\n<li><strong>Maison<\/strong>\u00a0de l\u2019Alpage<\/li>\n<li><strong>Maison de la m\u00e9moire et du patrimoine<\/strong><\/li>\n<li><strong>Fitness area<\/strong><\/li>\n<li><strong>Cross-country ski: <\/strong>Daily access to the cross-country ski trails throughout the valley from Vallorcine to Argenti\u00e8re, Chamonix, Les Houches &amp; Servoz (free conditional access). &#8211; Just present a valid 3 to 21 day \u201cMONT BLANC Unlimited\u201d pass at the Chamonix or Vallorcine (close to the railway station) cross-country offices to acquire a daily access bracelet. Cross-country skiing equipment is NOT included but may be hired from sport\u2019s shops or from the Vallorcine cross-country office. You can use the benefit once per day per activity.<\/li>\n<li><strong>Free bus access<\/strong> from Meg\u00e8ve to Vallorcine.<\/li>\n<li><strong>Cinema Vox<\/strong> The place cost \u20ac7,00\u20ac (2023\/4 prices subject to change. correct at time of printing). No limitation on the number of session \u2013 price by session.<\/li>\n<\/ul>\n<\/div>\n<\/div>\n<\/div>\n<p>&nbsp;<\/p>\n<p><strong>All benefits are subject to booking rules and availability and are not guaranteed by Chamonix Ski Passes.\u00a0<\/strong><strong>Please note Verbier is not included<\/strong><strong> any longer<\/strong><strong> and the top gondola at Les Grands Montets is not operational.\u00a0<\/strong><strong>Photo required for passes of 10 days<\/strong><strong> or longer.\u00a0<\/strong><strong>To access the pass benefits, you need to register your pass with the lift company by creating an account on and check the \u201cBOOKLET AVANTAGES\u201d see <\/strong><a href=\"https:\/\/www.montblancnaturalresort.com\/en\/carnet-avantages\"><strong>Click here<\/strong><\/a><strong>\u00a0&#8211; we recommend you research each benefit you intend to use well in advance, thoroughly and take your time.<\/strong><\/p>\n<h4>YOU CAN ONLY REGISTER YOUR PASS FOR CARNET AVANTAGES DURING THE VALIDITY OF THE PASS &#8211; YOU WILL ONLY BE ABLE TO DO THIS AT MIDNIGHT ON THE FIRST DAY THE PASS IS VALID FOR USE.<\/h4>\n<p>Also included: Good laughs and amazing times on the mountains of Chamonix and around.<\/p>\n<p>&nbsp;<\/p>\n<p><strong><em>We love the mountains and were taught to share&#8230;<\/em><\/strong><\/p>\n<p>&nbsp;<\/p>\n<h3><strong>Bienvenue\u00a0<\/strong><strong>\u00e0\u00a0<\/strong><strong>Mont Blanc Unlimited<\/strong><\/h3>\n<hr \/>\n<p><strong>P\u00c9RIODES VALIDES &#8211;\u00a0 toute las saison<\/strong><\/p>\n<p>Nous vendons uniquement des pass de 2 jours ou plus en ligne<\/p>\n<p>Chaque pass doit \u00eatre achet\u00e9 avec une \u00abSmart Card\u00bb ou un badge obligatoire comme on l&#8217;appelle \u00e0 3,00 \u20ac chaque pass.<\/p>\n<p>Les prix, termes et conditions sont sujets \u00e0 changement et sont moins chers en ligne.<\/p>\n<p data-placeholder=\"Translation\">* Les 2\u00e8me, 3\u00e8me et 4\u00e8me enfants sont gratuits, sauf que vous devez ajouter le co\u00fbt du badge pour chaque enfant (3,00 \u20ac chacun) plus l&#8217;assurance si s\u00e9lectionn\u00e9e @ \u20ac3.50 chaque jour chaque pass.<\/p>\n<p>Nous aimons les montagnes et on nous a appris \u00e0 partager\u2026<\/p>\n","protected":false},"excerpt":{"rendered":"<p>Pre-season skiing (if the lifts are open) from Saturday,From 19th November to Friday 20th December 2024<\/p>\n<p><strong>STEP 1 &#8211; Choose and pay for your pass or passes<\/strong><\/p>\n<p><strong>STEP 2 &#8211; Check your email for the order confirmation<\/strong><\/p>\n<p><strong>STEP 3 &#8211; Please WAIT for our email with your QR code(s)<\/strong><\/p>\n<p><strong>STEP 4 &#8211;\u00a0To receive your physical passes please scan the QR code at any of the machines or \u00abPick up boxes\u00bb in\u00a0 the valley. They are located at all the ski areas and dotted around Chamonix village (we send you a map). No queueing is needed and the passes are printed instantly on the spot.<\/strong><\/p>\n<p data-placeholder=\"Translation\"><strong>Please check the <a href=\"https:\/\/old.chamonixskipasses.com\/terms-conditions\/\">terms and conditions<\/a>.<\/strong><\/p>\n<p>&nbsp;<\/p>\n","protected":false},"featured_media":0,"comment_status":"closed","ping_status":"closed","template":"","meta":{"_acf_changed":false},"product_brand":[],"product_cat":[150],"product_tag":[],"class_list":{"0":"post-5851","1":"product","2":"type-product","3":"status-publish","5":"product_cat-mbu-fs-es","6":"tm-has-options","8":"first","9":"instock","10":"shipping-taxable","11":"purchasable","12":"product-type-simple"},"acf":[],"yoast_head":"<!-- This site is optimized with the Yoast SEO plugin v25.9 - https:\/\/yoast.com\/wordpress\/plugins\/seo\/ -->\n<title>Spring Skiing (Copy) Ski Passes<\/title>\n<meta name=\"description\" content=\"The Mont Blanc Unlimited First Snow lift pass is discounted for skiing in Chamonix subject to early snowfall and lift opening\" \/>\n<meta name=\"robots\" content=\"index, follow, max-snippet:-1, max-image-preview:large, max-video-preview:-1\" \/>\n<link rel=\"canonical\" href=\"https:\/\/old.chamonixskipasses.com\/es\/producto\/spring-skiing-copy\/\" \/>\n<meta property=\"og:locale\" content=\"es_ES\" \/>\n<meta property=\"og:type\" content=\"article\" \/>\n<meta property=\"og:title\" content=\"Spring Skiing (Copy) Ski Passes\" \/>\n<meta property=\"og:description\" content=\"The Mont Blanc Unlimited First Snow lift pass is discounted for skiing in Chamonix subject to early snowfall and lift opening\" \/>\n<meta property=\"og:url\" content=\"https:\/\/old.chamonixskipasses.com\/es\/producto\/spring-skiing-copy\/\" \/>\n<meta property=\"og:site_name\" content=\"Chamonix Ski Passes and Early Bird passes\" \/>\n<meta property=\"article:publisher\" content=\"https:\/\/www.facebook.com\/chamonixskipasses\" \/>\n<meta property=\"article:modified_time\" content=\"2024-08-05T14:33:52+00:00\" \/>\n<meta property=\"og:image\" content=\"https:\/\/old.chamonixskipasses.com\/wp-content\/uploads\/2024\/12\/color-fav.png\" \/>\n\t<meta property=\"og:image:width\" content=\"304\" \/>\n\t<meta property=\"og:image:height\" content=\"305\" \/>\n\t<meta property=\"og:image:type\" content=\"image\/png\" \/>\n<meta name=\"twitter:card\" content=\"summary_large_image\" \/>\n<meta name=\"twitter:site\" content=\"@chamonixpasses\" \/>\n<meta name=\"twitter:label1\" content=\"Tiempo de lectura\" \/>\n\t<meta name=\"twitter:data1\" content=\"2 minutos\" \/>\n<script type=\"application\/ld+json\" class=\"yoast-schema-graph\">{\"@context\":\"https:\/\/schema.org\",\"@graph\":[{\"@type\":\"WebPage\",\"@id\":\"https:\/\/old.chamonixskipasses.com\/es\/producto\/spring-skiing-copy\/\",\"url\":\"https:\/\/old.chamonixskipasses.com\/es\/producto\/spring-skiing-copy\/\",\"name\":\"Spring Skiing (Copy) Ski Passes\",\"isPartOf\":{\"@id\":\"https:\/\/old.chamonixskipasses.com\/#website\"},\"datePublished\":\"2024-03-15T07:49:38+00:00\",\"dateModified\":\"2024-08-05T14:33:52+00:00\",\"description\":\"The Mont Blanc Unlimited First Snow lift pass is discounted for skiing in Chamonix subject to early snowfall and lift opening\",\"breadcrumb\":{\"@id\":\"https:\/\/old.chamonixskipasses.com\/es\/producto\/spring-skiing-copy\/#breadcrumb\"},\"inLanguage\":\"es\",\"potentialAction\":[{\"@type\":\"ReadAction\",\"target\":[\"https:\/\/old.chamonixskipasses.com\/es\/producto\/spring-skiing-copy\/\"]}]},{\"@type\":\"BreadcrumbList\",\"@id\":\"https:\/\/old.chamonixskipasses.com\/es\/producto\/spring-skiing-copy\/#breadcrumb\",\"itemListElement\":[{\"@type\":\"ListItem\",\"position\":1,\"name\":\"Home\",\"item\":\"https:\/\/old.chamonixskipasses.com\/es\/nuevo-hogar\/\"},{\"@type\":\"ListItem\",\"position\":2,\"name\":\"Tienda\",\"item\":\"https:\/\/old.chamonixskipasses.com\/es\/tienda\/\"},{\"@type\":\"ListItem\",\"position\":3,\"name\":\"Spring Skiing (Copy)\"}]},{\"@type\":\"WebSite\",\"@id\":\"https:\/\/old.chamonixskipasses.com\/#website\",\"url\":\"https:\/\/old.chamonixskipasses.com\/\",\"name\":\"Chamonix Ski Passes and Early Bird passes\",\"description\":\"Official Chamonix lift passes\",\"publisher\":{\"@id\":\"https:\/\/old.chamonixskipasses.com\/#organization\"},\"potentialAction\":[{\"@type\":\"SearchAction\",\"target\":{\"@type\":\"EntryPoint\",\"urlTemplate\":\"https:\/\/old.chamonixskipasses.com\/?s={search_term_string}\"},\"query-input\":{\"@type\":\"PropertyValueSpecification\",\"valueRequired\":true,\"valueName\":\"search_term_string\"}}],\"inLanguage\":\"es\"},{\"@type\":\"Organization\",\"@id\":\"https:\/\/old.chamonixskipasses.com\/#organization\",\"name\":\"Chamonix Ski Passes and Early Bird passes\",\"url\":\"https:\/\/old.chamonixskipasses.com\/\",\"logo\":{\"@type\":\"ImageObject\",\"inLanguage\":\"es\",\"@id\":\"https:\/\/old.chamonixskipasses.com\/#\/schema\/logo\/image\/\",\"url\":\"https:\/\/old.chamonixskipasses.com\/wp-content\/uploads\/2024\/12\/color-fav.png\",\"contentUrl\":\"https:\/\/old.chamonixskipasses.com\/wp-content\/uploads\/2024\/12\/color-fav.png\",\"width\":304,\"height\":305,\"caption\":\"Chamonix Ski Passes and Early Bird passes\"},\"image\":{\"@id\":\"https:\/\/old.chamonixskipasses.com\/#\/schema\/logo\/image\/\"},\"sameAs\":[\"https:\/\/www.facebook.com\/chamonixskipasses\",\"https:\/\/x.com\/chamonixpasses\",\"https:\/\/www.instagram.com\/chamonixskipasses\/\",\"https:\/\/www.linkedin.com\/company\/chamonix-ski-passes\/about\/\"]}]}<\/script>\n<!-- \/ Yoast SEO plugin. -->","yoast_head_json":{"title":"Spring Skiing (Copy) Ski Passes","description":"The Mont Blanc Unlimited First Snow lift pass is discounted for skiing in Chamonix subject to early snowfall and lift opening","robots":{"index":"index","follow":"follow","max-snippet":"max-snippet:-1","max-image-preview":"max-image-preview:large","max-video-preview":"max-video-preview:-1"},"canonical":"https:\/\/old.chamonixskipasses.com\/es\/producto\/spring-skiing-copy\/","og_locale":"es_ES","og_type":"article","og_title":"Spring Skiing (Copy) Ski Passes","og_description":"The Mont Blanc Unlimited First Snow lift pass is discounted for skiing in Chamonix subject to early snowfall and lift opening","og_url":"https:\/\/old.chamonixskipasses.com\/es\/producto\/spring-skiing-copy\/","og_site_name":"Chamonix Ski Passes and Early Bird passes","article_publisher":"https:\/\/www.facebook.com\/chamonixskipasses","article_modified_time":"2024-08-05T14:33:52+00:00","og_image":[{"width":304,"height":305,"url":"https:\/\/old.chamonixskipasses.com\/wp-content\/uploads\/2024\/12\/color-fav.png","type":"image\/png"}],"twitter_card":"summary_large_image","twitter_site":"@chamonixpasses","twitter_misc":{"Tiempo de lectura":"2 minutos"},"schema":{"@context":"https:\/\/schema.org","@graph":[{"@type":"WebPage","@id":"https:\/\/old.chamonixskipasses.com\/es\/producto\/spring-skiing-copy\/","url":"https:\/\/old.chamonixskipasses.com\/es\/producto\/spring-skiing-copy\/","name":"Spring Skiing (Copy) Ski Passes","isPartOf":{"@id":"https:\/\/old.chamonixskipasses.com\/#website"},"datePublished":"2024-03-15T07:49:38+00:00","dateModified":"2024-08-05T14:33:52+00:00","description":"The Mont Blanc Unlimited First Snow lift pass is discounted for skiing in Chamonix subject to early snowfall and lift opening","breadcrumb":{"@id":"https:\/\/old.chamonixskipasses.com\/es\/producto\/spring-skiing-copy\/#breadcrumb"},"inLanguage":"es","potentialAction":[{"@type":"ReadAction","target":["https:\/\/old.chamonixskipasses.com\/es\/producto\/spring-skiing-copy\/"]}]},{"@type":"BreadcrumbList","@id":"https:\/\/old.chamonixskipasses.com\/es\/producto\/spring-skiing-copy\/#breadcrumb","itemListElement":[{"@type":"ListItem","position":1,"name":"Home","item":"https:\/\/old.chamonixskipasses.com\/es\/nuevo-hogar\/"},{"@type":"ListItem","position":2,"name":"Tienda","item":"https:\/\/old.chamonixskipasses.com\/es\/tienda\/"},{"@type":"ListItem","position":3,"name":"Spring Skiing (Copy)"}]},{"@type":"WebSite","@id":"https:\/\/old.chamonixskipasses.com\/#website","url":"https:\/\/old.chamonixskipasses.com\/","name":"Chamonix Ski Passes and Early Bird passes","description":"Official Chamonix lift passes","publisher":{"@id":"https:\/\/old.chamonixskipasses.com\/#organization"},"potentialAction":[{"@type":"SearchAction","target":{"@type":"EntryPoint","urlTemplate":"https:\/\/old.chamonixskipasses.com\/?s={search_term_string}"},"query-input":{"@type":"PropertyValueSpecification","valueRequired":true,"valueName":"search_term_string"}}],"inLanguage":"es"},{"@type":"Organization","@id":"https:\/\/old.chamonixskipasses.com\/#organization","name":"Chamonix Ski Passes and Early Bird passes","url":"https:\/\/old.chamonixskipasses.com\/","logo":{"@type":"ImageObject","inLanguage":"es","@id":"https:\/\/old.chamonixskipasses.com\/#\/schema\/logo\/image\/","url":"https:\/\/old.chamonixskipasses.com\/wp-content\/uploads\/2024\/12\/color-fav.png","contentUrl":"https:\/\/old.chamonixskipasses.com\/wp-content\/uploads\/2024\/12\/color-fav.png","width":304,"height":305,"caption":"Chamonix Ski Passes and Early Bird passes"},"image":{"@id":"https:\/\/old.chamonixskipasses.com\/#\/schema\/logo\/image\/"},"sameAs":["https:\/\/www.facebook.com\/chamonixskipasses","https:\/\/x.com\/chamonixpasses","https:\/\/www.instagram.com\/chamonixskipasses\/","https:\/\/www.linkedin.com\/company\/chamonix-ski-passes\/about\/"]}]}},"_links":{"self":[{"href":"https:\/\/old.chamonixskipasses.com\/es\/wp-json\/wp\/v2\/product\/5851","targetHints":{"allow":["GET"]}}],"collection":[{"href":"https:\/\/old.chamonixskipasses.com\/es\/wp-json\/wp\/v2\/product"}],"about":[{"href":"https:\/\/old.chamonixskipasses.com\/es\/wp-json\/wp\/v2\/types\/product"}],"replies":[{"embeddable":true,"href":"https:\/\/old.chamonixskipasses.com\/es\/wp-json\/wp\/v2\/comments?post=5851"}],"wp:attachment":[{"href":"https:\/\/old.chamonixskipasses.com\/es\/wp-json\/wp\/v2\/media?parent=5851"}],"wp:term":[{"taxonomy":"product_brand","embeddable":true,"href":"https:\/\/old.chamonixskipasses.com\/es\/wp-json\/wp\/v2\/product_brand?post=5851"},{"taxonomy":"product_cat","embeddable":true,"href":"https:\/\/old.chamonixskipasses.com\/es\/wp-json\/wp\/v2\/product_cat?post=5851"},{"taxonomy":"product_tag","embeddable":true,"href":"https:\/\/old.chamonixskipasses.com\/es\/wp-json\/wp\/v2\/product_tag?post=5851"}],"curies":[{"name":"wp","href":"https:\/\/api.w.org\/{rel}","templated":true}]}}