{"id":14916,"date":"2025-09-04T09:37:22","date_gmt":"2025-09-04T09:37:22","guid":{"rendered":"https:\/\/chamonixskistg.wpenginepowered.com\/?post_type=product&#038;p=14916"},"modified":"2025-09-04T09:41:10","modified_gmt":"2025-09-04T09:41:10","slug":"mont-blanc-illimite-early-bird-copy","status":"publish","type":"product","link":"https:\/\/old.chamonixskipasses.com\/fr\/produit\/mont-blanc-illimite-early-bird-copy\/","title":{"rendered":"Mont Blanc Illimit\u00e9 Early Bird (Copy)"},"content":{"rendered":"<h3>FORFAIT ILLIMIT\u00c9 MONT BLANC<\/h3>\n<h2><span style=\"color: #ff0000;\"><strong>Bienvenue \u00e0 l&rsquo;hiver 2025<\/strong><\/span><\/h2>\n<p>Les forfaits Mont Blanc Unlimited Early Bird sont disponibles jusqu&rsquo;\u00e0 la fin du mois et sont valables pour toutes les remont\u00e9es m\u00e9caniques de Chamonix et des Houches ainsi que pour les autres remont\u00e9es m\u00e9caniques list\u00e9es ci-dessous. Vous ne pouvez acheter ce forfait que si vous skiez \u00e0 l&rsquo;int\u00e9rieur du domaine skiable :<\/p>\n<h3><strong>Samedi 4<\/strong><strong><sup>janvier<\/sup><\/strong> <strong>janvier &#8211; vendredi 7<\/strong><strong><sup>janvier <\/sup><\/strong><strong>F<\/strong><strong>f\u00e9vrier 2025<\/strong><\/h3>\n<h3><strong>&amp;<\/strong><\/h3>\n<h3><strong>Samedi 15<\/strong><strong><sup>mars<\/sup><\/strong> <strong>mars &#8211; dimanche 28<\/strong><strong><sup>mars<\/sup><\/strong> <strong>mars 2025<\/strong><\/h3>\n<h3><\/h3>\n<h3>CONSULTEZ LES <a href=\"https:\/\/old.chamonixskipasses.com\/fr\/optional-insurance\/\">D\u00c9TAILS DE L&rsquo;ASSURANCE ICI<\/a><\/h3>\n<p><strong>Si vous skiez \u00e0 un autre moment, veuillez consulter les options Mont Blanc Unlimited ou Chamonix Le Pass et si vos dates tombent sur certaines des p\u00e9riodes ci-dessus, vous pouvez acheter un pass s\u00e9par\u00e9 pour chaque p\u00e9riode, par exemple quelques jours de Early Bird et quelques jours d&rsquo;un autre type de pass, vous recevrez alors deux QR codes, un pour chaque pass.<\/strong><\/p>\n<p>Veuillez consulter les options Mont Blanc Unlimited et Chamonix Le Pass pour les forfaits en dehors de ces dates. Les prix indiqu\u00e9s comprennent les badges, le nombre de jours et l&rsquo;assurance. Vous recevrez un e-mail contenant un code QR pour votre commande, que vous pourrez utiliser \u00e0 n&rsquo;importe quelle station de remont\u00e9es m\u00e9caniques et \u00e0 quelques endroits dans la vall\u00e9e o\u00f9 se trouvent des \u00ab\u00a0Pick up boxes\u00a0\u00bb. Il vous suffit de scanner le code \u00e0 partir de votre smartphone pour que les forfaits soient imprim\u00e9s pour vous. Pas de file d&rsquo;attente ni de stress. Pour les forfaits de 10 jours ou plus (avec photos) et les forfaits familiaux, nous vous les remettrons en main propre dans la station avant de skier ou nous les d\u00e9poserons \u00e0 votre h\u00f4tel, chalet ou appartement.<\/p>\n<p data-placeholder=\"Translation\"><strong>La soci\u00e9t\u00e9 de remont\u00e9es m\u00e9caniques ne remboursera pas ces forfaits, et nous ne pouvons malheureusement pas le faire, \u00e0 moins d&rsquo;\u00eatre couverts par l&rsquo;assurance disponible.<\/strong><\/p>\n<ul>\n<li>Si votre p\u00e9riode chevauche la haute saison, vous aurez besoin d&rsquo;un laissez-passer pour chaque p\u00e9riode.<\/li>\n<li>Chaque laissez-passer doit \u00eatre achet\u00e9 avec une \u00ab\u00a0carte \u00e0 puce\u00a0\u00bb ou un badge, au prix de 3,00 euros par laissez-passer et par p\u00e9riode.<\/li>\n<li>Les prix, les conditions et les modalit\u00e9s d\u00e9pendent de la soci\u00e9t\u00e9 de remont\u00e9es m\u00e9caniques et sont susceptibles d&rsquo;\u00eatre modifi\u00e9s. Nous ne pouvons pas modifier votre commande une fois qu&rsquo;elle a \u00e9t\u00e9 confirm\u00e9e. <\/li>\n<\/ul>\n<p>Les <strong>forfaits famille<\/strong> comprennent 2 adultes et 2 enfants (entre 6 et 14 ans) et jusqu&rsquo;\u00e0 3 enfants suppl\u00e9mentaires gratuits, \u00e0 l&rsquo;exception du co\u00fbt du badge (3 \u20ac par enfant) et de l&rsquo;assurance E-gloo (3,50 \u20ac par jour et par forfait). Les forfaits de remont\u00e9es m\u00e9caniques sont gratuits pour les enfants de moins de 5 ans. Vous pouvez les retirer \u00e0 n&rsquo;importe quelle station de remont\u00e9es m\u00e9caniques. Nous vous recommandons de prendre une assurance voyage pour votre voyage, votre h\u00e9bergement et vos activit\u00e9s pendant vos vacances et nous vous recommandons vivement de prendre l&rsquo;assurance offerte avec les forfaits de ski.<\/p>\n<p><strong>CE QUE COUVRE LE FORFAIT ILLIMIT\u00c9 MONT BLANC<\/strong><\/p>\n<p>Ces forfaits sont disponibles jusqu&rsquo;\u00e0 la fin de la saison et peuvent \u00eatre achet\u00e9s en ligne pour une dur\u00e9e de 2 jours ou plus.<\/p>\n<ul>\n<li>Chaque laissez-passer doit \u00eatre achet\u00e9 avec une \u00ab\u00a0carte \u00e0 puce\u00a0\u00bb ou un badge, au prix de 3,00 euros par laissez-passer.<\/li>\n<li>Les prix, les conditions et les modalit\u00e9s sont soumis \u00e0 la soci\u00e9t\u00e9 de remont\u00e9es m\u00e9caniques.<\/li>\n<li>Veuillez nous communiquer votre nom complet et votre date de naissance si vous avez choisi une assurance et\/ou si vous avez un non-adulte dans le groupe et\/ou si votre forfait est de plus de 9 jours.<\/li>\n<\/ul>\n<p>Les forfaits familiaux comprennent 2 adultes et 2 enfants (de 5 \u00e0 14 ans) et jusqu&rsquo;\u00e0 3 enfants suppl\u00e9mentaires gratuits, \u00e0 l&rsquo;exception du co\u00fbt du badge (3 \u20ac par enfant) et de l&rsquo;assurance E-gloo (3,50 \u20ac par jour et par forfait). Les enfants de moins de 5 ans ont droit \u00e0 des forfaits gratuits qui peuvent \u00eatre retir\u00e9s \u00e0 n&rsquo;importe quelle station de remont\u00e9es m\u00e9caniques. Pour plus de d\u00e9tails sur l&rsquo;assurance E-gloo <a href=\"\" target=\"\" rel=\"noopener\">, cliquez ici.<\/a> Nous vous recommandons de souscrire une assurance voyage pour vos d\u00e9placements, votre h\u00e9bergement et les activit\u00e9s de vos vacances. <\/p>\n<p><strong>STATIONS DE SKI, DOMAINES ET REMONT\u00c9ES M\u00c9CANIQUES<\/strong><\/p>\n<p>Acc\u00e8s illimit\u00e9 \u00e0 la r\u00e9gion de Chamonix : <strong>Chamonix <\/strong>&#8211; Les Br\u00e9vent &amp; La Fl\u00e9g\u00e8re, domaine du Balme (Le Tour &#8211; Vallorcine), Grands Montets (Argenti\u00e8re), Les Planards, Le Savoy, Les Chosalets, La Vormaine (domaines skiables familiaux \u00e0 faible altitude), t\u00e9l\u00e9ph\u00e9rique de l&rsquo;Aiguille du Midi, train du Montenvers, t\u00e9l\u00e9cabine &amp; grotte de glace Les Houches &amp; Meg\u00e8ve Evasion Mont-Blanc &#8211; Meg\u00e8ve &#8211; Evasion Mont Blanc valable avec des forfaits 2 jours et plus incluant Rochebrune &#8211; C\u00f4te d&rsquo;Azur, Meg\u00e8ve &#8211; Evasion Mont-Blanc. grotte de glace <strong>Les Houches &amp;<\/strong> <strong>Meg\u00e8ve<\/strong> Evasion Mont-Blanc &#8211; Meg\u00e8ve &#8211; Evasion Mont Blanc valable avec les forfaits 2 jours ou plus incluant les stations de Rochebrune &#8211; C\u00f4te 2000, St. Gervais Mont-Blanc, St. Nicolas de V\u00e9roce, Les Contamines &#8211; Hauteluce, Jaillet &#8211; Combloux, La Giettaz <strong>Courmayeur &amp; Skyway<\/strong>, Italie (avec des forfaits de 2 \u00e0 21 jours) &#8211; Tous les jours (se renseigner sur les horaires) Tarif sp\u00e9cial (pour un billet aller-retour). <a href=\"\" target=\"\" rel=\"noopener\">Cliquez ici<\/a> pour les informations de r\u00e9servation. <strong>Attention : Vous devez attendre 1 heure apr\u00e8s l&rsquo;achat pour que votre forfait Chamonix fonctionne \u00e0 Courmayeur<\/strong>. <strong>Crans Montana <\/strong>Suisse*<strong>( <\/strong>avec 1 jour pour les forfaits 2-4 jours et jusqu&rsquo;\u00e0 2 jours pour les forfaits 5-21 jours).<\/p>\n<p><strong>AUTRES PRESTATIONS<\/strong><\/p>\n<p>Bus Evasion Mont-Blanc : <a href=\"http:\/\/www.montblancnaturalresort.com\">Meg\u00e8ve de &amp; vers Chamonix<\/a> \/ gratuit sur r\u00e9servation (cartes de 2 \u00e0 21 jours)<\/p>\n<p>Acc\u00e8s au TER Mont-Blanc (de et vers St-Gervais les Bains \/ Le Fayet (cartes de 1 \u00e0 21 jours)<\/p>\n<p>Tunnel du Mont Blanc : r\u00e9duction sur les forfaits 2 \u00e0 21 jours \u00e0 condition de s&rsquo;inscrire et de r\u00e9server la veille.<\/p>\n<p>Les avantages \u00a0\u00bb Cham Val \u00a0\u00bb (carte de 3 \u00e0 21 jours). Le \u00a0\u00bb CHAM&rsquo;VAL \u00a0\u00bb permet l&rsquo;utilisation illimit\u00e9e (sauf mention contraire ou sous r\u00e9serve d&rsquo;ouverture et de modification sans pr\u00e9avis) : <\/p>\n<p>&#8211; Centre sportif Richard Bozon (piscine + sauna + hammam)<br \/>\n&#8211; Les Planards \u00ab\u00a0Luge sur rails\u00a0\u00bb &#8211; 1 descente avec un forfait de 3 \u00e0 21 jours<br \/>\n&#8211; Patinoire Chamonix (location patins incluse)<br \/>\n&#8211; Mus\u00e9e Montagnard aux Houches<br \/>\n&#8211; Mus\u00e9e Alpin<br \/>\n&#8211; Espace Tairraz<br \/>\n&#8211; Maison de l&rsquo;Alpage<br \/>\n&#8211; Maison de la M\u00e9moire et du Patrimoine<br \/>\n&#8211; Espace Fitness<br \/>\n&#8211; Ski de fond : Acc\u00e8s quotidien aux pistes de ski de fond dans toute la vall\u00e9e de Vallorcine \u00e0 Argenti\u00e8re, Chamonix, Les Houches &amp; Servoz (acc\u00e8s gratuit et conditionnel). Il vous suffit de pr\u00e9senter un forfait \u00ab\u00a0MONT BLANC Unlimited\u00a0\u00bb valable de 3 \u00e0 21 jours au bureau de ski de fond de Chamonix ou de Vallorcine (pr\u00e8s de la gare) pour obtenir un bracelet d&rsquo;acc\u00e8s quotidien. L&rsquo;\u00e9quipement de ski de fond n&rsquo;est PAS inclus mais peut \u00eatre lou\u00e9 dans les magasins de sport ou \u00e0 l&rsquo;office de ski de fond de Vallorcine. Vous pouvez utiliser cet avantage une fois par jour et par activit\u00e9. &#8211; Acc\u00e8s gratuit au bus de Chamonix \u00e0 Vallorcine. &#8211; Cin\u00e9ma Vox La place co\u00fbte \u20ac7,00\u20ac (prix 2023\/4 sujets \u00e0 modification, exacts au moment de la publication). Pas de limitation du nombre de s\u00e9ances &#8211; prix par s\u00e9ance.   <\/p>\n<p><strong><em>Nous aimons les montagnes et nous avons appris \u00e0 partager&#8230;<\/em><\/strong><\/p>\n","protected":false},"excerpt":{"rendered":"<h2><span style=\"color: #ff0000;\"><strong>Pour une dur\u00e9e limit\u00e9e &#8211; DISPONIBLE \u00c0 L&rsquo;ACHAT MAINTENANT<\/strong><\/span><\/h2>\n<p><strong>\u00c9TAPE 1 &#8211; Choisissez et payez votre ou vos laissez-passer<\/strong><\/p>\n<p><strong>\u00c9TAPE 2 &#8211; Consultez votre courrier \u00e9lectronique pour obtenir la confirmation de la commande<\/strong><\/p>\n<p><strong>\u00c9TAPE 3 &#8211; Attendez notre courriel contenant votre (vos) code(s) QR.<\/strong><\/p>\n<p><strong>\u00c9TAPE 4 &#8211; Obtenez vos laissez-passer avec le code QR \u00e0 nos \u00ab\u00a0Pick up boxes\u00a0\u00bb sans faire la queue.<\/strong><strong> (nous vous envoyons un plan)<\/strong><\/p>\n<p><strong>\u00c9TAPE 5 &#8211; Passez un excellent moment !<\/strong><\/p>\n<p data-placeholder=\"Translation\"><strong>Veuillez consulter les <a href=\"https:\/\/old.chamonixskipasses.com\/terms-conditions\/\">conditions g\u00e9n\u00e9rales d&rsquo;utilisation<\/a><\/strong><\/p>\n<h4 data-placeholder=\"Translation\">Si vous achetez des laissez-passer familiaux, deux adultes et deux enfants sont inclus. Pour les enfants suppl\u00e9mentaires, veuillez s\u00e9lectionner les badges n\u00e9cessaires dans les cases \u00e0 cocher pour ajouter les enfants et v\u00e9rifier l&rsquo;assurance pour chacun d&rsquo;entre eux si n\u00e9cessaire. <\/h4>\n<h4 data-placeholder=\"Translation\"><strong>HOT LINE CLIENTS +33 (0) 7 72 69 19 38<\/strong><\/h4>\n<h3 data-placeholder=\"Translation\"><strong>HOT LINE CLIENTS +33 (0) 7 72 69 19 38<\/strong><\/h3>\n","protected":false},"featured_media":4155,"comment_status":"closed","ping_status":"closed","template":"","meta":{"_acf_changed":false},"product_brand":[],"product_cat":[151],"product_tag":[208],"class_list":{"0":"post-14916","1":"product","2":"type-product","3":"status-publish","4":"has-post-thumbnail","6":"product_cat-mbu-eb-fr","7":"product_tag-sku-mbu-eb-fr","8":"tm-has-options","10":"first","11":"outofstock","12":"purchasable","13":"product-type-simple"},"acf":[],"yoast_head":"<!-- This site is optimized with the Yoast SEO plugin v25.9 - https:\/\/yoast.com\/wordpress\/plugins\/seo\/ -->\n<title>Mont Blanc Illimit\u00e9 Early Bird (Copy) - Chamonix Ski Passes and Early Bird passes<\/title>\n<meta name=\"robots\" content=\"index, follow, max-snippet:-1, max-image-preview:large, max-video-preview:-1\" \/>\n<link rel=\"canonical\" href=\"https:\/\/old.chamonixskipasses.com\/fr\/produit\/mont-blanc-illimite-early-bird-copy\/\" \/>\n<meta property=\"og:locale\" content=\"fr_FR\" \/>\n<meta property=\"og:type\" content=\"article\" \/>\n<meta property=\"og:title\" content=\"Mont Blanc Illimit\u00e9 Early Bird (Copy) - Chamonix Ski Passes and Early Bird passes\" \/>\n<meta property=\"og:description\" content=\"Pour une dur\u00e9e limit\u00e9e - DISPONIBLE \u00c0 L&#039;ACHAT MAINTENANT \u00c9TAPE 1 - Choisissez et payez votre ou vos laissez-passer  \u00c9TAPE 2 - Consultez votre courrier \u00e9lectronique pour obtenir la confirmation de la commande  \u00c9TAPE 3 - Attendez notre courriel contenant votre (vos) code(s) QR.  \u00c9TAPE 4 - Obtenez vos laissez-passer avec le code QR \u00e0 nos &quot;Pick up boxes&quot; sans faire la queue. (nous vous envoyons un plan)  \u00c9TAPE 5 - Passez un excellent moment ! Veuillez consulter les conditions g\u00e9n\u00e9rales d&#039;utilisation  Si vous achetez des laissez-passer familiaux, deux adultes et deux enfants sont inclus. Pour les enfants suppl\u00e9mentaires, veuillez s\u00e9lectionner les badges n\u00e9cessaires dans les cases \u00e0 cocher pour ajouter les enfants et v\u00e9rifier l&#039;assurance pour chacun d&#039;entre eux si n\u00e9cessaire.  HOT LINE CLIENTS +33 (0) 7 72 69 19 38 HOT LINE CLIENTS +33 (0) 7 72 69 19 38\" \/>\n<meta property=\"og:url\" content=\"https:\/\/old.chamonixskipasses.com\/fr\/produit\/mont-blanc-illimite-early-bird-copy\/\" \/>\n<meta property=\"og:site_name\" content=\"Chamonix Ski Passes and Early Bird passes\" \/>\n<meta property=\"article:publisher\" content=\"https:\/\/www.facebook.com\/chamonixskipasses\" \/>\n<meta property=\"article:modified_time\" content=\"2025-09-04T09:41:10+00:00\" \/>\n<meta property=\"og:image\" content=\"https:\/\/old.chamonixskipasses.com\/wp-content\/uploads\/2023\/09\/cham-eb-1-1.jpg\" \/>\n\t<meta property=\"og:image:width\" content=\"358\" \/>\n\t<meta property=\"og:image:height\" content=\"494\" \/>\n\t<meta property=\"og:image:type\" content=\"image\/jpeg\" \/>\n<meta name=\"twitter:card\" content=\"summary_large_image\" \/>\n<meta name=\"twitter:site\" content=\"@chamonixpasses\" \/>\n<meta name=\"twitter:label1\" content=\"Dur\u00e9e de lecture estim\u00e9e\" \/>\n\t<meta name=\"twitter:data1\" content=\"6 minutes\" \/>\n<script type=\"application\/ld+json\" class=\"yoast-schema-graph\">{\"@context\":\"https:\/\/schema.org\",\"@graph\":[{\"@type\":\"WebPage\",\"@id\":\"https:\/\/old.chamonixskipasses.com\/fr\/produit\/mont-blanc-illimite-early-bird-copy\/\",\"url\":\"https:\/\/old.chamonixskipasses.com\/fr\/produit\/mont-blanc-illimite-early-bird-copy\/\",\"name\":\"Mont Blanc Illimit\u00e9 Early Bird (Copy) - Chamonix Ski Passes and Early Bird passes\",\"isPartOf\":{\"@id\":\"https:\/\/old.chamonixskipasses.com\/#website\"},\"primaryImageOfPage\":{\"@id\":\"https:\/\/old.chamonixskipasses.com\/fr\/produit\/mont-blanc-illimite-early-bird-copy\/#primaryimage\"},\"image\":{\"@id\":\"https:\/\/old.chamonixskipasses.com\/fr\/produit\/mont-blanc-illimite-early-bird-copy\/#primaryimage\"},\"thumbnailUrl\":\"https:\/\/old.chamonixskipasses.com\/wp-content\/uploads\/2023\/09\/cham-eb-1-1.jpg\",\"datePublished\":\"2025-09-04T09:37:22+00:00\",\"dateModified\":\"2025-09-04T09:41:10+00:00\",\"breadcrumb\":{\"@id\":\"https:\/\/old.chamonixskipasses.com\/fr\/produit\/mont-blanc-illimite-early-bird-copy\/#breadcrumb\"},\"inLanguage\":\"fr-FR\",\"potentialAction\":[{\"@type\":\"ReadAction\",\"target\":[\"https:\/\/old.chamonixskipasses.com\/fr\/produit\/mont-blanc-illimite-early-bird-copy\/\"]}]},{\"@type\":\"ImageObject\",\"inLanguage\":\"fr-FR\",\"@id\":\"https:\/\/old.chamonixskipasses.com\/fr\/produit\/mont-blanc-illimite-early-bird-copy\/#primaryimage\",\"url\":\"https:\/\/old.chamonixskipasses.com\/wp-content\/uploads\/2023\/09\/cham-eb-1-1.jpg\",\"contentUrl\":\"https:\/\/old.chamonixskipasses.com\/wp-content\/uploads\/2023\/09\/cham-eb-1-1.jpg\",\"width\":358,\"height\":494,\"caption\":\"Mont Blanc Unlimited Early Bird\"},{\"@type\":\"BreadcrumbList\",\"@id\":\"https:\/\/old.chamonixskipasses.com\/fr\/produit\/mont-blanc-illimite-early-bird-copy\/#breadcrumb\",\"itemListElement\":[{\"@type\":\"ListItem\",\"position\":1,\"name\":\"Home\",\"item\":\"https:\/\/old.chamonixskipasses.com\/fr\/nouvelle-maison\/\"},{\"@type\":\"ListItem\",\"position\":2,\"name\":\"Boutique\",\"item\":\"https:\/\/old.chamonixskipasses.com\/fr\/boutique\/\"},{\"@type\":\"ListItem\",\"position\":3,\"name\":\"Mont Blanc Illimit\u00e9 Early Bird (Copy)\"}]},{\"@type\":\"WebSite\",\"@id\":\"https:\/\/old.chamonixskipasses.com\/#website\",\"url\":\"https:\/\/old.chamonixskipasses.com\/\",\"name\":\"Chamonix Ski Passes and Early Bird passes\",\"description\":\"Official Chamonix lift passes\",\"publisher\":{\"@id\":\"https:\/\/old.chamonixskipasses.com\/#organization\"},\"potentialAction\":[{\"@type\":\"SearchAction\",\"target\":{\"@type\":\"EntryPoint\",\"urlTemplate\":\"https:\/\/old.chamonixskipasses.com\/?s={search_term_string}\"},\"query-input\":{\"@type\":\"PropertyValueSpecification\",\"valueRequired\":true,\"valueName\":\"search_term_string\"}}],\"inLanguage\":\"fr-FR\"},{\"@type\":\"Organization\",\"@id\":\"https:\/\/old.chamonixskipasses.com\/#organization\",\"name\":\"Chamonix Ski Passes and Early Bird passes\",\"url\":\"https:\/\/old.chamonixskipasses.com\/\",\"logo\":{\"@type\":\"ImageObject\",\"inLanguage\":\"fr-FR\",\"@id\":\"https:\/\/old.chamonixskipasses.com\/#\/schema\/logo\/image\/\",\"url\":\"https:\/\/old.chamonixskipasses.com\/wp-content\/uploads\/2024\/12\/color-fav.png\",\"contentUrl\":\"https:\/\/old.chamonixskipasses.com\/wp-content\/uploads\/2024\/12\/color-fav.png\",\"width\":304,\"height\":305,\"caption\":\"Chamonix Ski Passes and Early Bird passes\"},\"image\":{\"@id\":\"https:\/\/old.chamonixskipasses.com\/#\/schema\/logo\/image\/\"},\"sameAs\":[\"https:\/\/www.facebook.com\/chamonixskipasses\",\"https:\/\/x.com\/chamonixpasses\",\"https:\/\/www.instagram.com\/chamonixskipasses\/\",\"https:\/\/www.linkedin.com\/company\/chamonix-ski-passes\/about\/\"]}]}<\/script>\n<!-- \/ Yoast SEO plugin. -->","yoast_head_json":{"title":"Mont Blanc Illimit\u00e9 Early Bird (Copy) - Chamonix Ski Passes and Early Bird passes","robots":{"index":"index","follow":"follow","max-snippet":"max-snippet:-1","max-image-preview":"max-image-preview:large","max-video-preview":"max-video-preview:-1"},"canonical":"https:\/\/old.chamonixskipasses.com\/fr\/produit\/mont-blanc-illimite-early-bird-copy\/","og_locale":"fr_FR","og_type":"article","og_title":"Mont Blanc Illimit\u00e9 Early Bird (Copy) - Chamonix Ski Passes and Early Bird passes","og_description":"Pour une dur\u00e9e limit\u00e9e - DISPONIBLE \u00c0 L'ACHAT MAINTENANT \u00c9TAPE 1 - Choisissez et payez votre ou vos laissez-passer  \u00c9TAPE 2 - Consultez votre courrier \u00e9lectronique pour obtenir la confirmation de la commande  \u00c9TAPE 3 - Attendez notre courriel contenant votre (vos) code(s) QR.  \u00c9TAPE 4 - Obtenez vos laissez-passer avec le code QR \u00e0 nos \"Pick up boxes\" sans faire la queue. (nous vous envoyons un plan)  \u00c9TAPE 5 - Passez un excellent moment ! Veuillez consulter les conditions g\u00e9n\u00e9rales d'utilisation  Si vous achetez des laissez-passer familiaux, deux adultes et deux enfants sont inclus. Pour les enfants suppl\u00e9mentaires, veuillez s\u00e9lectionner les badges n\u00e9cessaires dans les cases \u00e0 cocher pour ajouter les enfants et v\u00e9rifier l'assurance pour chacun d'entre eux si n\u00e9cessaire.  HOT LINE CLIENTS +33 (0) 7 72 69 19 38 HOT LINE CLIENTS +33 (0) 7 72 69 19 38","og_url":"https:\/\/old.chamonixskipasses.com\/fr\/produit\/mont-blanc-illimite-early-bird-copy\/","og_site_name":"Chamonix Ski Passes and Early Bird passes","article_publisher":"https:\/\/www.facebook.com\/chamonixskipasses","article_modified_time":"2025-09-04T09:41:10+00:00","og_image":[{"width":358,"height":494,"url":"https:\/\/old.chamonixskipasses.com\/wp-content\/uploads\/2023\/09\/cham-eb-1-1.jpg","type":"image\/jpeg"}],"twitter_card":"summary_large_image","twitter_site":"@chamonixpasses","twitter_misc":{"Dur\u00e9e de lecture estim\u00e9e":"6 minutes"},"schema":{"@context":"https:\/\/schema.org","@graph":[{"@type":"WebPage","@id":"https:\/\/old.chamonixskipasses.com\/fr\/produit\/mont-blanc-illimite-early-bird-copy\/","url":"https:\/\/old.chamonixskipasses.com\/fr\/produit\/mont-blanc-illimite-early-bird-copy\/","name":"Mont Blanc Illimit\u00e9 Early Bird (Copy) - Chamonix Ski Passes and Early Bird passes","isPartOf":{"@id":"https:\/\/old.chamonixskipasses.com\/#website"},"primaryImageOfPage":{"@id":"https:\/\/old.chamonixskipasses.com\/fr\/produit\/mont-blanc-illimite-early-bird-copy\/#primaryimage"},"image":{"@id":"https:\/\/old.chamonixskipasses.com\/fr\/produit\/mont-blanc-illimite-early-bird-copy\/#primaryimage"},"thumbnailUrl":"https:\/\/old.chamonixskipasses.com\/wp-content\/uploads\/2023\/09\/cham-eb-1-1.jpg","datePublished":"2025-09-04T09:37:22+00:00","dateModified":"2025-09-04T09:41:10+00:00","breadcrumb":{"@id":"https:\/\/old.chamonixskipasses.com\/fr\/produit\/mont-blanc-illimite-early-bird-copy\/#breadcrumb"},"inLanguage":"fr-FR","potentialAction":[{"@type":"ReadAction","target":["https:\/\/old.chamonixskipasses.com\/fr\/produit\/mont-blanc-illimite-early-bird-copy\/"]}]},{"@type":"ImageObject","inLanguage":"fr-FR","@id":"https:\/\/old.chamonixskipasses.com\/fr\/produit\/mont-blanc-illimite-early-bird-copy\/#primaryimage","url":"https:\/\/old.chamonixskipasses.com\/wp-content\/uploads\/2023\/09\/cham-eb-1-1.jpg","contentUrl":"https:\/\/old.chamonixskipasses.com\/wp-content\/uploads\/2023\/09\/cham-eb-1-1.jpg","width":358,"height":494,"caption":"Mont Blanc Unlimited Early Bird"},{"@type":"BreadcrumbList","@id":"https:\/\/old.chamonixskipasses.com\/fr\/produit\/mont-blanc-illimite-early-bird-copy\/#breadcrumb","itemListElement":[{"@type":"ListItem","position":1,"name":"Home","item":"https:\/\/old.chamonixskipasses.com\/fr\/nouvelle-maison\/"},{"@type":"ListItem","position":2,"name":"Boutique","item":"https:\/\/old.chamonixskipasses.com\/fr\/boutique\/"},{"@type":"ListItem","position":3,"name":"Mont Blanc Illimit\u00e9 Early Bird (Copy)"}]},{"@type":"WebSite","@id":"https:\/\/old.chamonixskipasses.com\/#website","url":"https:\/\/old.chamonixskipasses.com\/","name":"Chamonix Ski Passes and Early Bird passes","description":"Official Chamonix lift passes","publisher":{"@id":"https:\/\/old.chamonixskipasses.com\/#organization"},"potentialAction":[{"@type":"SearchAction","target":{"@type":"EntryPoint","urlTemplate":"https:\/\/old.chamonixskipasses.com\/?s={search_term_string}"},"query-input":{"@type":"PropertyValueSpecification","valueRequired":true,"valueName":"search_term_string"}}],"inLanguage":"fr-FR"},{"@type":"Organization","@id":"https:\/\/old.chamonixskipasses.com\/#organization","name":"Chamonix Ski Passes and Early Bird passes","url":"https:\/\/old.chamonixskipasses.com\/","logo":{"@type":"ImageObject","inLanguage":"fr-FR","@id":"https:\/\/old.chamonixskipasses.com\/#\/schema\/logo\/image\/","url":"https:\/\/old.chamonixskipasses.com\/wp-content\/uploads\/2024\/12\/color-fav.png","contentUrl":"https:\/\/old.chamonixskipasses.com\/wp-content\/uploads\/2024\/12\/color-fav.png","width":304,"height":305,"caption":"Chamonix Ski Passes and Early Bird passes"},"image":{"@id":"https:\/\/old.chamonixskipasses.com\/#\/schema\/logo\/image\/"},"sameAs":["https:\/\/www.facebook.com\/chamonixskipasses","https:\/\/x.com\/chamonixpasses","https:\/\/www.instagram.com\/chamonixskipasses\/","https:\/\/www.linkedin.com\/company\/chamonix-ski-passes\/about\/"]}]}},"_links":{"self":[{"href":"https:\/\/old.chamonixskipasses.com\/fr\/wp-json\/wp\/v2\/product\/14916","targetHints":{"allow":["GET"]}}],"collection":[{"href":"https:\/\/old.chamonixskipasses.com\/fr\/wp-json\/wp\/v2\/product"}],"about":[{"href":"https:\/\/old.chamonixskipasses.com\/fr\/wp-json\/wp\/v2\/types\/product"}],"replies":[{"embeddable":true,"href":"https:\/\/old.chamonixskipasses.com\/fr\/wp-json\/wp\/v2\/comments?post=14916"}],"wp:featuredmedia":[{"embeddable":true,"href":"https:\/\/old.chamonixskipasses.com\/fr\/wp-json\/wp\/v2\/media\/4155"}],"wp:attachment":[{"href":"https:\/\/old.chamonixskipasses.com\/fr\/wp-json\/wp\/v2\/media?parent=14916"}],"wp:term":[{"taxonomy":"product_brand","embeddable":true,"href":"https:\/\/old.chamonixskipasses.com\/fr\/wp-json\/wp\/v2\/product_brand?post=14916"},{"taxonomy":"product_cat","embeddable":true,"href":"https:\/\/old.chamonixskipasses.com\/fr\/wp-json\/wp\/v2\/product_cat?post=14916"},{"taxonomy":"product_tag","embeddable":true,"href":"https:\/\/old.chamonixskipasses.com\/fr\/wp-json\/wp\/v2\/product_tag?post=14916"}],"curies":[{"name":"wp","href":"https:\/\/api.w.org\/{rel}","templated":true}]}}