{"id":5905,"date":"2024-07-19T11:58:31","date_gmt":"2024-07-19T11:58:31","guid":{"rendered":"https:\/\/chamonixskipasses.com\/?post_type=product&#038;p=5905"},"modified":"2024-07-19T13:25:40","modified_gmt":"2024-07-19T13:25:40","slug":"mont-blanc-unlimited-first-snow-copy-copy-2","status":"publish","type":"product","link":"https:\/\/old.chamonixskipasses.com\/fr\/produit\/mont-blanc-unlimited-first-snow-copy-copy-2\/","title":{"rendered":"Mont Blanc Unlimited First Snow (Copy) (Copy)"},"content":{"rendered":"<p>HIVER 2023 \u00ab PREMI\u00c8RE NEIGE \u00bb<\/p>\n<p>Du 19 novembre au 16 d\u00e9cembre 2023<\/p>\n<p>Acc\u00e8s illimit\u00e9 aux domaines skiables de Chamonix : secteur Le Br\u00e9vent-La Fl\u00e9g\u00e8re (Chamonix), secteur Balme (Tour \u2013 Vallorcine), secteur Grand Montets (Argenti\u00e8re), Les Planards, Le Savoy, Les Chosalets, La Vormaine (Zones familiales en basse altitude)<\/p>\n<p>MONT-BLANC Unlimited \u2013 le double de d\u00e9nivel\u00e9 avec tous les domaines inclus dans le Chamonix Le Pass, plus :<\/p>\n<p>Les domaines skiables disponibles avec le CHAMONIX Le Pass, ainsi qu&rsquo;un acc\u00e8s illimit\u00e9 \u00e0 la t\u00e9l\u00e9cabine de l&rsquo;Aiguille du Midi, au train et \u00e0 la t\u00e9l\u00e9cabine du Montenvers (avec l&rsquo;entr\u00e9e dans la grotte de glace), au domaine Les Houches, \u00e0 Meg\u00e8ve Evasion Mont-Blanc, \u00e0 CransMontana, \u00e0 Funivie Monte Bianco &amp; Sky Way (Italie).<\/p>\n<p>Les prix sont indiqu\u00e9s pour les badges, le nombre de jours et l&rsquo;assurance. Vous recevrez un e-mail avec un code QR et aux \u00ab\u00a0Pick up boxes\u00a0\u00bb situ\u00e9s dans toute la vall\u00e9e, vous scannez le code depuis votre smartphone et les forfaits seront imprim\u00e9s pour vous sans faire la queue ni stress.<\/p>\n<p>Les forfaits de 10 jours ou plus seront remis en main propre sur place avant votre s\u00e9ance de ski ou \u00e0 votre h\u00f4tel, chalet ou appartement.<\/p>\n<p>LES PASSES FAMILIALES incluent 2 adultes et 2 enfants (de 5 \u00e0 14 ans) plus jusqu&rsquo;\u00e0 4 enfants suppl\u00e9mentaires gratuits, sauf pour le co\u00fbt du badge \u00e0 3,00 \u20ac chacun, plus l&rsquo;assurance E-gloo si n\u00e9cessaire \u00e0 3,50 \u20ac par passe par jour. Les enfants de moins de 5 ans ont droit \u00e0 des forfaits gratuits qui peuvent \u00eatre retir\u00e9s \u00e0 n&rsquo;importe quelle station de remont\u00e9e m\u00e9canique.<\/p>\n<p>Les d\u00e9tails de l&rsquo;assurance E-gloo sur la couverture et les r\u00e9clamations se trouvent en cliquant <a href=\"https:\/\/www.e-gloo.eu\/english\/assurance-ski.php\">ici<\/a>.<\/p>\n<p>Nous vous recommandons de souscrire une assurance voyage couvrant votre voyage, votre h\u00e9bergement et vos activit\u00e9s pour vos vacances.<\/p>\n<p>Les enfants de moins de 5 ans b\u00e9n\u00e9ficient de forfaits gratuits qui peuvent \u00eatre retir\u00e9s \u00e0 n&rsquo;importe quelle station de remont\u00e9e m\u00e9canique.<\/p>\n<p>AVANTAGES D&rsquo;ACC\u00c8S &amp; TRANSPORT :<\/p>\n<p>\u2013 Acc\u00e8s au Cin\u00e9ma Vox<br \/>\n\u2013 Exp\u00e9rience cin\u00e9matographique immersive en 4D<br \/>\n\u2013 Acc\u00e8s \u00e0 Crans Montana (Suisse)<br \/>\n\u2013 Acc\u00e8s Cham Val&rsquo;<br \/>\n\u2013 Acc\u00e8s \u00e0 Courmayeur (Italie)<br \/>\n\u2013 Navettes Meg\u00e8ve Chamonix<br \/>\n\u2013 Acc\u00e8s gratuit aux navettes Chamonix\/Les Houches<br \/>\n\u2013 Acc\u00e8s facile au train express TER Mont-Blanc de et vers Saint-Gervais-les-Bains\/Le Fayet<br \/>\n\u2013 Billet de r\u00e9duction pour le tunnel du Mont-Blanc<\/p>\n<p>Note : Les t\u00e9l\u00e9ph\u00e9riques des Grands Montets sont en construction \u2013 Pour un acc\u00e8s partiel, utilisez la t\u00e9l\u00e9cabine Plan Joran \u00e0 10 places.<\/p>\n<p>Sous r\u00e9serve des termes et conditions<\/p>\n","protected":false},"excerpt":{"rendered":"<p>Ski d&rsquo;avant-saison (si les remont\u00e9es m\u00e9caniques sont ouvertes) du samedi, du 19 novembre au 16 d\u00e9cembre 2023<\/p>\n","protected":false},"featured_media":4104,"comment_status":"closed","ping_status":"closed","template":"","meta":{"_acf_changed":false},"product_brand":[],"product_cat":[],"product_tag":[],"class_list":{"0":"post-5905","1":"product","2":"type-product","3":"status-publish","4":"has-post-thumbnail","6":"tm-has-options","8":"first","9":"instock","10":"shipping-taxable","11":"purchasable","12":"product-type-simple"},"acf":[],"yoast_head":"<!-- This site is optimized with the Yoast SEO plugin v25.9 - https:\/\/yoast.com\/wordpress\/plugins\/seo\/ -->\n<title>Mont Blanc Unlimited First Snow (Copy) (Copy) Ski Passes<\/title>\n<meta name=\"description\" content=\"The Mont Blanc Unlimited First Snow lift pass is discounted for skiing in Chamonix subject to early snowfall and lift opening\" \/>\n<meta name=\"robots\" content=\"index, follow, max-snippet:-1, max-image-preview:large, max-video-preview:-1\" \/>\n<link rel=\"canonical\" href=\"https:\/\/old.chamonixskipasses.com\/fr\/produit\/mont-blanc-unlimited-first-snow-copy-copy-2\/\" \/>\n<meta property=\"og:locale\" content=\"fr_FR\" \/>\n<meta property=\"og:type\" content=\"article\" \/>\n<meta property=\"og:title\" content=\"Mont Blanc Unlimited First Snow (Copy) (Copy) Ski Passes\" \/>\n<meta property=\"og:description\" content=\"The Mont Blanc Unlimited First Snow lift pass is discounted for skiing in Chamonix subject to early snowfall and lift opening\" \/>\n<meta property=\"og:url\" content=\"https:\/\/old.chamonixskipasses.com\/fr\/produit\/mont-blanc-unlimited-first-snow-copy-copy-2\/\" \/>\n<meta property=\"og:site_name\" content=\"Chamonix Ski Passes and Early Bird passes\" \/>\n<meta property=\"article:publisher\" content=\"https:\/\/www.facebook.com\/chamonixskipasses\" \/>\n<meta property=\"article:modified_time\" content=\"2024-07-19T13:25:40+00:00\" \/>\n<meta property=\"og:image\" content=\"https:\/\/old.chamonixskipasses.com\/wp-content\/uploads\/2023\/09\/mbu_hs.jpg\" \/>\n\t<meta property=\"og:image:width\" content=\"800\" \/>\n\t<meta property=\"og:image:height\" content=\"234\" \/>\n\t<meta property=\"og:image:type\" content=\"image\/jpeg\" \/>\n<meta name=\"twitter:card\" content=\"summary_large_image\" \/>\n<meta name=\"twitter:site\" content=\"@chamonixpasses\" \/>\n<meta name=\"twitter:label1\" content=\"Dur\u00e9e de lecture estim\u00e9e\" \/>\n\t<meta name=\"twitter:data1\" content=\"3 minutes\" \/>\n<script type=\"application\/ld+json\" class=\"yoast-schema-graph\">{\"@context\":\"https:\/\/schema.org\",\"@graph\":[{\"@type\":\"WebPage\",\"@id\":\"https:\/\/old.chamonixskipasses.com\/fr\/produit\/mont-blanc-unlimited-first-snow-copy-copy-2\/\",\"url\":\"https:\/\/old.chamonixskipasses.com\/fr\/produit\/mont-blanc-unlimited-first-snow-copy-copy-2\/\",\"name\":\"Mont Blanc Unlimited First Snow (Copy) (Copy) Ski Passes\",\"isPartOf\":{\"@id\":\"https:\/\/old.chamonixskipasses.com\/#website\"},\"primaryImageOfPage\":{\"@id\":\"https:\/\/old.chamonixskipasses.com\/fr\/produit\/mont-blanc-unlimited-first-snow-copy-copy-2\/#primaryimage\"},\"image\":{\"@id\":\"https:\/\/old.chamonixskipasses.com\/fr\/produit\/mont-blanc-unlimited-first-snow-copy-copy-2\/#primaryimage\"},\"thumbnailUrl\":\"https:\/\/old.chamonixskipasses.com\/wp-content\/uploads\/2023\/09\/mbu_hs.jpg\",\"datePublished\":\"2024-07-19T11:58:31+00:00\",\"dateModified\":\"2024-07-19T13:25:40+00:00\",\"description\":\"The Mont Blanc Unlimited First Snow lift pass is discounted for skiing in Chamonix subject to early snowfall and lift opening\",\"breadcrumb\":{\"@id\":\"https:\/\/old.chamonixskipasses.com\/fr\/produit\/mont-blanc-unlimited-first-snow-copy-copy-2\/#breadcrumb\"},\"inLanguage\":\"fr-FR\",\"potentialAction\":[{\"@type\":\"ReadAction\",\"target\":[\"https:\/\/old.chamonixskipasses.com\/fr\/produit\/mont-blanc-unlimited-first-snow-copy-copy-2\/\"]}]},{\"@type\":\"ImageObject\",\"inLanguage\":\"fr-FR\",\"@id\":\"https:\/\/old.chamonixskipasses.com\/fr\/produit\/mont-blanc-unlimited-first-snow-copy-copy-2\/#primaryimage\",\"url\":\"https:\/\/old.chamonixskipasses.com\/wp-content\/uploads\/2023\/09\/mbu_hs.jpg\",\"contentUrl\":\"https:\/\/old.chamonixskipasses.com\/wp-content\/uploads\/2023\/09\/mbu_hs.jpg\",\"width\":800,\"height\":234},{\"@type\":\"BreadcrumbList\",\"@id\":\"https:\/\/old.chamonixskipasses.com\/fr\/produit\/mont-blanc-unlimited-first-snow-copy-copy-2\/#breadcrumb\",\"itemListElement\":[{\"@type\":\"ListItem\",\"position\":1,\"name\":\"Home\",\"item\":\"https:\/\/old.chamonixskipasses.com\/fr\/nouvelle-maison\/\"},{\"@type\":\"ListItem\",\"position\":2,\"name\":\"Boutique\",\"item\":\"https:\/\/old.chamonixskipasses.com\/fr\/boutique\/\"},{\"@type\":\"ListItem\",\"position\":3,\"name\":\"Mont Blanc Unlimited First Snow (Copy) (Copy)\"}]},{\"@type\":\"WebSite\",\"@id\":\"https:\/\/old.chamonixskipasses.com\/#website\",\"url\":\"https:\/\/old.chamonixskipasses.com\/\",\"name\":\"Chamonix Ski Passes and Early Bird passes\",\"description\":\"Official Chamonix lift passes\",\"publisher\":{\"@id\":\"https:\/\/old.chamonixskipasses.com\/#organization\"},\"potentialAction\":[{\"@type\":\"SearchAction\",\"target\":{\"@type\":\"EntryPoint\",\"urlTemplate\":\"https:\/\/old.chamonixskipasses.com\/?s={search_term_string}\"},\"query-input\":{\"@type\":\"PropertyValueSpecification\",\"valueRequired\":true,\"valueName\":\"search_term_string\"}}],\"inLanguage\":\"fr-FR\"},{\"@type\":\"Organization\",\"@id\":\"https:\/\/old.chamonixskipasses.com\/#organization\",\"name\":\"Chamonix Ski Passes and Early Bird passes\",\"url\":\"https:\/\/old.chamonixskipasses.com\/\",\"logo\":{\"@type\":\"ImageObject\",\"inLanguage\":\"fr-FR\",\"@id\":\"https:\/\/old.chamonixskipasses.com\/#\/schema\/logo\/image\/\",\"url\":\"https:\/\/old.chamonixskipasses.com\/wp-content\/uploads\/2024\/12\/color-fav.png\",\"contentUrl\":\"https:\/\/old.chamonixskipasses.com\/wp-content\/uploads\/2024\/12\/color-fav.png\",\"width\":304,\"height\":305,\"caption\":\"Chamonix Ski Passes and Early Bird passes\"},\"image\":{\"@id\":\"https:\/\/old.chamonixskipasses.com\/#\/schema\/logo\/image\/\"},\"sameAs\":[\"https:\/\/www.facebook.com\/chamonixskipasses\",\"https:\/\/x.com\/chamonixpasses\",\"https:\/\/www.instagram.com\/chamonixskipasses\/\",\"https:\/\/www.linkedin.com\/company\/chamonix-ski-passes\/about\/\"]}]}<\/script>\n<!-- \/ Yoast SEO plugin. -->","yoast_head_json":{"title":"Mont Blanc Unlimited First Snow (Copy) (Copy) Ski Passes","description":"The Mont Blanc Unlimited First Snow lift pass is discounted for skiing in Chamonix subject to early snowfall and lift opening","robots":{"index":"index","follow":"follow","max-snippet":"max-snippet:-1","max-image-preview":"max-image-preview:large","max-video-preview":"max-video-preview:-1"},"canonical":"https:\/\/old.chamonixskipasses.com\/fr\/produit\/mont-blanc-unlimited-first-snow-copy-copy-2\/","og_locale":"fr_FR","og_type":"article","og_title":"Mont Blanc Unlimited First Snow (Copy) (Copy) Ski Passes","og_description":"The Mont Blanc Unlimited First Snow lift pass is discounted for skiing in Chamonix subject to early snowfall and lift opening","og_url":"https:\/\/old.chamonixskipasses.com\/fr\/produit\/mont-blanc-unlimited-first-snow-copy-copy-2\/","og_site_name":"Chamonix Ski Passes and Early Bird passes","article_publisher":"https:\/\/www.facebook.com\/chamonixskipasses","article_modified_time":"2024-07-19T13:25:40+00:00","og_image":[{"width":800,"height":234,"url":"https:\/\/old.chamonixskipasses.com\/wp-content\/uploads\/2023\/09\/mbu_hs.jpg","type":"image\/jpeg"}],"twitter_card":"summary_large_image","twitter_site":"@chamonixpasses","twitter_misc":{"Dur\u00e9e de lecture estim\u00e9e":"3 minutes"},"schema":{"@context":"https:\/\/schema.org","@graph":[{"@type":"WebPage","@id":"https:\/\/old.chamonixskipasses.com\/fr\/produit\/mont-blanc-unlimited-first-snow-copy-copy-2\/","url":"https:\/\/old.chamonixskipasses.com\/fr\/produit\/mont-blanc-unlimited-first-snow-copy-copy-2\/","name":"Mont Blanc Unlimited First Snow (Copy) (Copy) Ski Passes","isPartOf":{"@id":"https:\/\/old.chamonixskipasses.com\/#website"},"primaryImageOfPage":{"@id":"https:\/\/old.chamonixskipasses.com\/fr\/produit\/mont-blanc-unlimited-first-snow-copy-copy-2\/#primaryimage"},"image":{"@id":"https:\/\/old.chamonixskipasses.com\/fr\/produit\/mont-blanc-unlimited-first-snow-copy-copy-2\/#primaryimage"},"thumbnailUrl":"https:\/\/old.chamonixskipasses.com\/wp-content\/uploads\/2023\/09\/mbu_hs.jpg","datePublished":"2024-07-19T11:58:31+00:00","dateModified":"2024-07-19T13:25:40+00:00","description":"The Mont Blanc Unlimited First Snow lift pass is discounted for skiing in Chamonix subject to early snowfall and lift opening","breadcrumb":{"@id":"https:\/\/old.chamonixskipasses.com\/fr\/produit\/mont-blanc-unlimited-first-snow-copy-copy-2\/#breadcrumb"},"inLanguage":"fr-FR","potentialAction":[{"@type":"ReadAction","target":["https:\/\/old.chamonixskipasses.com\/fr\/produit\/mont-blanc-unlimited-first-snow-copy-copy-2\/"]}]},{"@type":"ImageObject","inLanguage":"fr-FR","@id":"https:\/\/old.chamonixskipasses.com\/fr\/produit\/mont-blanc-unlimited-first-snow-copy-copy-2\/#primaryimage","url":"https:\/\/old.chamonixskipasses.com\/wp-content\/uploads\/2023\/09\/mbu_hs.jpg","contentUrl":"https:\/\/old.chamonixskipasses.com\/wp-content\/uploads\/2023\/09\/mbu_hs.jpg","width":800,"height":234},{"@type":"BreadcrumbList","@id":"https:\/\/old.chamonixskipasses.com\/fr\/produit\/mont-blanc-unlimited-first-snow-copy-copy-2\/#breadcrumb","itemListElement":[{"@type":"ListItem","position":1,"name":"Home","item":"https:\/\/old.chamonixskipasses.com\/fr\/nouvelle-maison\/"},{"@type":"ListItem","position":2,"name":"Boutique","item":"https:\/\/old.chamonixskipasses.com\/fr\/boutique\/"},{"@type":"ListItem","position":3,"name":"Mont Blanc Unlimited First Snow (Copy) (Copy)"}]},{"@type":"WebSite","@id":"https:\/\/old.chamonixskipasses.com\/#website","url":"https:\/\/old.chamonixskipasses.com\/","name":"Chamonix Ski Passes and Early Bird passes","description":"Official Chamonix lift passes","publisher":{"@id":"https:\/\/old.chamonixskipasses.com\/#organization"},"potentialAction":[{"@type":"SearchAction","target":{"@type":"EntryPoint","urlTemplate":"https:\/\/old.chamonixskipasses.com\/?s={search_term_string}"},"query-input":{"@type":"PropertyValueSpecification","valueRequired":true,"valueName":"search_term_string"}}],"inLanguage":"fr-FR"},{"@type":"Organization","@id":"https:\/\/old.chamonixskipasses.com\/#organization","name":"Chamonix Ski Passes and Early Bird passes","url":"https:\/\/old.chamonixskipasses.com\/","logo":{"@type":"ImageObject","inLanguage":"fr-FR","@id":"https:\/\/old.chamonixskipasses.com\/#\/schema\/logo\/image\/","url":"https:\/\/old.chamonixskipasses.com\/wp-content\/uploads\/2024\/12\/color-fav.png","contentUrl":"https:\/\/old.chamonixskipasses.com\/wp-content\/uploads\/2024\/12\/color-fav.png","width":304,"height":305,"caption":"Chamonix Ski Passes and Early Bird passes"},"image":{"@id":"https:\/\/old.chamonixskipasses.com\/#\/schema\/logo\/image\/"},"sameAs":["https:\/\/www.facebook.com\/chamonixskipasses","https:\/\/x.com\/chamonixpasses","https:\/\/www.instagram.com\/chamonixskipasses\/","https:\/\/www.linkedin.com\/company\/chamonix-ski-passes\/about\/"]}]}},"_links":{"self":[{"href":"https:\/\/old.chamonixskipasses.com\/fr\/wp-json\/wp\/v2\/product\/5905","targetHints":{"allow":["GET"]}}],"collection":[{"href":"https:\/\/old.chamonixskipasses.com\/fr\/wp-json\/wp\/v2\/product"}],"about":[{"href":"https:\/\/old.chamonixskipasses.com\/fr\/wp-json\/wp\/v2\/types\/product"}],"replies":[{"embeddable":true,"href":"https:\/\/old.chamonixskipasses.com\/fr\/wp-json\/wp\/v2\/comments?post=5905"}],"wp:featuredmedia":[{"embeddable":true,"href":"https:\/\/old.chamonixskipasses.com\/fr\/wp-json\/wp\/v2\/media\/4104"}],"wp:attachment":[{"href":"https:\/\/old.chamonixskipasses.com\/fr\/wp-json\/wp\/v2\/media?parent=5905"}],"wp:term":[{"taxonomy":"product_brand","embeddable":true,"href":"https:\/\/old.chamonixskipasses.com\/fr\/wp-json\/wp\/v2\/product_brand?post=5905"},{"taxonomy":"product_cat","embeddable":true,"href":"https:\/\/old.chamonixskipasses.com\/fr\/wp-json\/wp\/v2\/product_cat?post=5905"},{"taxonomy":"product_tag","embeddable":true,"href":"https:\/\/old.chamonixskipasses.com\/fr\/wp-json\/wp\/v2\/product_tag?post=5905"}],"curies":[{"name":"wp","href":"https:\/\/api.w.org\/{rel}","templated":true}]}}